{"id":61515,"date":"2022-05-09T00:00:00","date_gmt":"2022-05-08T22:00:00","guid":{"rendered":"https:\/\/2025.teleskopshop.ch\/shop\/non%20class\u00e9\/barr-stroud-fernglasset-vogelbeobachtung-for-dummies\/"},"modified":"2025-01-25T11:48:19","modified_gmt":"2025-01-25T10:48:19","slug":"barr-stroud-fernglasset-vogelbeobachtung-for-dummies","status":"publish","type":"product","link":"https:\/\/www.teleskopshop.ch\/fr\/shop\/optique\/jumelles-et-lunettes-dopera\/jumelles\/jumelles-barr-stroud\/barr-stroud-fernglasset-vogelbeobachtung-for-dummies\/","title":{"rendered":"Barr &amp; Stroud Bird Watching Jumelles \u00ab\u00a0Pour les Nuls\u00a0\u00bb"},"content":{"rendered":"<p>Bienvenue dans l&rsquo;ensemble d&rsquo;observation d&rsquo;oiseaux Barr &amp; Stroud pour les nuls. Vous pouvez tout lire sur l&rsquo;observation des oiseaux, mais la meilleure m\u00e9thode consiste \u00e0 sortir et \u00e0 commencer. Cet ensemble vous guidera dans la bonne direction. Si vous souhaitez apprendre les bases de l&rsquo;ornithologie vous \u00eates au bon endroit, tout ce dont vous avez besoin pour d\u00e9buter est inclus dans ce coffret ! L&rsquo;ensemble Barr &amp; Stroud comprend le livre \u00ab\u00a0Bird Watching for Dummies\u00a0\u00bb \u00e9crit par Bill Thompson. Le livre est con\u00e7u pour vous aider \u00e0 d\u00e9marrer, en expliquant la terminologie et en vous donnant une id\u00e9e de la fascination de l&rsquo;observation des oiseaux. L&rsquo;ensemble comprend \u00e9galement des jumelles Barr &amp; Stroud Skyline qui sont parfaites pour ce passe-temps, vous avez donc tout ce dont vous avez besoin pour commencer. Vous pouvez lire les sp\u00e9cifications pour vous assurer que ces jumelles sont le bon choix pour cela, ou tout simplement ne pas nous croire et les essayer par vous-m\u00eame. Cet ensemble est vraiment un moyen facile d&rsquo;en apprendre davantage sur le monde de l&rsquo;ornithologie &#8211; amusez-vous simplement avec ! Contenu de la livraison : Jumelles 8&#215;42 Sangle de transport Sac Capuchons anti-poussi\u00e8re Livre \u00ab L&rsquo;observation des oiseaux pour les nuls \u00bb L&rsquo;alimentation et les piles ne sont pas incluses !<\/p>\n<p>G\u00e9n\u00e9ral<\/p>\n<table>\n<tr>\n<td>Poids<\/td>\n<p> d&rsquo;exp\u00e9dition <\/p>\n<td>1,1 kg<\/td>\n<\/tr>\n<\/table>\n<table>\n<tr>\n<td>Taille<\/td>\n<p> d&rsquo;exp\u00e9dition <\/p>\n<td>20x25x10cm<\/td>\n<\/tr>\n<\/table>\n<p>Donn\u00e9es : Barr &amp; Stroud<\/p>\n<table>\n<tr>\n<td>Type<\/td>\n<td>bord de toit<\/td>\n<\/tr>\n<\/table>\n<table>\n<tr>\n<td>Grossissement<\/td>\n<td>8x<\/td>\n<\/tr>\n<\/table>\n<table>\n<tr>\n<td>Diam\u00e8tre de l&rsquo;objectif (mm)<\/td>\n<td>42<\/td>\n<\/tr>\n<\/table>\n<table>\n<tr>\n<td>Pupille de sortie (mm)<\/td>\n<td>5,25<\/td>\n<\/tr>\n<\/table>\n<table>\n<tr>Syst\u00e8me <\/p>\n<td>de<\/td>\n<td>mise au point central<\/td>\n<\/tr>\n<\/table>\n<table>\n<tr>Types de <\/p>\n<td>verre<\/td>\n<td>BaK-4<\/td>\n<\/tr>\n<\/table>\n<table>\n<tr>\n<td>Cr\u00e9puscule<\/td>\n<td>num\u00e9ro 18.33<\/td>\n<\/tr>\n<\/table>\n<table>\n<tr>\n<td>Intensit\u00e9<\/td>\n<p> lumineuse <\/p>\n<td>27.04<\/td>\n<\/tr>\n<\/table>\n<table>\n<tr>\n<td>Couche de lentille<\/td>\n<td>multicouche<\/td>\n<\/tr>\n<\/table>\n<table>\n<tr>\n<td>Distance interpupillaire r\u00e9glable (mm)<\/td>\n<td>56-74<\/td>\n<\/tr>\n<\/table>\n<table>\n<tr>Champ <\/p>\n<td>de vision \u00e0 1000m<\/td>\n<td>119m<\/td>\n<\/tr>\n<\/table>\n<table>\n<tr>\n<td>Distance minimale de mise au point (m)<\/td>\n<td>\n<table>\n<tr>\n<td>R\u00e9sistant aux \u00e9claboussures<\/td>\n<td>oui<\/td>\n<\/tr>\n<\/table>\n<table>\n<tr>\n<td>Remplissage d&rsquo;azote (oui \/ non)<\/td>\n<td>oui<\/td>\n<\/tr>\n<\/table>\n","protected":false},"excerpt":{"rendered":"<p>Jumelles Barr &amp; Stroud Skyline 8&#215;42 avec livre<\/p>\n","protected":false},"featured_media":6278,"comment_status":"closed","ping_status":"open","template":"","meta":{"_acf_changed":false},"product_brand":[684],"product_cat":[1345,1348,1342,1339],"product_tag":[],"class_list":{"0":"post-61515","1":"product","2":"type-product","3":"status-publish","4":"has-post-thumbnail","6":"product_brand-barr-stroud","7":"product_cat-jumelles","8":"product_cat-jumelles-barr-stroud","9":"product_cat-jumelles-et-lunettes-dopera","10":"product_cat-optique","12":"first","13":"instock","14":"taxable","15":"shipping-taxable","16":"purchasable","17":"product-type-simple"},"acf":[],"_links":{"self":[{"href":"https:\/\/www.teleskopshop.ch\/fr\/wp-json\/wp\/v2\/product\/61515","targetHints":{"allow":["GET"]}}],"collection":[{"href":"https:\/\/www.teleskopshop.ch\/fr\/wp-json\/wp\/v2\/product"}],"about":[{"href":"https:\/\/www.teleskopshop.ch\/fr\/wp-json\/wp\/v2\/types\/product"}],"replies":[{"embeddable":true,"href":"https:\/\/www.teleskopshop.ch\/fr\/wp-json\/wp\/v2\/comments?post=61515"}],"wp:featuredmedia":[{"embeddable":true,"href":"https:\/\/www.teleskopshop.ch\/fr\/wp-json\/wp\/v2\/media\/6278"}],"wp:attachment":[{"href":"https:\/\/www.teleskopshop.ch\/fr\/wp-json\/wp\/v2\/media?parent=61515"}],"wp:term":[{"taxonomy":"product_brand","embeddable":true,"href":"https:\/\/www.teleskopshop.ch\/fr\/wp-json\/wp\/v2\/product_brand?post=61515"},{"taxonomy":"product_cat","embeddable":true,"href":"https:\/\/www.teleskopshop.ch\/fr\/wp-json\/wp\/v2\/product_cat?post=61515"},{"taxonomy":"product_tag","embeddable":true,"href":"https:\/\/www.teleskopshop.ch\/fr\/wp-json\/wp\/v2\/product_tag?post=61515"}],"curies":[{"name":"wp","href":"https:\/\/api.w.org\/{rel}","templated":true}]}}