{"id":61512,"date":"2022-05-09T00:00:00","date_gmt":"2022-05-08T22:00:00","guid":{"rendered":"https:\/\/2025.teleskopshop.ch\/shop\/non%20class\u00e9\/barr-stroud-fernglas-skyline-8x42-dachkant\/"},"modified":"2025-01-25T11:48:23","modified_gmt":"2025-01-25T10:48:23","slug":"barr-stroud-fernglas-skyline-8x42-dachkant","status":"publish","type":"product","link":"https:\/\/www.teleskopshop.ch\/fr\/shop\/optique\/jumelles-et-lunettes-dopera\/jumelles\/jumelles-barr-stroud\/barr-stroud-fernglas-skyline-8x42-dachkant\/","title":{"rendered":"Jumelles Barr &amp; Stroud Skyline 8&#215;42 prisme en toit"},"content":{"rendered":"<p>Barr et Stroud pr\u00e9sentent les jumelles d&rsquo;entr\u00e9e de gamme de la s\u00e9rie Skyline. Ne vous inqui\u00e9tez pas, ce ne sont que des jumelles d&rsquo;entr\u00e9e de gamme, elles sont enti\u00e8rement \u00e9quip\u00e9es. Convainquez-vous en \u00e9tudiant les propri\u00e9t\u00e9s techniques ! Il a des optiques multicouches. Cela signifie qu&rsquo;une plus grande quantit\u00e9 de lumi\u00e8re qui frappe l&rsquo;optique est guid\u00e9e vers l&rsquo;\u0153il de l&rsquo;observateur et l&rsquo;image appara\u00eet plus lumineuse et avec un contraste plus \u00e9lev\u00e9. Il est rempli d&rsquo;azote. Cela signifie que les jumelles ne s&#8217;embueront pas \u00e0 l&rsquo;int\u00e9rieur et que vous pourrez les transporter d&rsquo;une temp\u00e9rature extr\u00eame \u00e0 une autre. C&rsquo;est \u00e9tanche. Il a \u00e9t\u00e9 test\u00e9 dans une profondeur d&rsquo;eau de 1,5 m\u00e8tre pendant 3 minutes et est rest\u00e9 \u00e9tanche. Le verre peut \u00e9galement tomber dans la piscine ou dans un plan d&rsquo;eau et il survivra jusqu&rsquo;\u00e0 ce que vous le retiriez. Il a des prismes BaK-4 de haute qualit\u00e9. Ces prismes permettent un tr\u00e8s bon rendu des couleurs. Comparez cela \u00e0 des jumelles ch\u00e8res ! Ils ont le m\u00eame mat\u00e9riau en verre. Vous b\u00e9n\u00e9ficiez d&rsquo;une garantie de 10 ans. Ces jumelles sont si durables que nous offrons la m\u00eame garantie que nos jumelles haut de gamme. Si vous achetez votre premi\u00e8re paire de jumelles avec un budget limit\u00e9 et que vous voulez des jumelles compl\u00e8tes pour l&rsquo;observation des oiseaux, une journ\u00e9e \u00e0 la course automobile ou un bon compagnon de vacances, alors votre recherche se termine ici&nbsp;! Ces jumelles Barr &amp; Stroud vous offrent tout ce dont vous avez besoin ! Une sangle de transport et un sac sont inclus dans la livraison. Contenu de la livraison : Jumelles 8&#215;42 Sangle de transport Sac Capuchons de protection contre la poussi\u00e8re L&rsquo;alimentation et les piles ne sont pas incluses !<\/p>\n<p>G\u00e9n\u00e9ral<\/p>\n<table>\n<tr>\n<td>Poids<\/td>\n<p> d&rsquo;exp\u00e9dition <\/p>\n<td>0,9<\/td>\n<p> kg<\/tr>\n<\/table>\n<table>\n<tr>\n<td>Taille<\/td>\n<p> d&rsquo;exp\u00e9dition <\/p>\n<td>18x20x8cm<\/td>\n<\/tr>\n<\/table>\n<p>Donn\u00e9es : Barr &amp; Stroud<\/p>\n<table>\n<tr>\n<td>Type<\/td>\n<td>bord de toit<\/td>\n<\/tr>\n<\/table>\n<table>\n<tr>\n<td>Grossissement<\/td>\n<td>8x<\/td>\n<\/tr>\n<\/table>\n<table>\n<tr>\n<td>Diam\u00e8tre de l&rsquo;objectif (mm)<\/td>\n<td>42<\/td>\n<\/tr>\n<\/table>\n<table>\n<tr>\n<td>Pupille de sortie (mm)<\/td>\n<td>5,25<\/td>\n<\/tr>\n<\/table>\n<table>\n<tr>Syst\u00e8me <\/p>\n<td>de<\/td>\n<td>mise au point central<\/td>\n<\/tr>\n<\/table>\n<table>\n<tr>Types de <\/p>\n<td>verre<\/td>\n<td>BaK-4<\/td>\n<\/tr>\n<\/table>\n<table>\n<tr>\n<td>Cr\u00e9puscule<\/td>\n<td>num\u00e9ro 18.33<\/td>\n<\/tr>\n<\/table>\n<table>\n<tr>\n<td>Intensit\u00e9<\/td>\n<p> lumineuse <\/p>\n<td>27.04<\/td>\n<\/tr>\n<\/table>\n<table>\n<tr>\n<td>Couche de lentille<\/td>\n<td>multicouche<\/td>\n<\/tr>\n<\/table>\n<table>\n<tr>D\u00e9gagement <\/p>\n<td>oculaire \u00e0 l&rsquo;oculaire (mm)<\/td>\n<td>17,80<\/td>\n<\/tr>\n<\/table>\n<table>\n<tr>\n<td>Distance interpupillaire r\u00e9glable (mm)<\/td>\n<td>56-74<\/td>\n<\/tr>\n<\/table>\n<table>\n<tr>Champ <\/p>\n<td>de vision \u00e0 1000m<\/td>\n<td>119m<\/td>\n<\/tr>\n<\/table>\n<table>\n<tr>\n<td>Distance minimale de mise au point (m)<\/td>\n<td>\n<table>\n<tr>\n<td>R\u00e9sistant aux \u00e9claboussures<\/td>\n<td>oui<\/td>\n<\/tr>\n<\/table>\n<table>\n<tr>\n<td>Remplissage d&rsquo;azote (oui \/ non)<\/td>\n<td>oui<\/td>\n<\/tr>\n<\/table>\n","protected":false},"excerpt":{"rendered":"<p>Jumelles \u00e0 prisme en toit Barr &amp; Stroud Skyline 8&#215;42 pour d\u00e9butants<\/p>\n","protected":false},"featured_media":6274,"comment_status":"closed","ping_status":"open","template":"","meta":{"_acf_changed":false},"product_brand":[684],"product_cat":[1345,1348,1342,1339],"product_tag":[],"class_list":{"0":"post-61512","1":"product","2":"type-product","3":"status-publish","4":"has-post-thumbnail","6":"product_brand-barr-stroud","7":"product_cat-jumelles","8":"product_cat-jumelles-barr-stroud","9":"product_cat-jumelles-et-lunettes-dopera","10":"product_cat-optique","12":"first","13":"instock","14":"taxable","15":"shipping-taxable","16":"purchasable","17":"product-type-simple"},"acf":[],"_links":{"self":[{"href":"https:\/\/www.teleskopshop.ch\/fr\/wp-json\/wp\/v2\/product\/61512","targetHints":{"allow":["GET"]}}],"collection":[{"href":"https:\/\/www.teleskopshop.ch\/fr\/wp-json\/wp\/v2\/product"}],"about":[{"href":"https:\/\/www.teleskopshop.ch\/fr\/wp-json\/wp\/v2\/types\/product"}],"replies":[{"embeddable":true,"href":"https:\/\/www.teleskopshop.ch\/fr\/wp-json\/wp\/v2\/comments?post=61512"}],"wp:featuredmedia":[{"embeddable":true,"href":"https:\/\/www.teleskopshop.ch\/fr\/wp-json\/wp\/v2\/media\/6274"}],"wp:attachment":[{"href":"https:\/\/www.teleskopshop.ch\/fr\/wp-json\/wp\/v2\/media?parent=61512"}],"wp:term":[{"taxonomy":"product_brand","embeddable":true,"href":"https:\/\/www.teleskopshop.ch\/fr\/wp-json\/wp\/v2\/product_brand?post=61512"},{"taxonomy":"product_cat","embeddable":true,"href":"https:\/\/www.teleskopshop.ch\/fr\/wp-json\/wp\/v2\/product_cat?post=61512"},{"taxonomy":"product_tag","embeddable":true,"href":"https:\/\/www.teleskopshop.ch\/fr\/wp-json\/wp\/v2\/product_tag?post=61512"}],"curies":[{"name":"wp","href":"https:\/\/api.w.org\/{rel}","templated":true}]}}