{"id":61497,"date":"2022-05-09T00:00:00","date_gmt":"2022-05-08T22:00:00","guid":{"rendered":"https:\/\/2025.teleskopshop.ch\/shop\/non%20class\u00e9\/barr-stroud-fernglas-sierra-10x42\/"},"modified":"2025-01-25T11:54:42","modified_gmt":"2025-01-25T10:54:42","slug":"barr-stroud-fernglas-sierra-10x42","status":"publish","type":"product","link":"https:\/\/www.teleskopshop.ch\/fr\/shop\/optique\/jumelles-et-lunettes-dopera\/jumelles\/jumelles-barr-stroud\/barr-stroud-fernglas-sierra-10x42\/","title":{"rendered":"Jumelles Barr &amp; Stroud Sierra 10&#215;42"},"content":{"rendered":"<p>&#8211; Optique enti\u00e8rement multicouche &#8211; \u00c9tanche jusqu&rsquo;\u00e0 une profondeur de 1,5 m pendant environ 3 minutes &#8211; Rempli d&rsquo;azote, emp\u00eache la bu\u00e9e d&rsquo;humidit\u00e9 dans l&rsquo;optique &#8211; Armure en caoutchouc durable &#8211; Bouchons d&rsquo;oculaires amovibles &#8211; Bouchons anti-poussi\u00e8re &#8211; Prismes BaK-4 \u00e0 rev\u00eatement de phase &#8211; \u0152illetons m\u00e9talliques amovibles &#8211; Housse de pluie &#8211; L\u00e9g\u00e8ret\u00e9 gr\u00e2ce au polycarbonate &#8211; \u00e9tui de transport &#8211; sangle de transport &#8211; bouchons d&rsquo;objectif La gamme de jumelles Sierra de Barr &amp; Stroud se caract\u00e9rise par une technologie de pointe et une excellente optique. Ces produits sont \u00e9tanches jusqu&rsquo;\u00e0 1,5 m\u00e8tre de profondeur pendant 3 minutes maximum. Cela exige un degr\u00e9 \u00e9lev\u00e9 de construction qualitative. Ce produit Barr &amp; Stroud peut \u00eatre utilis\u00e9 \u00e0 l&rsquo;ext\u00e9rieur par tous les temps sans aucun probl\u00e8me. Ceci est possible gr\u00e2ce au rev\u00eatement en caoutchouc robuste, qui prot\u00e8ge \u00e9galement contre les \u00e9ventuels chocs et bosses. Toutes les jumelles Sahara comprennent des capuchons d&rsquo;objectif attach\u00e9s, une housse de pluie, un tour de cou et un \u00e9tui de protection.<\/p>\n<p>G\u00e9n\u00e9ral<\/p>\n<table>\n<tr>\n<td>Poids<\/td>\n<p> d&rsquo;exp\u00e9dition <\/p>\n<td>0,95 kg<\/td>\n<\/tr>\n<\/table>\n<table>\n<tr>\n<td>Taille<\/td>\n<p> d&rsquo;exp\u00e9dition <\/p>\n<td>16x8x18.5cm<\/td>\n<\/tr>\n<\/table>\n<p>Donn\u00e9es : Barr &amp; Stroud<\/p>\n<table>\n<tr>\n<td>Type<\/td>\n<td>bord de toit<\/td>\n<\/tr>\n<\/table>\n<table>\n<tr>\n<td>Grossissement<\/td>\n<td>10x<\/td>\n<\/tr>\n<\/table>\n<table>\n<tr>\n<td>Diam\u00e8tre de l&rsquo;objectif (mm)<\/td>\n<td>42<\/td>\n<\/tr>\n<\/table>\n<table>\n<tr>\n<td>Pupille de sortie (mm)<\/td>\n<td>4.10<\/td>\n<\/tr>\n<\/table>\n<table>\n<tr>Syst\u00e8me <\/p>\n<td>de<\/td>\n<td>mise au point central<\/td>\n<\/tr>\n<\/table>\n<table>\n<tr>Types de prismes <\/p>\n<td>en verre<\/td>\n<td>BaK-4<\/td>\n<\/tr>\n<\/table>\n<table>\n<tr>\n<td>Cr\u00e9puscule<\/td>\n<td>num\u00e9ro 20.49<\/td>\n<\/tr>\n<\/table>\n<table>\n<tr>\n<td>Intensit\u00e9<\/td>\n<p> lumineuse <\/p>\n<td>16,81<\/td>\n<\/tr>\n<\/table>\n<table>\n<tr>\n<td>Rev\u00eatement de lentille<\/td>\n<td>FMC<\/td>\n<\/tr>\n<\/table>\n<table>\n<tr>D\u00e9gagement <\/p>\n<td>oculaire \u00e0 l&rsquo;oculaire (mm)<\/td>\n<td>14,20<\/td>\n<\/tr>\n<\/table>\n<table>\n<tr>\n<td>Distance interpupillaire r\u00e9glable (mm)<\/td>\n<td>56-74<\/td>\n<\/tr>\n<\/table>\n<table>\n<tr>Champ <\/p>\n<td>de vision \u00e0 1000m<\/td>\n<td>101m<\/td>\n<\/tr>\n<\/table>\n<table>\n<tr>\n<td>Distance minimale de mise au point (m)<\/td>\n<td>\n<table>\n<tr>\n<td>R\u00e9sistant aux \u00e9claboussures<\/td>\n<td>oui<\/td>\n<\/tr>\n<\/table>\n","protected":false},"excerpt":{"rendered":"<p>Jumelles Barr &amp; Stroud Sierra 10&#215;42<\/p>\n","protected":false},"featured_media":6258,"comment_status":"closed","ping_status":"open","template":"","meta":{"_acf_changed":false},"product_brand":[684],"product_cat":[1345,1348,1342,1339],"product_tag":[],"class_list":{"0":"post-61497","1":"product","2":"type-product","3":"status-publish","4":"has-post-thumbnail","6":"product_brand-barr-stroud","7":"product_cat-jumelles","8":"product_cat-jumelles-barr-stroud","9":"product_cat-jumelles-et-lunettes-dopera","10":"product_cat-optique","12":"first","13":"instock","14":"taxable","15":"shipping-taxable","16":"purchasable","17":"product-type-simple"},"acf":[],"_links":{"self":[{"href":"https:\/\/www.teleskopshop.ch\/fr\/wp-json\/wp\/v2\/product\/61497","targetHints":{"allow":["GET"]}}],"collection":[{"href":"https:\/\/www.teleskopshop.ch\/fr\/wp-json\/wp\/v2\/product"}],"about":[{"href":"https:\/\/www.teleskopshop.ch\/fr\/wp-json\/wp\/v2\/types\/product"}],"replies":[{"embeddable":true,"href":"https:\/\/www.teleskopshop.ch\/fr\/wp-json\/wp\/v2\/comments?post=61497"}],"wp:featuredmedia":[{"embeddable":true,"href":"https:\/\/www.teleskopshop.ch\/fr\/wp-json\/wp\/v2\/media\/6258"}],"wp:attachment":[{"href":"https:\/\/www.teleskopshop.ch\/fr\/wp-json\/wp\/v2\/media?parent=61497"}],"wp:term":[{"taxonomy":"product_brand","embeddable":true,"href":"https:\/\/www.teleskopshop.ch\/fr\/wp-json\/wp\/v2\/product_brand?post=61497"},{"taxonomy":"product_cat","embeddable":true,"href":"https:\/\/www.teleskopshop.ch\/fr\/wp-json\/wp\/v2\/product_cat?post=61497"},{"taxonomy":"product_tag","embeddable":true,"href":"https:\/\/www.teleskopshop.ch\/fr\/wp-json\/wp\/v2\/product_tag?post=61497"}],"curies":[{"name":"wp","href":"https:\/\/api.w.org\/{rel}","templated":true}]}}