{"id":61491,"date":"2022-05-09T00:00:00","date_gmt":"2022-05-08T22:00:00","guid":{"rendered":"https:\/\/2025.teleskopshop.ch\/shop\/non%20class\u00e9\/barr-stroud-fernglas-series-5-ed-8x42\/"},"modified":"2025-01-25T11:54:36","modified_gmt":"2025-01-25T10:54:36","slug":"barr-stroud-fernglas-series-5-ed-8x42","status":"publish","type":"product","link":"https:\/\/www.teleskopshop.ch\/fr\/shop\/optique\/jumelles-et-lunettes-dopera\/jumelles\/jumelles-barr-stroud\/barr-stroud-fernglas-series-5-ed-8x42\/","title":{"rendered":"Jumelles Barr &amp; Stroud S\u00e9rie 5 ED 8&#215;42"},"content":{"rendered":"<p>Jumelles Barr &amp; Stroud S\u00e9rie 5 ED La s\u00e9rie 5 offre la plus haute qualit\u00e9 de jumelles tr\u00e8s pr\u00e9cises pour d&rsquo;excellentes observations. Une haute r\u00e9solution et une vari\u00e9t\u00e9 de contrastes avec une excellente pr\u00e9cision des couleurs sont propos\u00e9es ici. &#8211; Optique enti\u00e8rement multicouche &#8211; \u00c9tanche jusqu&rsquo;\u00e0 une profondeur de 1,5 m pendant environ 3 minutes &#8211; Rempli d&rsquo;azote, emp\u00eache la bu\u00e9e d&rsquo;humidit\u00e9 dans l&rsquo;optique &#8211; Angle de vue (8,1\u00b0 pour 8&#215;42) &#8211; Armure en caoutchouc durable &#8211; Long d\u00e9gagement oculaire pour les porteurs de lunettes &#8211; Capuchons anti-poussi\u00e8re &#8211; Prismes BaK 4 \u00e0 rev\u00eatement phas\u00e9 &#8211; rev\u00eatement de lentille hydrofuge &#8211; housse de pluie &#8211; bo\u00eetier compos\u00e9 d&rsquo;un alliage l\u00e9ger de magn\u00e9sium &#8211; mallette de transport &#8211; sangle de transport &#8211; capuchons d&rsquo;objectif Les nouveaux mod\u00e8les de jumelles de la s\u00e9rie 5 de Barr &amp; Stroud offrent une construction encore meilleure et fonctionnalit\u00e9s. Malgr\u00e9 sa construction l\u00e9g\u00e8re, le bo\u00eetier en magn\u00e9sium est tr\u00e8s robuste et parfaitement adapt\u00e9 \u00e0 une manipulation confortable. L&rsquo;oculaire a un grand d\u00e9gagement oculaire, ce qui le rend tr\u00e8s adapt\u00e9 aux porteurs de lunettes. \u00c9tanche jusqu&rsquo;\u00e0 1,5 m de profondeur pendant 3 minutes maximum. Le rev\u00eatement hydrofuge de la lentille prot\u00e8ge de mani\u00e8re fiable la surface de la lentille, \u00e9tanche jusqu&rsquo;\u00e0 3 minutes, jusqu&rsquo;\u00e0 une profondeur de 1,5 m\u00e8tre. Tous les mod\u00e8les de la s\u00e9rie 5 comprennent des capuchons d&rsquo;objectif attach\u00e9s, une housse de pluie, un tour de cou et un \u00e9tui de protection.<\/p>\n<p>G\u00e9n\u00e9ral<\/p>\n<table>\n<tr>Poids d&rsquo; <\/p>\n<td>exp\u00e9dition<\/td>\n<td>1kg<\/td>\n<\/tr>\n<\/table>\n<table>\n<tr>\n<td>Taille<\/td>\n<p> d&rsquo;exp\u00e9dition <\/p>\n<td>16x8x18.5cm<\/td>\n<\/tr>\n<\/table>\n<p>Donn\u00e9es : Barr &amp; Stroud<\/p>\n<table>\n<tr>\n<td>Type<\/td>\n<td>bord de toit<\/td>\n<\/tr>\n<\/table>\n<table>\n<tr>\n<td>Grossissement<\/td>\n<td>8x<\/td>\n<\/tr>\n<\/table>\n<table>\n<tr>\n<td>Diam\u00e8tre de l&rsquo;objectif (mm)<\/td>\n<td>42<\/td>\n<\/tr>\n<\/table>\n<table>\n<tr>\n<td>Pupille de sortie (mm)<\/td>\n<td>5,25<\/td>\n<\/tr>\n<\/table>\n<table>\n<tr>Syst\u00e8me <\/p>\n<td>de<\/td>\n<td>mise au point central<\/td>\n<\/tr>\n<\/table>\n<table>\n<tr>Types de prismes <\/p>\n<td>en verre<\/td>\n<td>BaK-4<\/td>\n<\/tr>\n<\/table>\n<table>\n<tr>\n<td>Cr\u00e9puscule<\/td>\n<td>num\u00e9ro 18.33<\/td>\n<\/tr>\n<\/table>\n<table>\n<tr>\n<td>Intensit\u00e9<\/td>\n<p> lumineuse <\/p>\n<td>27,56<\/td>\n<\/tr>\n<\/table>\n<table>\n<tr>\n<td>Rev\u00eatement de lentille<\/td>\n<td>FMC<\/td>\n<\/tr>\n<\/table>\n<table>\n<tr>\n<td>D\u00e9gagement oculaire \u00e0 l&rsquo;oculaire (mm)<\/td>\n<td>17,20<\/td>\n<\/tr>\n<\/table>\n<table>\n<tr>Champ <\/p>\n<td>de vision \u00e0 1000m<\/td>\n<td>142m<\/td>\n<\/tr>\n<\/table>\n<table>\n<tr>\n<td>Distance minimale de mise au point (m)<\/td>\n<td>\n<table>\n<tr>\n<td>R\u00e9sistant aux \u00e9claboussures<\/td>\n<td>oui<\/td>\n<\/tr>\n<\/table>\n","protected":false},"excerpt":{"rendered":"<p>Jumelles Barr &amp; Stroud S\u00e9rie 5 ED 8&#215;42<\/p>\n","protected":false},"featured_media":6254,"comment_status":"closed","ping_status":"open","template":"","meta":{"_acf_changed":false},"product_brand":[684],"product_cat":[1345,1348,1342,1339],"product_tag":[],"class_list":{"0":"post-61491","1":"product","2":"type-product","3":"status-publish","4":"has-post-thumbnail","6":"product_brand-barr-stroud","7":"product_cat-jumelles","8":"product_cat-jumelles-barr-stroud","9":"product_cat-jumelles-et-lunettes-dopera","10":"product_cat-optique","12":"first","13":"instock","14":"taxable","15":"shipping-taxable","16":"purchasable","17":"product-type-simple"},"acf":[],"_links":{"self":[{"href":"https:\/\/www.teleskopshop.ch\/fr\/wp-json\/wp\/v2\/product\/61491","targetHints":{"allow":["GET"]}}],"collection":[{"href":"https:\/\/www.teleskopshop.ch\/fr\/wp-json\/wp\/v2\/product"}],"about":[{"href":"https:\/\/www.teleskopshop.ch\/fr\/wp-json\/wp\/v2\/types\/product"}],"replies":[{"embeddable":true,"href":"https:\/\/www.teleskopshop.ch\/fr\/wp-json\/wp\/v2\/comments?post=61491"}],"wp:featuredmedia":[{"embeddable":true,"href":"https:\/\/www.teleskopshop.ch\/fr\/wp-json\/wp\/v2\/media\/6254"}],"wp:attachment":[{"href":"https:\/\/www.teleskopshop.ch\/fr\/wp-json\/wp\/v2\/media?parent=61491"}],"wp:term":[{"taxonomy":"product_brand","embeddable":true,"href":"https:\/\/www.teleskopshop.ch\/fr\/wp-json\/wp\/v2\/product_brand?post=61491"},{"taxonomy":"product_cat","embeddable":true,"href":"https:\/\/www.teleskopshop.ch\/fr\/wp-json\/wp\/v2\/product_cat?post=61491"},{"taxonomy":"product_tag","embeddable":true,"href":"https:\/\/www.teleskopshop.ch\/fr\/wp-json\/wp\/v2\/product_tag?post=61491"}],"curies":[{"name":"wp","href":"https:\/\/api.w.org\/{rel}","templated":true}]}}