{"id":61464,"date":"2022-05-09T00:00:00","date_gmt":"2022-05-08T22:00:00","guid":{"rendered":"https:\/\/2025.teleskopshop.ch\/shop\/non%20class\u00e9\/barr-stroud-fernglas-savannah-ed-12x56\/"},"modified":"2025-01-25T11:48:14","modified_gmt":"2025-01-25T10:48:14","slug":"barr-stroud-fernglas-savannah-ed-12x56","status":"publish","type":"product","link":"https:\/\/www.teleskopshop.ch\/fr\/shop\/optique\/jumelles-et-lunettes-dopera\/jumelles\/jumelles-barr-stroud\/barr-stroud-fernglas-savannah-ed-12x56\/","title":{"rendered":"Jumelles Barr &amp; Stroud Savannah ED 12&#215;56"},"content":{"rendered":"<p>&#8211; Mise au point centrale et r\u00e9glage dioptrique &#8211; Optique enti\u00e8rement multicouche &#8211; Prismes BaK-4 \u00e0 rev\u00eatement de phase &#8211; \u00c9tanche jusqu&rsquo;\u00e0 1,5 m de profondeur pendant 3 minutes maximum &#8211; Rempli d&rsquo;azote pour \u00e9viter la formation de bu\u00e9e sur l&rsquo;optique &#8211; Mod\u00e8les en verre ED \u00e0 tr\u00e8s faible dispersion disponibles &#8211; Oculaires grand angle dans les mod\u00e8les 8&#215;42 et 10&#215;42 &#8211; Bouchons anti-poussi\u00e8re &#8211; \u0152illetons t\u00e9lescopiques en m\u00e9tal &#8211; Housse de pluie &#8211; Poids l\u00e9ger gr\u00e2ce au polycarbonate &#8211; Armature en caoutchouc durable &#8211; Mallette de transport &#8211; Sangle de transport &#8211; Bouchons d&rsquo;objectif La nouvelle s\u00e9rie de jumelles Savannah de Barr &amp; Stroud est le m\u00e9lange id\u00e9al d&rsquo;une excellente qualit\u00e9 optique, d&rsquo;une conception technique avanc\u00e9e et d&rsquo;une perfection robuste Tous les mod\u00e8les de la s\u00e9rie de jumelles Savannah ont des oculaires \u00e0 haute r\u00e9solution. Les mod\u00e8les 10&#215;42 et 8&#215;42 ont des oculaires extr\u00eamement grand angle qui, avec les prismes \u00e0 correction de phase et les optiques multicouches, offrent une image extr\u00eamement haute r\u00e9solution, \u00e0 contraste \u00e9lev\u00e9 et aux couleurs vraies que vous \u00eates assur\u00e9 d&rsquo;aimer&nbsp;! La s\u00e9rie Savannah Bino est livr\u00e9e avec des bouchons d&rsquo;objectif, une housse de pluie, une sangle de cou et un \u00e9tui de transport.<\/p>\n<p>G\u00e9n\u00e9ral<\/p>\n<table>\n<tr>\n<td>Poids<\/td>\n<p> d&rsquo;exp\u00e9dition <\/p>\n<td>1,5 kg<\/td>\n<\/tr>\n<\/table>\n<table>\n<tr>\n<td>Taille<\/td>\n<p> d&rsquo;exp\u00e9dition <\/p>\n<td>16.5&#215;8.5&#215;19.5cm<\/td>\n<\/tr>\n<\/table>\n<p>Donn\u00e9es : Barr &amp; Stroud<\/p>\n<table>\n<tr>\n<td>Type<\/td>\n<td>bord de toit<\/td>\n<\/tr>\n<\/table>\n<table>\n<tr>\n<td>Grossissement<\/td>\n<td>12x<\/td>\n<\/tr>\n<\/table>\n<table>\n<tr>\n<td>Diam\u00e8tre de l&rsquo;objectif (mm)<\/td>\n<td>56<\/td>\n<\/tr>\n<\/table>\n<table>\n<tr>\n<td>Pupille de sortie (mm)<\/td>\n<td>4,70<\/td>\n<\/tr>\n<\/table>\n<table>\n<tr>Syst\u00e8me <\/p>\n<td>de<\/td>\n<td>mise au point central<\/td>\n<\/tr>\n<\/table>\n<table>\n<tr>Types de prismes <\/p>\n<td>en verre<\/td>\n<td>BaK-4<\/td>\n<\/tr>\n<\/table>\n<table>\n<tr>\n<td>Cr\u00e9puscule<\/td>\n<td>num\u00e9ro 25.92<\/td>\n<\/tr>\n<\/table>\n<table>\n<tr>\n<td>Intensit\u00e9<\/td>\n<p> lumineuse <\/p>\n<td>22.09<\/td>\n<\/tr>\n<\/table>\n<table>\n<tr>\n<td>Rev\u00eatement de lentille<\/td>\n<td>FMC<\/td>\n<\/tr>\n<\/table>\n<table>\n<tr>\n<td>D\u00e9gagement oculaire \u00e0 l&rsquo;oculaire (mm)<\/td>\n<td>16,00<\/td>\n<\/tr>\n<\/table>\n<table>\n<tr>\n<td>Distance interpupillaire r\u00e9glable (mm)<\/td>\n<td>56-74<\/td>\n<\/tr>\n<\/table>\n<table>\n<tr>Champ <\/p>\n<td>de vision \u00e0 1000m<\/td>\n<td>96m<\/td>\n<\/tr>\n<\/table>\n<table>\n<tr>\n<td>Distance minimale de mise au point (m)<\/td>\n<td>\n<table>\n<tr>\n<td>R\u00e9sistant aux \u00e9claboussures<\/td>\n<td>oui<\/td>\n<\/tr>\n<\/table>\n","protected":false},"excerpt":{"rendered":"<p>Jumelles Barr &amp; Stroud Savannah ED 12&#215;56<\/p>\n","protected":false},"featured_media":6218,"comment_status":"closed","ping_status":"open","template":"","meta":{"_acf_changed":false},"product_brand":[684],"product_cat":[1345,1348,1342,1339],"product_tag":[],"class_list":{"0":"post-61464","1":"product","2":"type-product","3":"status-publish","4":"has-post-thumbnail","6":"product_brand-barr-stroud","7":"product_cat-jumelles","8":"product_cat-jumelles-barr-stroud","9":"product_cat-jumelles-et-lunettes-dopera","10":"product_cat-optique","12":"first","13":"instock","14":"taxable","15":"shipping-taxable","16":"purchasable","17":"product-type-simple"},"acf":[],"_links":{"self":[{"href":"https:\/\/www.teleskopshop.ch\/fr\/wp-json\/wp\/v2\/product\/61464","targetHints":{"allow":["GET"]}}],"collection":[{"href":"https:\/\/www.teleskopshop.ch\/fr\/wp-json\/wp\/v2\/product"}],"about":[{"href":"https:\/\/www.teleskopshop.ch\/fr\/wp-json\/wp\/v2\/types\/product"}],"replies":[{"embeddable":true,"href":"https:\/\/www.teleskopshop.ch\/fr\/wp-json\/wp\/v2\/comments?post=61464"}],"wp:featuredmedia":[{"embeddable":true,"href":"https:\/\/www.teleskopshop.ch\/fr\/wp-json\/wp\/v2\/media\/6218"}],"wp:attachment":[{"href":"https:\/\/www.teleskopshop.ch\/fr\/wp-json\/wp\/v2\/media?parent=61464"}],"wp:term":[{"taxonomy":"product_brand","embeddable":true,"href":"https:\/\/www.teleskopshop.ch\/fr\/wp-json\/wp\/v2\/product_brand?post=61464"},{"taxonomy":"product_cat","embeddable":true,"href":"https:\/\/www.teleskopshop.ch\/fr\/wp-json\/wp\/v2\/product_cat?post=61464"},{"taxonomy":"product_tag","embeddable":true,"href":"https:\/\/www.teleskopshop.ch\/fr\/wp-json\/wp\/v2\/product_tag?post=61464"}],"curies":[{"name":"wp","href":"https:\/\/api.w.org\/{rel}","templated":true}]}}