{"id":61433,"date":"2022-05-09T00:00:00","date_gmt":"2022-05-08T22:00:00","guid":{"rendered":"https:\/\/2025.teleskopshop.ch\/shop\/non%20class\u00e9\/barr-stroud-fernglas-sahara-8x25-fmc-compact\/"},"modified":"2025-01-25T11:48:14","modified_gmt":"2025-01-25T10:48:14","slug":"barr-stroud-fernglas-sahara-8x25-fmc-compact","status":"publish","type":"product","link":"https:\/\/www.teleskopshop.ch\/fr\/shop\/optique\/jumelles-et-lunettes-dopera\/jumelles\/jumelles-barr-stroud\/barr-stroud-fernglas-sahara-8x25-fmc-compact\/","title":{"rendered":"Jumelles Barr &amp; Stroud Sahara 8&#215;25 FMC Compact"},"content":{"rendered":"<p>&#8211; Lentilles multicouches et prismes BaK-4 &#8211; \u00c9tanche jusqu&rsquo;\u00e0 1,5 m de profondeur pendant environ 3 minutes &#8211; Rempli d&rsquo;azote, emp\u00eache la bu\u00e9e d&rsquo;humidit\u00e9 dans l&rsquo;optique &#8211; Protection solaire int\u00e9gr\u00e9e et r\u00e9glable &#8211; Protection contre la pluie &#8211; Caoutchouc antid\u00e9rapant armure &#8211; L\u00e9ger gr\u00e2ce au polycarbonate &#8211; \u00c9tui de transport souple &#8211; Tr\u00e9pied &#8211; Chiffon pour objectif Con\u00e7u pour les amateurs de plein air conscients et les ornithologues amateurs. Les nouvelles jumelles Barr &amp; Stroud Sahara sont probablement les meilleures sur le march\u00e9 aujourd&rsquo;hui. Dans ce segment de prix, les performances optiques peuvent difficilement \u00eatre surpass\u00e9es. La s\u00e9rie Barr &amp; Stroud Sahara est \u00e9tanche, purg\u00e9e \u00e0 l&rsquo;azote, a un multi-rev\u00eatement sur l&rsquo;optique et les prismes BAK-4 et l&rsquo;armure en caoutchouc adh\u00e9rente assure des ann\u00e9es d&rsquo;utilisation en ext\u00e9rieur. La livraison comprend un capuchon d&rsquo;objectif, un capuchon de protection d&rsquo;oculaire et une pochette.<\/p>\n<p>G\u00e9n\u00e9ral<\/p>\n<table>\n<tr>\n<td>Poids<\/td>\n<p> d&rsquo;exp\u00e9dition <\/p>\n<td>0,55<\/td>\n<p> kg<\/tr>\n<\/table>\n<table>\n<tr>\n<td>Taille<\/td>\n<p> d&rsquo;exp\u00e9dition <\/p>\n<td>14.5&#215;6.5x14cm<\/td>\n<\/tr>\n<\/table>\n<p>Donn\u00e9es : Barr &amp; Stroud<\/p>\n<table>\n<tr>\n<td>Type<\/td>\n<td>bord de toit<\/td>\n<\/tr>\n<\/table>\n<table>\n<tr>\n<td>Grossissement<\/td>\n<td>8x<\/td>\n<\/tr>\n<\/table>\n<table>\n<tr>\n<td>Diam\u00e8tre de l&rsquo;objectif (mm)<\/td>\n<td>25<\/td>\n<\/tr>\n<\/table>\n<table>\n<tr>\n<td>Pupille de sortie (mm)<\/td>\n<td>3,13<\/td>\n<\/tr>\n<\/table>\n<table>\n<tr>Syst\u00e8me <\/p>\n<td>de<\/td>\n<td>mise au point central<\/td>\n<\/tr>\n<\/table>\n<table>\n<tr>Types de prismes <\/p>\n<td>en verre<\/td>\n<td>BaK-4<\/td>\n<\/tr>\n<\/table>\n<table>\n<tr>\n<td>Cr\u00e9puscule<\/td>\n<td>num\u00e9ro 14.1<\/td>\n<\/tr>\n<\/table>\n<table>\n<tr>\n<td>Intensit\u00e9 lumineuse<\/td>\n<td>9.8<\/td>\n<\/tr>\n<\/table>\n<table>\n<tr>\n<td>Rev\u00eatement de lentille<\/td>\n<td>FMC<\/td>\n<\/tr>\n<\/table>\n<table>\n<tr>\n<td>D\u00e9gagement oculaire \u00e0 l&rsquo;oculaire (mm)<\/td>\n<td>14,00<\/td>\n<\/tr>\n<\/table>\n<table>\n<tr>Champ <\/p>\n<td>de vision \u00e0 1000m<\/td>\n<td>126m<\/td>\n<\/tr>\n<\/table>\n<table>\n<tr>\n<td>Distance minimale de mise au point (m)<\/td>\n<td>\n<table>\n<tr>\n<td>R\u00e9sistant aux \u00e9claboussures<\/td>\n<td>oui<\/td>\n<\/tr>\n<\/table>\n","protected":false},"excerpt":{"rendered":"<p>Jumelles compactes Barr &amp; Stroud Sahara 8&#215;25 FMC<\/p>\n","protected":false},"featured_media":6134,"comment_status":"closed","ping_status":"open","template":"","meta":{"_acf_changed":false},"product_brand":[684],"product_cat":[1345,1348,1342,1339],"product_tag":[],"class_list":{"0":"post-61433","1":"product","2":"type-product","3":"status-publish","4":"has-post-thumbnail","6":"product_brand-barr-stroud","7":"product_cat-jumelles","8":"product_cat-jumelles-barr-stroud","9":"product_cat-jumelles-et-lunettes-dopera","10":"product_cat-optique","12":"first","13":"instock","14":"taxable","15":"shipping-taxable","16":"purchasable","17":"product-type-simple"},"acf":[],"_links":{"self":[{"href":"https:\/\/www.teleskopshop.ch\/fr\/wp-json\/wp\/v2\/product\/61433","targetHints":{"allow":["GET"]}}],"collection":[{"href":"https:\/\/www.teleskopshop.ch\/fr\/wp-json\/wp\/v2\/product"}],"about":[{"href":"https:\/\/www.teleskopshop.ch\/fr\/wp-json\/wp\/v2\/types\/product"}],"replies":[{"embeddable":true,"href":"https:\/\/www.teleskopshop.ch\/fr\/wp-json\/wp\/v2\/comments?post=61433"}],"wp:featuredmedia":[{"embeddable":true,"href":"https:\/\/www.teleskopshop.ch\/fr\/wp-json\/wp\/v2\/media\/6134"}],"wp:attachment":[{"href":"https:\/\/www.teleskopshop.ch\/fr\/wp-json\/wp\/v2\/media?parent=61433"}],"wp:term":[{"taxonomy":"product_brand","embeddable":true,"href":"https:\/\/www.teleskopshop.ch\/fr\/wp-json\/wp\/v2\/product_brand?post=61433"},{"taxonomy":"product_cat","embeddable":true,"href":"https:\/\/www.teleskopshop.ch\/fr\/wp-json\/wp\/v2\/product_cat?post=61433"},{"taxonomy":"product_tag","embeddable":true,"href":"https:\/\/www.teleskopshop.ch\/fr\/wp-json\/wp\/v2\/product_tag?post=61433"}],"curies":[{"name":"wp","href":"https:\/\/api.w.org\/{rel}","templated":true}]}}