{"id":61403,"date":"2022-05-09T00:00:00","date_gmt":"2022-05-08T22:00:00","guid":{"rendered":"https:\/\/2025.teleskopshop.ch\/shop\/non%20class\u00e9\/skywatcher-teleskop-explorer-150pl-ota\/"},"modified":"2025-03-03T09:41:16","modified_gmt":"2025-03-03T08:41:16","slug":"skywatcher-teleskop-explorer-150pl-ota","status":"publish","type":"product","link":"https:\/\/www.teleskopshop.ch\/fr\/shop\/optique\/telescopes-fr\/tubes-optiques-ota\/telescopes-reflecteurs\/newtonien-fr\/skywatcher-teleskop-explorer-150pl-ota\/","title":{"rendered":"Skywatcher Teleskop Explorer 150PL OTA"},"content":{"rendered":"<p>Die Teleskop Optik: Das Skywatcher Explorer-150PL Newton Teleskop ist eine hervorragende Wahl f\u00fcr den aufsteigenden Astronomen wie auch f\u00fcr den interessierten Anf\u00e4nger. Er ist mit einer gro\u00dfen 150 mm \u00d6ffnung kombiniert mit der superben parabolischen Optik ausgestattet. Mit seiner gr\u00f6\u00dferen Brennweite (f\/8) erm\u00f6glicht er bei gleicher Okularbrennweite eine h\u00f6here Vergr\u00f6\u00dferung als die f\/5 Version (Explorer-150P). Er liefert eine hervorragende Performance bei der Beobachtung von Mond, Planeten, Nebeln, Galaxien, Sternhaufen und engen Doppelsternen. Lieferumfang: 150mm Newton Teleskop 6&#215;30 Sucher Okulare: 10mm &amp; 25mm 2fach Barlow Linse mit Kameraadapter !Stromversorgung und Batterien sind nicht im Lieferumfang enthalten!<br \/>\nAllgemein<\/p>\n<table>\n<tbody>\n<tr>\n<td>Versandgewicht<\/td>\n<td>10.2kg<\/td>\n<\/tr>\n<\/tbody>\n<\/table>\n<table>\n<tbody>\n<tr>\n<td>Versandgr\u00f6\u00dfe<\/td>\n<td>125x40x35cm<\/td>\n<\/tr>\n<\/tbody>\n<\/table>\n<p>Optik<\/p>\n<table>\n<tbody>\n<tr>\n<td>Bauart<\/td>\n<td>Newton \/ Spiegelteleskop<\/td>\n<\/tr>\n<\/tbody>\n<\/table>\n<table>\n<tbody>\n<tr>\n<td>Brennweite (mm)<\/td>\n<td>1200<\/td>\n<\/tr>\n<\/tbody>\n<\/table>\n<table>\n<tbody>\n<tr>\n<td>\u00d6ffnung (mm)<\/td>\n<td>150<\/td>\n<\/tr>\n<\/tbody>\n<\/table>\n<table>\n<tbody>\n<tr>\n<td>\u00d6ffnungsverh\u00e4ltnis<\/td>\n<td>f:8<\/td>\n<\/tr>\n<\/tbody>\n<\/table>\n<table>\n<tbody>\n<tr>\n<td>Okularauszug<\/td>\n<td>1.25&Prime;<\/td>\n<\/tr>\n<\/tbody>\n<\/table>\n<table>\n<tbody>\n<tr>\n<td>Tubusgewicht (kg)<\/td>\n<td>6.40<\/td>\n<\/tr>\n<\/tbody>\n<\/table>\n","protected":false},"excerpt":{"rendered":"<p>Vielen Dank f\u00fcr Ihren Besuch bei Teleskopshop.ch. <\/p>\n<p>Es freut uns, Ihnen das Produkt <b>Skywatcher Teleskop Explorer 150PL OTA<\/b> zu den nachfolgenden Konditionen anbieten zu d\u00fcrfen.<\/p>\n","protected":false},"featured_media":5186,"comment_status":"closed","ping_status":"closed","template":"","meta":{"_acf_changed":false},"product_brand":[675],"product_cat":[1627,1339,1567,1621,1609],"product_tag":[],"class_list":{"0":"post-61403","1":"product","2":"type-product","3":"status-publish","4":"has-post-thumbnail","6":"product_brand-skywatcher","7":"product_cat-newtonien-fr","8":"product_cat-optique","9":"product_cat-telescopes-fr","10":"product_cat-telescopes-reflecteurs","11":"product_cat-tubes-optiques-ota","13":"first","14":"instock","15":"sale","16":"taxable","17":"shipping-taxable","18":"purchasable","19":"product-type-simple"},"acf":[],"_links":{"self":[{"href":"https:\/\/www.teleskopshop.ch\/fr\/wp-json\/wp\/v2\/product\/61403","targetHints":{"allow":["GET"]}}],"collection":[{"href":"https:\/\/www.teleskopshop.ch\/fr\/wp-json\/wp\/v2\/product"}],"about":[{"href":"https:\/\/www.teleskopshop.ch\/fr\/wp-json\/wp\/v2\/types\/product"}],"replies":[{"embeddable":true,"href":"https:\/\/www.teleskopshop.ch\/fr\/wp-json\/wp\/v2\/comments?post=61403"}],"wp:featuredmedia":[{"embeddable":true,"href":"https:\/\/www.teleskopshop.ch\/fr\/wp-json\/wp\/v2\/media\/5186"}],"wp:attachment":[{"href":"https:\/\/www.teleskopshop.ch\/fr\/wp-json\/wp\/v2\/media?parent=61403"}],"wp:term":[{"taxonomy":"product_brand","embeddable":true,"href":"https:\/\/www.teleskopshop.ch\/fr\/wp-json\/wp\/v2\/product_brand?post=61403"},{"taxonomy":"product_cat","embeddable":true,"href":"https:\/\/www.teleskopshop.ch\/fr\/wp-json\/wp\/v2\/product_cat?post=61403"},{"taxonomy":"product_tag","embeddable":true,"href":"https:\/\/www.teleskopshop.ch\/fr\/wp-json\/wp\/v2\/product_tag?post=61403"}],"curies":[{"name":"wp","href":"https:\/\/api.w.org\/{rel}","templated":true}]}}