{"id":61391,"date":"2022-05-09T00:00:00","date_gmt":"2022-05-08T22:00:00","guid":{"rendered":"https:\/\/2025.teleskopshop.ch\/shop\/non%20class\u00e9\/skywatcher-hm5-polsucher-fernrohr-fuer-eq3-2-teleskop-montierung\/"},"modified":"2025-01-25T11:50:03","modified_gmt":"2025-01-25T10:50:03","slug":"skywatcher-hm5-polsucher-fernrohr-fuer-eq3-2-teleskop-montierung","status":"publish","type":"product","link":"https:\/\/www.teleskopshop.ch\/fr\/shop\/montures\/accessoires\/accessoires-optiques\/skywatcher-hm5-polsucher-fernrohr-fuer-eq3-2-teleskop-montierung\/","title":{"rendered":"Chercheur polaire Skywatcher HM5 pour monture de t\u00e9lescope EQ3-2"},"content":{"rendered":"<p>Le chercheur polaire Skywatcher HM5 est un accessoire tr\u00e8s utile pour la monture de t\u00e9lescope EQ3-2. Il permet un alignement polaire plus rapide et plus pr\u00e9cis, faisant gagner beaucoup de temps \u00e0 l&rsquo;observateur et lui donnant plus de temps pour observer. Le t\u00e9lescope de recherche polaire HM5 peut \u00eatre utilis\u00e9 pour le ciel du nord et du sud. Contenu de la livraison&nbsp;: viseur polaire HM5 pour EQ3-2&nbsp;! L&rsquo;alimentation et les piles ne sont pas incluses&nbsp;!<\/p>\n<p>G\u00e9n\u00e9ral<\/p>\n<table>\n<tr>\n<td>Poids<\/td>\n<p> d&rsquo;exp\u00e9dition <\/p>\n<td>0,158 kg<\/td>\n<\/tr>\n<\/table>\n<table>\n<tr>\n<td>Taille<\/td>\n<p> d&rsquo;exp\u00e9dition <\/p>\n<td>16&#215;6.5&#215;7.5cm<\/td>\n<\/tr>\n<\/table>\n<p>\u00e9quipement<\/p>\n<table>\n<tr>\n<td>Type<\/td>\n<td>chercheur polaire pour montures EQ3-2<\/td>\n<\/tr>\n<\/table>\n","protected":false},"excerpt":{"rendered":"<p>Chercheur polaire Skywatcher pour monture de t\u00e9lescope EQ3-2<\/p>\n","protected":false},"featured_media":5066,"comment_status":"closed","ping_status":"open","template":"","meta":{"_acf_changed":false},"product_brand":[675],"product_cat":[1315,1324,1279],"product_tag":[],"class_list":{"0":"post-61391","1":"product","2":"type-product","3":"status-publish","4":"has-post-thumbnail","6":"product_brand-skywatcher","7":"product_cat-accessoires","8":"product_cat-accessoires-optiques","9":"product_cat-montures","11":"first","12":"instock","13":"taxable","14":"shipping-taxable","15":"purchasable","16":"product-type-simple"},"acf":[],"_links":{"self":[{"href":"https:\/\/www.teleskopshop.ch\/fr\/wp-json\/wp\/v2\/product\/61391","targetHints":{"allow":["GET"]}}],"collection":[{"href":"https:\/\/www.teleskopshop.ch\/fr\/wp-json\/wp\/v2\/product"}],"about":[{"href":"https:\/\/www.teleskopshop.ch\/fr\/wp-json\/wp\/v2\/types\/product"}],"replies":[{"embeddable":true,"href":"https:\/\/www.teleskopshop.ch\/fr\/wp-json\/wp\/v2\/comments?post=61391"}],"wp:featuredmedia":[{"embeddable":true,"href":"https:\/\/www.teleskopshop.ch\/fr\/wp-json\/wp\/v2\/media\/5066"}],"wp:attachment":[{"href":"https:\/\/www.teleskopshop.ch\/fr\/wp-json\/wp\/v2\/media?parent=61391"}],"wp:term":[{"taxonomy":"product_brand","embeddable":true,"href":"https:\/\/www.teleskopshop.ch\/fr\/wp-json\/wp\/v2\/product_brand?post=61391"},{"taxonomy":"product_cat","embeddable":true,"href":"https:\/\/www.teleskopshop.ch\/fr\/wp-json\/wp\/v2\/product_cat?post=61391"},{"taxonomy":"product_tag","embeddable":true,"href":"https:\/\/www.teleskopshop.ch\/fr\/wp-json\/wp\/v2\/product_tag?post=61391"}],"curies":[{"name":"wp","href":"https:\/\/api.w.org\/{rel}","templated":true}]}}