{"id":61388,"date":"2022-05-09T00:00:00","date_gmt":"2022-05-08T22:00:00","guid":{"rendered":"https:\/\/2025.teleskopshop.ch\/shop\/non%20class\u00e9\/stativ-mit-edelstahlrohrbeinen-und-3-8-befestigungsschraube\/"},"modified":"2025-01-25T11:56:39","modified_gmt":"2025-01-25T10:56:39","slug":"stativ-mit-edelstahlrohrbeinen-und-3-8-befestigungsschraube","status":"publish","type":"product","link":"https:\/\/www.teleskopshop.ch\/fr\/shop\/montures\/accessoires\/accessoires-mecaniques\/stativ-mit-edelstahlrohrbeinen-und-3-8-befestigungsschraube\/","title":{"rendered":"Tr\u00e9pied avec pieds tubulaires en acier inoxydable et vis de montage 3\/8&Prime;"},"content":{"rendered":"<p>Un tr\u00e9pied Skywatcher HD lourd avec des pieds en acier inoxydable de 1,75 \u00ab\u00a0de diam\u00e8tre et un boulon de montage central filet\u00e9 de 3\/8&Prime; (convient \u00e9galement au filetage de connexion de 10 mm), complet avec plateau d&rsquo;accessoires. Le tr\u00e9pied peut \u00eatre r\u00e9gl\u00e9 en hauteur de 83,5 cm \u00e0 115 cm. Il est compatible avec la colonne d&rsquo;extension Skywatcher 21,5 cm (art. 20313). Il peut \u00eatre utilis\u00e9 pour mettre \u00e0 niveau les tr\u00e9pieds en aluminium standard des montures AZ5, AZ Pronto, AZ-GTi et AZ-EQ Avant pour obtenir une stabilit\u00e9 nettement sup\u00e9rieure. Bien s\u00fbr, vous pouvez \u00e9galement l&rsquo;utiliser avec n&rsquo;importe quelle autre t\u00eate de tr\u00e9pied avec un raccord filet\u00e9 photo 3\/8\u00a0\u00bb. Contenu de la livraison : tr\u00e9pied HD 1,75&Prime; avec plateau ! L&rsquo;alimentation et les piles ne sont pas incluses dans la livraison !<br \/>\nG\u00e9n\u00e9ralit\u00e9s<\/p>\n<table>\n<tbody>\n<tr>\n<td>Poids \u00e0 l\u2019exp\u00e9dition<\/td>\n<td>6,8 kg<\/td>\n<\/tr>\n<\/tbody>\n<\/table>\n<table>\n<tbody>\n<tr>\n<td>Taille de l\u2019exp\u00e9dition<\/td>\n<td>101x20x20cm<\/td>\n<\/tr>\n<\/tbody>\n<\/table>\n<p>Accessoires<\/p>\n<table>\n<tbody>\n<tr>\n<td>Type<\/td>\n<td>Tr\u00e9pied tubulaire HD 1,75&nbsp;\u00bb en acier inoxydable avec filetage de connexion 3\/8&nbsp;\u00bb<\/td>\n<\/tr>\n<\/tbody>\n<\/table>\n<table>\n<tbody>\n<tr>\n<td>Connexion<\/td>\n<td>Filetage photo 3\/8&nbsp;\u00bb (compatible M10)<\/td>\n<\/tr>\n<\/tbody>\n<\/table>\n<table>\n<tbody>\n<tr>\n<td>Mat\u00e9riel<\/td>\n<td>Aluminium \/ Acier inoxydable<\/td>\n<\/tr>\n<\/tbody>\n<\/table>\n","protected":false},"excerpt":{"rendered":"<p>Tr\u00e9pied stable pour AZ5 AZ-GTi Pronto et supports similaires<\/p>\n","protected":false},"featured_media":5054,"comment_status":"closed","ping_status":"open","template":"","meta":{"_acf_changed":false},"product_brand":[681],"product_cat":[1315,1321,1279],"product_tag":[],"class_list":{"0":"post-61388","1":"product","2":"type-product","3":"status-publish","4":"has-post-thumbnail","6":"product_brand-sonstige","7":"product_cat-accessoires","8":"product_cat-accessoires-mecaniques","9":"product_cat-montures","11":"first","12":"instock","13":"taxable","14":"shipping-taxable","15":"purchasable","16":"product-type-simple"},"acf":[],"_links":{"self":[{"href":"https:\/\/www.teleskopshop.ch\/fr\/wp-json\/wp\/v2\/product\/61388","targetHints":{"allow":["GET"]}}],"collection":[{"href":"https:\/\/www.teleskopshop.ch\/fr\/wp-json\/wp\/v2\/product"}],"about":[{"href":"https:\/\/www.teleskopshop.ch\/fr\/wp-json\/wp\/v2\/types\/product"}],"replies":[{"embeddable":true,"href":"https:\/\/www.teleskopshop.ch\/fr\/wp-json\/wp\/v2\/comments?post=61388"}],"wp:featuredmedia":[{"embeddable":true,"href":"https:\/\/www.teleskopshop.ch\/fr\/wp-json\/wp\/v2\/media\/5054"}],"wp:attachment":[{"href":"https:\/\/www.teleskopshop.ch\/fr\/wp-json\/wp\/v2\/media?parent=61388"}],"wp:term":[{"taxonomy":"product_brand","embeddable":true,"href":"https:\/\/www.teleskopshop.ch\/fr\/wp-json\/wp\/v2\/product_brand?post=61388"},{"taxonomy":"product_cat","embeddable":true,"href":"https:\/\/www.teleskopshop.ch\/fr\/wp-json\/wp\/v2\/product_cat?post=61388"},{"taxonomy":"product_tag","embeddable":true,"href":"https:\/\/www.teleskopshop.ch\/fr\/wp-json\/wp\/v2\/product_tag?post=61388"}],"curies":[{"name":"wp","href":"https:\/\/api.w.org\/{rel}","templated":true}]}}