{"id":61385,"date":"2022-05-09T00:00:00","date_gmt":"2022-05-08T22:00:00","guid":{"rendered":"https:\/\/2025.teleskopshop.ch\/shop\/non%20class\u00e9\/skywatcher-verlaengerungssaeule\/"},"modified":"2025-01-25T11:56:37","modified_gmt":"2025-01-25T10:56:37","slug":"skywatcher-verlaengerungssaeule","status":"publish","type":"product","link":"https:\/\/www.teleskopshop.ch\/fr\/shop\/montures\/accessoires\/accessoires-mecaniques\/skywatcher-verlaengerungssaeule\/","title":{"rendered":"Colonne d&rsquo;extension Skywatcher"},"content":{"rendered":"<p>Fabriqu\u00e9 en fonte d&rsquo;aluminium stable. Longueur totale 21,5 cm. Le diam\u00e8tre de la base sup\u00e9rieure et inf\u00e9rieure est de 70 mm. Connexions filet\u00e9es chaque filetage photo 3\/8&Prime;. L&rsquo;adaptateur sup\u00e9rieur peut \u00eatre s\u00e9par\u00e9 de la colonne avec 3 vis molet\u00e9es afin de pouvoir le fixer plus facilement \u00e0 un support. Contenu de la livraison : Colonne d&rsquo;extension 21,5 cm ! Alimentation et piles ne sont pas inclus dans la livraison&nbsp;!<\/p>\n<p>G\u00e9n\u00e9ralit\u00e9s<\/p>\n<table>\n<tr>\n<td>Poids<\/td>\n<p> d&rsquo;exp\u00e9dition <\/p>\n<td>0,9<\/td>\n<p> kg<\/tr>\n<\/table>\n<table>\n<tr>\n<td>Taille<\/td>\n<p> d&rsquo;exp\u00e9dition <\/p>\n<td>25x10x11cm<\/td>\n<\/tr>\n<\/table>\n<p>Accessoires<\/p>\n<table>\n<tr>\n<td>Type<\/td>\n<td>de pilier d&rsquo;extension pour les supports Skywatcher AZ<\/td>\n<\/tr>\n<\/table>\n<table>\n<tr>\n<td>Connexion<\/td>\n<td>chaque fil photo 3\/8&Prime;<\/td>\n<\/tr>\n<\/table>\n<table>\n<tr>\n<td>Mat\u00e9riau<\/td>\n<td>fonte d&rsquo;aluminium<\/td>\n<\/tr>\n<\/table>\n","protected":false},"excerpt":{"rendered":"<p>Colonne d&rsquo;extension Skywatcher pour AZ5, GTI et StarAdventurer<\/p>\n","protected":false},"featured_media":5050,"comment_status":"closed","ping_status":"open","template":"","meta":{"_acf_changed":false},"product_brand":[675],"product_cat":[1315,1321,1279],"product_tag":[],"class_list":{"0":"post-61385","1":"product","2":"type-product","3":"status-publish","4":"has-post-thumbnail","6":"product_brand-skywatcher","7":"product_cat-accessoires","8":"product_cat-accessoires-mecaniques","9":"product_cat-montures","11":"first","12":"instock","13":"taxable","14":"shipping-taxable","15":"purchasable","16":"product-type-simple"},"acf":[],"_links":{"self":[{"href":"https:\/\/www.teleskopshop.ch\/fr\/wp-json\/wp\/v2\/product\/61385","targetHints":{"allow":["GET"]}}],"collection":[{"href":"https:\/\/www.teleskopshop.ch\/fr\/wp-json\/wp\/v2\/product"}],"about":[{"href":"https:\/\/www.teleskopshop.ch\/fr\/wp-json\/wp\/v2\/types\/product"}],"replies":[{"embeddable":true,"href":"https:\/\/www.teleskopshop.ch\/fr\/wp-json\/wp\/v2\/comments?post=61385"}],"wp:featuredmedia":[{"embeddable":true,"href":"https:\/\/www.teleskopshop.ch\/fr\/wp-json\/wp\/v2\/media\/5050"}],"wp:attachment":[{"href":"https:\/\/www.teleskopshop.ch\/fr\/wp-json\/wp\/v2\/media?parent=61385"}],"wp:term":[{"taxonomy":"product_brand","embeddable":true,"href":"https:\/\/www.teleskopshop.ch\/fr\/wp-json\/wp\/v2\/product_brand?post=61385"},{"taxonomy":"product_cat","embeddable":true,"href":"https:\/\/www.teleskopshop.ch\/fr\/wp-json\/wp\/v2\/product_cat?post=61385"},{"taxonomy":"product_tag","embeddable":true,"href":"https:\/\/www.teleskopshop.ch\/fr\/wp-json\/wp\/v2\/product_tag?post=61385"}],"curies":[{"name":"wp","href":"https:\/\/api.w.org\/{rel}","templated":true}]}}