{"id":61373,"date":"2022-05-09T00:00:00","date_gmt":"2022-05-08T22:00:00","guid":{"rendered":"https:\/\/2025.teleskopshop.ch\/shop\/non%20class\u00e9\/skywatcher-teleskop-rohrschellen-aluminium-guss-285mm\/"},"modified":"2025-01-25T11:50:05","modified_gmt":"2025-01-25T10:50:05","slug":"skywatcher-teleskop-rohrschellen-aluminium-guss-285mm","status":"publish","type":"product","link":"https:\/\/www.teleskopshop.ch\/fr\/shop\/montures\/accessoires\/accessoires-mecaniques\/skywatcher-teleskop-rohrschellen-aluminium-guss-285mm\/","title":{"rendered":"Anneaux de tube de t\u00e9lescope Skywatcher fonte d&rsquo;aluminium 285mm"},"content":{"rendered":"<p>Ces anneaux de tube de t\u00e9lescope Sky-Watcher en fonte d&rsquo;aluminium de haute qualit\u00e9 sont sp\u00e9cialement fabriqu\u00e9s pour nous pour une utilisation sur nos montures AZ3, EQ1, EQ2, EQ3-2, EQ5, HEQ5, EQ6, AZ-EQ5 et 6 ainsi que EQ8. Ils sont disponibles en diam\u00e8tres de 90 mm, 102 mm, 120 mm, 130 mm, 140 mm, 182 mm, 236 mm et 285 mm. Ils sont articul\u00e9s et doubl\u00e9s de feutre pour une installation facile de votre t\u00e9lescope. Apr\u00e8s avoir desserr\u00e9 les vis molet\u00e9es, le t\u00e9lescope peut \u00eatre facilement \u00e9quilibr\u00e9 et tourn\u00e9. Contenu de la livraison : 1 paire de colliers de serrage de 285 mm de diam\u00e8tre&nbsp;! L&rsquo;alimentation et les piles ne sont pas incluses&nbsp;!<\/p>\n<p>G\u00e9n\u00e9ral<\/p>\n<table>\n<tr>\n<td>Poids<\/td>\n<p> d&rsquo;exp\u00e9dition <\/p>\n<td>1,8 kg<\/td>\n<\/tr>\n<\/table>\n<table>\n<tr>\n<td>Taille<\/td>\n<p> d&rsquo;exp\u00e9dition <\/p>\n<td>41x41x11cm<\/td>\n<\/tr>\n<\/table>\n<p>\u00e9quipement<\/p>\n<table>\n<tr>\n<td>Type<\/td>\n<td>paire de colliers de serrage 285mm<\/td>\n<\/tr>\n<\/table>\n<table>\n<tr>\n<td>Mat\u00e9riau<\/td>\n<td>fonte d&rsquo;aluminium<\/td>\n<\/tr>\n<\/table>\n","protected":false},"excerpt":{"rendered":"<p>Anneaux de tube Skywatcher pour montage de t\u00e9lescope sur supports 1 paire<\/p>\n","protected":false},"featured_media":5034,"comment_status":"closed","ping_status":"open","template":"","meta":{"_acf_changed":false},"product_brand":[675],"product_cat":[1315,1321,1279],"product_tag":[],"class_list":{"0":"post-61373","1":"product","2":"type-product","3":"status-publish","4":"has-post-thumbnail","6":"product_brand-skywatcher","7":"product_cat-accessoires","8":"product_cat-accessoires-mecaniques","9":"product_cat-montures","11":"first","12":"instock","13":"taxable","14":"shipping-taxable","15":"purchasable","16":"product-type-simple"},"acf":[],"_links":{"self":[{"href":"https:\/\/www.teleskopshop.ch\/fr\/wp-json\/wp\/v2\/product\/61373","targetHints":{"allow":["GET"]}}],"collection":[{"href":"https:\/\/www.teleskopshop.ch\/fr\/wp-json\/wp\/v2\/product"}],"about":[{"href":"https:\/\/www.teleskopshop.ch\/fr\/wp-json\/wp\/v2\/types\/product"}],"replies":[{"embeddable":true,"href":"https:\/\/www.teleskopshop.ch\/fr\/wp-json\/wp\/v2\/comments?post=61373"}],"wp:featuredmedia":[{"embeddable":true,"href":"https:\/\/www.teleskopshop.ch\/fr\/wp-json\/wp\/v2\/media\/5034"}],"wp:attachment":[{"href":"https:\/\/www.teleskopshop.ch\/fr\/wp-json\/wp\/v2\/media?parent=61373"}],"wp:term":[{"taxonomy":"product_brand","embeddable":true,"href":"https:\/\/www.teleskopshop.ch\/fr\/wp-json\/wp\/v2\/product_brand?post=61373"},{"taxonomy":"product_cat","embeddable":true,"href":"https:\/\/www.teleskopshop.ch\/fr\/wp-json\/wp\/v2\/product_cat?post=61373"},{"taxonomy":"product_tag","embeddable":true,"href":"https:\/\/www.teleskopshop.ch\/fr\/wp-json\/wp\/v2\/product_tag?post=61373"}],"curies":[{"name":"wp","href":"https:\/\/api.w.org\/{rel}","templated":true}]}}