{"id":61341,"date":"2022-05-09T00:00:00","date_gmt":"2022-05-08T22:00:00","guid":{"rendered":"https:\/\/2025.teleskopshop.ch\/shop\/non%20class\u00e9\/skywatcher-stativ-star-adventurer\/"},"modified":"2025-01-25T11:50:02","modified_gmt":"2025-01-25T10:50:02","slug":"skywatcher-stativ-star-adventurer","status":"publish","type":"product","link":"https:\/\/www.teleskopshop.ch\/fr\/shop\/montures\/accessoires\/accessoires-mecaniques\/skywatcher-stativ-star-adventurer\/","title":{"rendered":"Aventurier des \u00e9toiles sur tr\u00e9pied Skywatcher"},"content":{"rendered":"<p>Le tr\u00e9pied l\u00e9ger et tr\u00e8s facile \u00e0 transporter avec plateau d&rsquo;accessoires est id\u00e9al pour le Star Adventurer et Star Adventurer Mini, mais aussi tr\u00e8s bien adapt\u00e9 pour tous les accessoires avec une connexion de fil photo 3\/8&Prime;. Les pieds extensibles peuvent \u00eatre serr\u00e9s dans n&rsquo;importe quelle position. Tr\u00e9pied hauteur de 69,5 cm \u00e0 121,5 cm possible. Le tr\u00e9pied ne p\u00e8se que 1,8 kg et a une capacit\u00e9 de charge de 3 kg. La hauteur peut \u00eatre augment\u00e9e avec la colonne d&rsquo;extension Skywatcher de 21,5 cm disponible en option. Contenu de la livraison : Skywatcher Star Adventurer Tripod Tray !Power l&rsquo;alimentation et les piles ne sont pas incluses&nbsp;!<\/p>\n<p>G\u00e9n\u00e9ral<\/p>\n<table>\n<tr>\n<td>Poids<\/td>\n<p> d&rsquo;exp\u00e9dition <\/p>\n<td>2,3 kg<\/td>\n<\/tr>\n<\/table>\n<table>\n<tr>\n<td>Taille<\/td>\n<p> d&rsquo;exp\u00e9dition <\/p>\n<td>72x21x19cm<\/td>\n<\/tr>\n<\/table>\n<p>\u00e9quipement<\/p>\n<table>\n<tr>\n<td>Type de<\/td>\n<td>tr\u00e9pied<\/td>\n<\/tr>\n<\/table>\n<table>\n<tr>\n<td>Raccordement<\/td>\n<td>filetage photo 3\/8&Prime;<\/td>\n<\/tr>\n<\/table>\n<table>\n<tr>\n<td>mat\u00e9riau<\/td>\n<td>aluminium<\/td>\n<\/tr>\n<\/table>\n","protected":false},"excerpt":{"rendered":"<p>Tr\u00e9pied Skywatcher pour Star Adventurer, AZ5, Pronto et AZ-GTi<\/p>\n","protected":false},"featured_media":4994,"comment_status":"closed","ping_status":"open","template":"","meta":{"_acf_changed":false},"product_brand":[675],"product_cat":[1315,1321,1279],"product_tag":[],"class_list":{"0":"post-61341","1":"product","2":"type-product","3":"status-publish","4":"has-post-thumbnail","6":"product_brand-skywatcher","7":"product_cat-accessoires","8":"product_cat-accessoires-mecaniques","9":"product_cat-montures","11":"first","12":"instock","13":"taxable","14":"shipping-taxable","15":"purchasable","16":"product-type-simple"},"acf":[],"_links":{"self":[{"href":"https:\/\/www.teleskopshop.ch\/fr\/wp-json\/wp\/v2\/product\/61341","targetHints":{"allow":["GET"]}}],"collection":[{"href":"https:\/\/www.teleskopshop.ch\/fr\/wp-json\/wp\/v2\/product"}],"about":[{"href":"https:\/\/www.teleskopshop.ch\/fr\/wp-json\/wp\/v2\/types\/product"}],"replies":[{"embeddable":true,"href":"https:\/\/www.teleskopshop.ch\/fr\/wp-json\/wp\/v2\/comments?post=61341"}],"wp:featuredmedia":[{"embeddable":true,"href":"https:\/\/www.teleskopshop.ch\/fr\/wp-json\/wp\/v2\/media\/4994"}],"wp:attachment":[{"href":"https:\/\/www.teleskopshop.ch\/fr\/wp-json\/wp\/v2\/media?parent=61341"}],"wp:term":[{"taxonomy":"product_brand","embeddable":true,"href":"https:\/\/www.teleskopshop.ch\/fr\/wp-json\/wp\/v2\/product_brand?post=61341"},{"taxonomy":"product_cat","embeddable":true,"href":"https:\/\/www.teleskopshop.ch\/fr\/wp-json\/wp\/v2\/product_cat?post=61341"},{"taxonomy":"product_tag","embeddable":true,"href":"https:\/\/www.teleskopshop.ch\/fr\/wp-json\/wp\/v2\/product_tag?post=61341"}],"curies":[{"name":"wp","href":"https:\/\/api.w.org\/{rel}","templated":true}]}}