{"id":61329,"date":"2022-05-09T00:00:00","date_gmt":"2022-05-08T22:00:00","guid":{"rendered":"https:\/\/2025.teleskopshop.ch\/shop\/non%20class\u00e9\/skywatcher-saeule-fuer-eq5-und-heq5-teleskop-montierungen\/"},"modified":"2025-01-25T11:56:51","modified_gmt":"2025-01-25T10:56:51","slug":"skywatcher-saeule-fuer-eq5-und-heq5-teleskop-montierungen","status":"publish","type":"product","link":"https:\/\/www.teleskopshop.ch\/fr\/shop\/montures\/accessoires\/accessoires-mecaniques\/skywatcher-saeule-fuer-eq5-und-heq5-teleskop-montierungen\/","title":{"rendered":"Pilier Skywatcher pour montures de t\u00e9lescope EQ5 et HEQ5"},"content":{"rendered":"<p>Une plate-forme solide pour les montures Sky-Watcher EQ5 et HEQ5. La colonne est \u00e9quip\u00e9e de roues qui peuvent \u00eatre d\u00e9sactiv\u00e9es pendant l&rsquo;utilisation. La colonne est con\u00e7ue pour \u00eatre utilis\u00e9e sur une surface dure et plane \u00e0 proximit\u00e9 de l&#8217;emplacement de stockage. Contenu de la livraison&nbsp;: Colonne pour EQ5 \/ HEQ5 blanc&nbsp;! L&rsquo;alimentation et les piles ne sont pas incluses&nbsp;!<\/p>\n<p>G\u00e9n\u00e9ralit\u00e9s<\/p>\n<table>\n<tr>\n<td>Poids<\/td>\n<p> d&rsquo;exp\u00e9dition <\/p>\n<td>16,9 kg<\/td>\n<\/tr>\n<\/table>\n<table>\n<tr>Taille d&rsquo; <\/p>\n<td>exp\u00e9dition<\/td>\n<td>53.5&#215;52.5x22cm \/ 95x17x17cm<\/td>\n<\/tr>\n<\/table>\n<p>Accessoires<\/p>\n<table>\n<tr>\n<td>Type<\/td>\n<td>Colonne pour EQ5 \/ HEQ5<\/td>\n<\/tr>\n<\/table>\n","protected":false},"excerpt":{"rendered":"<p>Skywatcher Colonne mobile stable pour montures de t\u00e9lescope EQ5 et HEQ5<\/p>\n","protected":false},"featured_media":4978,"comment_status":"closed","ping_status":"open","template":"","meta":{"_acf_changed":false},"product_brand":[675],"product_cat":[1315,1321,1279],"product_tag":[],"class_list":{"0":"post-61329","1":"product","2":"type-product","3":"status-publish","4":"has-post-thumbnail","6":"product_brand-skywatcher","7":"product_cat-accessoires","8":"product_cat-accessoires-mecaniques","9":"product_cat-montures","11":"first","12":"instock","13":"taxable","14":"shipping-taxable","15":"purchasable","16":"product-type-simple"},"acf":[],"_links":{"self":[{"href":"https:\/\/www.teleskopshop.ch\/fr\/wp-json\/wp\/v2\/product\/61329","targetHints":{"allow":["GET"]}}],"collection":[{"href":"https:\/\/www.teleskopshop.ch\/fr\/wp-json\/wp\/v2\/product"}],"about":[{"href":"https:\/\/www.teleskopshop.ch\/fr\/wp-json\/wp\/v2\/types\/product"}],"replies":[{"embeddable":true,"href":"https:\/\/www.teleskopshop.ch\/fr\/wp-json\/wp\/v2\/comments?post=61329"}],"wp:featuredmedia":[{"embeddable":true,"href":"https:\/\/www.teleskopshop.ch\/fr\/wp-json\/wp\/v2\/media\/4978"}],"wp:attachment":[{"href":"https:\/\/www.teleskopshop.ch\/fr\/wp-json\/wp\/v2\/media?parent=61329"}],"wp:term":[{"taxonomy":"product_brand","embeddable":true,"href":"https:\/\/www.teleskopshop.ch\/fr\/wp-json\/wp\/v2\/product_brand?post=61329"},{"taxonomy":"product_cat","embeddable":true,"href":"https:\/\/www.teleskopshop.ch\/fr\/wp-json\/wp\/v2\/product_cat?post=61329"},{"taxonomy":"product_tag","embeddable":true,"href":"https:\/\/www.teleskopshop.ch\/fr\/wp-json\/wp\/v2\/product_tag?post=61329"}],"curies":[{"name":"wp","href":"https:\/\/api.w.org\/{rel}","templated":true}]}}