{"id":61326,"date":"2022-05-09T00:00:00","date_gmt":"2022-05-08T22:00:00","guid":{"rendered":"https:\/\/2025.teleskopshop.ch\/shop\/non%20class\u00e9\/skywatcher-multifunktions-teleskop-montageplatte\/"},"modified":"2025-01-25T11:56:51","modified_gmt":"2025-01-25T10:56:51","slug":"skywatcher-multifunktions-teleskop-montageplatte","status":"publish","type":"product","link":"https:\/\/www.teleskopshop.ch\/fr\/shop\/montures\/accessoires\/accessoires-mecaniques\/skywatcher-multifunktions-teleskop-montageplatte\/","title":{"rendered":"Plaque de montage du t\u00e9lescope multifonction Skywatcher"},"content":{"rendered":"<p>Plaque de montage multifonction Skywatcher.Vous pouvez, par exemple, monter un t\u00e9lescope avec des anneaux de tube. Avec trois trous filet\u00e9s 1\/4&Prime;, le tout peut \u00eatre viss\u00e9 sur un tr\u00e9pied photo. Contenu de la livraison : rail de montage ! L&rsquo;alimentation et les piles ne sont pas incluses dans la livraison !<\/p>\n<p>G\u00e9n\u00e9ralit\u00e9s<\/p>\n<table>\n<tr>\n<td>Poids<\/td>\n<p> d&rsquo;exp\u00e9dition <\/p>\n<td>0,066 kg<\/td>\n<\/tr>\n<\/table>\n<table>\n<tr>\n<td>Taille<\/td>\n<p> d&rsquo;exp\u00e9dition <\/p>\n<td>15x8x5cm<\/td>\n<\/tr>\n<\/table>\n<p>Accessoires<\/p>\n<table>\n<tr>\n<td>Type<\/td>\n<td>rail de montage<\/td>\n<\/tr>\n<\/table>\n","protected":false},"excerpt":{"rendered":"<p>Skywatcher Plaque de montage polyvalente, par exemple pour les t\u00e9lescopes sur les tr\u00e9pieds photo<\/p>\n","protected":false},"featured_media":4974,"comment_status":"closed","ping_status":"open","template":"","meta":{"_acf_changed":false},"product_brand":[675],"product_cat":[1315,1321,1279],"product_tag":[],"class_list":{"0":"post-61326","1":"product","2":"type-product","3":"status-publish","4":"has-post-thumbnail","6":"product_brand-skywatcher","7":"product_cat-accessoires","8":"product_cat-accessoires-mecaniques","9":"product_cat-montures","11":"first","12":"instock","13":"taxable","14":"shipping-taxable","15":"purchasable","16":"product-type-simple"},"acf":[],"_links":{"self":[{"href":"https:\/\/www.teleskopshop.ch\/fr\/wp-json\/wp\/v2\/product\/61326","targetHints":{"allow":["GET"]}}],"collection":[{"href":"https:\/\/www.teleskopshop.ch\/fr\/wp-json\/wp\/v2\/product"}],"about":[{"href":"https:\/\/www.teleskopshop.ch\/fr\/wp-json\/wp\/v2\/types\/product"}],"replies":[{"embeddable":true,"href":"https:\/\/www.teleskopshop.ch\/fr\/wp-json\/wp\/v2\/comments?post=61326"}],"wp:featuredmedia":[{"embeddable":true,"href":"https:\/\/www.teleskopshop.ch\/fr\/wp-json\/wp\/v2\/media\/4974"}],"wp:attachment":[{"href":"https:\/\/www.teleskopshop.ch\/fr\/wp-json\/wp\/v2\/media?parent=61326"}],"wp:term":[{"taxonomy":"product_brand","embeddable":true,"href":"https:\/\/www.teleskopshop.ch\/fr\/wp-json\/wp\/v2\/product_brand?post=61326"},{"taxonomy":"product_cat","embeddable":true,"href":"https:\/\/www.teleskopshop.ch\/fr\/wp-json\/wp\/v2\/product_cat?post=61326"},{"taxonomy":"product_tag","embeddable":true,"href":"https:\/\/www.teleskopshop.ch\/fr\/wp-json\/wp\/v2\/product_tag?post=61326"}],"curies":[{"name":"wp","href":"https:\/\/api.w.org\/{rel}","templated":true}]}}