{"id":61320,"date":"2022-05-09T00:00:00","date_gmt":"2022-05-08T22:00:00","guid":{"rendered":"https:\/\/2025.teleskopshop.ch\/shop\/non%20class\u00e9\/skywatcher-evostar-150ed-deluxe-rohrschellen-und-prismenschienen-set\/"},"modified":"2025-01-25T11:56:39","modified_gmt":"2025-01-25T10:56:39","slug":"skywatcher-evostar-150ed-deluxe-rohrschellen-und-prismenschienen-set","status":"publish","type":"product","link":"https:\/\/www.teleskopshop.ch\/fr\/shop\/montures\/accessoires\/accessoires-mecaniques\/skywatcher-evostar-150ed-deluxe-rohrschellen-und-prismenschienen-set\/","title":{"rendered":"Skywatcher Evostar 150ED Deluxe ensemble de bagues de tube et de barres de queue d&rsquo;aronde"},"content":{"rendered":"<p>Jeu de colliers de serrage en aluminium de haute qualit\u00e9 pour le Skywatcher Evostar 150ED. Cet ensemble est plus solide que l&rsquo;ensemble de barres \u00e0 queue d&rsquo;aronde de style Vixen d&rsquo;origine qui l&rsquo;accompagne et est fabriqu\u00e9 en aluminium anodis\u00e9 noir et vert. L&rsquo;ensemble p\u00e8se 2,1 kg. Le t\u00e9lescope n&rsquo;est pas inclus! Contenu de la livraison : 1 paire de colliers de serrage 1 barre \u00e0 queue d&rsquo;aronde 3&Prime; Losmandy Style ! L&rsquo;alimentation et les piles ne sont pas incluses !<\/p>\n<p>G\u00e9n\u00e9ralit\u00e9s<\/p>\n<table>\n<tr>Poids d&rsquo; <\/p>\n<td>exp\u00e9dition<\/td>\n<td>1,2 kg \/ 1,2 kg<\/td>\n<\/tr>\n<\/table>\n<table>\n<tr>Taille d&rsquo; <\/p>\n<td>exp\u00e9dition<\/td>\n<td>38&#215;14.5x6cm \/ 20x20x10cm<\/td>\n<\/tr>\n<\/table>\n<p>Accessoires<\/p>\n<table>\n<tr>\n<td>Type<\/td>\n<td>paire de serre-tubes en aluminium \/ barre \u00e0 queue d&rsquo;aronde de 3&Prime;<\/td>\n<\/tr>\n<\/table>\n<table>\n<tr>\n<td>mat\u00e9riau<\/td>\n<td>aluminium<\/td>\n<\/tr>\n<\/table>\n","protected":false},"excerpt":{"rendered":"<p>Jeu de colliers de serrage en aluminium avec barre en queue d&rsquo;aronde de 3&Prime; pour Evostar 150ED<\/p>\n","protected":false},"featured_media":4966,"comment_status":"closed","ping_status":"open","template":"","meta":{"_acf_changed":false},"product_brand":[675],"product_cat":[1315,1321,1279],"product_tag":[],"class_list":{"0":"post-61320","1":"product","2":"type-product","3":"status-publish","4":"has-post-thumbnail","6":"product_brand-skywatcher","7":"product_cat-accessoires","8":"product_cat-accessoires-mecaniques","9":"product_cat-montures","11":"first","12":"instock","13":"taxable","14":"shipping-taxable","15":"purchasable","16":"product-type-simple"},"acf":[],"_links":{"self":[{"href":"https:\/\/www.teleskopshop.ch\/fr\/wp-json\/wp\/v2\/product\/61320","targetHints":{"allow":["GET"]}}],"collection":[{"href":"https:\/\/www.teleskopshop.ch\/fr\/wp-json\/wp\/v2\/product"}],"about":[{"href":"https:\/\/www.teleskopshop.ch\/fr\/wp-json\/wp\/v2\/types\/product"}],"replies":[{"embeddable":true,"href":"https:\/\/www.teleskopshop.ch\/fr\/wp-json\/wp\/v2\/comments?post=61320"}],"wp:featuredmedia":[{"embeddable":true,"href":"https:\/\/www.teleskopshop.ch\/fr\/wp-json\/wp\/v2\/media\/4966"}],"wp:attachment":[{"href":"https:\/\/www.teleskopshop.ch\/fr\/wp-json\/wp\/v2\/media?parent=61320"}],"wp:term":[{"taxonomy":"product_brand","embeddable":true,"href":"https:\/\/www.teleskopshop.ch\/fr\/wp-json\/wp\/v2\/product_brand?post=61320"},{"taxonomy":"product_cat","embeddable":true,"href":"https:\/\/www.teleskopshop.ch\/fr\/wp-json\/wp\/v2\/product_cat?post=61320"},{"taxonomy":"product_tag","embeddable":true,"href":"https:\/\/www.teleskopshop.ch\/fr\/wp-json\/wp\/v2\/product_tag?post=61320"}],"curies":[{"name":"wp","href":"https:\/\/api.w.org\/{rel}","templated":true}]}}