{"id":61311,"date":"2022-05-09T00:00:00","date_gmt":"2022-05-08T22:00:00","guid":{"rendered":"https:\/\/2025.teleskopshop.ch\/shop\/non%20class\u00e9\/skywatcher-eq5-heq5-verlaengerungssaeule\/"},"modified":"2025-01-25T11:50:04","modified_gmt":"2025-01-25T10:50:04","slug":"skywatcher-eq5-heq5-verlaengerungssaeule","status":"publish","type":"product","link":"https:\/\/www.teleskopshop.ch\/fr\/shop\/montures\/accessoires\/accessoires-mecaniques\/skywatcher-eq5-heq5-verlaengerungssaeule\/","title":{"rendered":"Colonne d&rsquo;extension Skywatcher EQ5 \/ HEQ5"},"content":{"rendered":"<p>Colonne d&rsquo;extension Sky-Watcher pour allonger les tr\u00e9pieds des montures EQ5 et HEQ5 et ainsi simplifier la vue dans une longue lunette. Il est viss\u00e9 entre la monture et le tr\u00e9pied. Le tube en m\u00e9tal lourd augmente la hauteur du tr\u00e9pied de 40 cm et ne nuit pas \u00e0 sa stabilit\u00e9. Contenu de la livraison&nbsp;: colonne d&rsquo;extension&nbsp;! L&rsquo;alimentation et les piles ne sont pas incluses&nbsp;!<\/p>\n<p>G\u00e9n\u00e9ral<\/p>\n<table>\n<tr>\n<td>Poids<\/td>\n<p> d&rsquo;exp\u00e9dition <\/p>\n<td>5,7<\/td>\n<p> kg<\/tr>\n<\/table>\n<table>\n<tr>\n<td>Taille<\/td>\n<p> d&rsquo;exp\u00e9dition <\/p>\n<td>57.5x18x17cm<\/td>\n<\/tr>\n<\/table>\n<p>\u00e9quipement<\/p>\n<table>\n<tr>Colonne d&rsquo;extension de <\/p>\n<td>type<\/td>\n<td>EQ5<\/td>\n<\/tr>\n<\/table>\n","protected":false},"excerpt":{"rendered":"<p>Skywatcher Colonne d&rsquo;extension stable pour montures de t\u00e9lescope EQ5 et HEQ5<\/p>\n","protected":false},"featured_media":4954,"comment_status":"closed","ping_status":"open","template":"","meta":{"_acf_changed":false},"product_brand":[675],"product_cat":[1315,1321,1279],"product_tag":[],"class_list":{"0":"post-61311","1":"product","2":"type-product","3":"status-publish","4":"has-post-thumbnail","6":"product_brand-skywatcher","7":"product_cat-accessoires","8":"product_cat-accessoires-mecaniques","9":"product_cat-montures","11":"first","12":"instock","13":"taxable","14":"shipping-taxable","15":"purchasable","16":"product-type-simple"},"acf":[],"_links":{"self":[{"href":"https:\/\/www.teleskopshop.ch\/fr\/wp-json\/wp\/v2\/product\/61311","targetHints":{"allow":["GET"]}}],"collection":[{"href":"https:\/\/www.teleskopshop.ch\/fr\/wp-json\/wp\/v2\/product"}],"about":[{"href":"https:\/\/www.teleskopshop.ch\/fr\/wp-json\/wp\/v2\/types\/product"}],"replies":[{"embeddable":true,"href":"https:\/\/www.teleskopshop.ch\/fr\/wp-json\/wp\/v2\/comments?post=61311"}],"wp:featuredmedia":[{"embeddable":true,"href":"https:\/\/www.teleskopshop.ch\/fr\/wp-json\/wp\/v2\/media\/4954"}],"wp:attachment":[{"href":"https:\/\/www.teleskopshop.ch\/fr\/wp-json\/wp\/v2\/media?parent=61311"}],"wp:term":[{"taxonomy":"product_brand","embeddable":true,"href":"https:\/\/www.teleskopshop.ch\/fr\/wp-json\/wp\/v2\/product_brand?post=61311"},{"taxonomy":"product_cat","embeddable":true,"href":"https:\/\/www.teleskopshop.ch\/fr\/wp-json\/wp\/v2\/product_cat?post=61311"},{"taxonomy":"product_tag","embeddable":true,"href":"https:\/\/www.teleskopshop.ch\/fr\/wp-json\/wp\/v2\/product_tag?post=61311"}],"curies":[{"name":"wp","href":"https:\/\/api.w.org\/{rel}","templated":true}]}}