{"id":61287,"date":"2022-05-09T00:00:00","date_gmt":"2022-05-08T22:00:00","guid":{"rendered":"https:\/\/2025.teleskopshop.ch\/shop\/non%20class\u00e9\/helios-teleskop-universal-1-25-digiscoping-adapter\/"},"modified":"2025-01-25T11:49:05","modified_gmt":"2025-01-25T10:49:05","slug":"helios-teleskop-universal-1-25-digiscoping-adapter","status":"publish","type":"product","link":"https:\/\/www.teleskopshop.ch\/fr\/shop\/montures\/accessoires\/accessoires-mecaniques\/helios-teleskop-universal-1-25-digiscoping-adapter\/","title":{"rendered":"Adaptateur de digiscopie universel 1,25&Prime; pour t\u00e9lescope Helios"},"content":{"rendered":"<p>Cet adaptateur Helios int\u00e9ressant pour appareils photo num\u00e9riques permet de photographier directement \u00e0 travers l&rsquo;oculaire d&rsquo;un t\u00e9lescope astronomique, d&rsquo;une longue-vue ou d&rsquo;un microscope. Il accueille la plupart des appareils photo num\u00e9riques compacts. Le support peut \u00eatre ajust\u00e9 avec pr\u00e9cision pour un centrage parfait de l&rsquo;objectif de la cam\u00e9ra. L&rsquo;adaptateur 1,25&Prime; convient aux oculaires d&rsquo;un diam\u00e8tre de 28 mm \u00e0 45 mm. Contenu de la livraison : adaptateur de digiscopie 1,25&Prime; ! L&rsquo;alimentation et les piles ne sont pas incluses !<\/p>\n<p>G\u00e9n\u00e9ral<\/p>\n<table>\n<tr>\n<td>Poids<\/td>\n<p> d&rsquo;exp\u00e9dition <\/p>\n<td>0,496 kg<\/td>\n<\/tr>\n<\/table>\n<table>\n<tr>\n<td>Taille<\/td>\n<p> d&rsquo;exp\u00e9dition <\/p>\n<td>12x11x24cm<\/td>\n<\/tr>\n<\/table>\n<p>\u00e9quipement<\/p>\n<table>\n<tr>\n<td>Type<\/td>\n<td>Adaptateur de projection d&rsquo;oculaire 1,25&Prime;<\/td>\n<\/tr>\n<\/table>\n","protected":false},"excerpt":{"rendered":"<p>Adaptateur Helios pour prendre des photos avec des appareils photo compacts \u00e0 travers le t\u00e9lescope ou l&rsquo;oculaire de longue-vue<\/p>\n","protected":false},"featured_media":4922,"comment_status":"closed","ping_status":"open","template":"","meta":{"_acf_changed":false},"product_brand":[682],"product_cat":[1315,1321,1279],"product_tag":[],"class_list":{"0":"post-61287","1":"product","2":"type-product","3":"status-publish","4":"has-post-thumbnail","6":"product_brand-helios","7":"product_cat-accessoires","8":"product_cat-accessoires-mecaniques","9":"product_cat-montures","11":"first","12":"instock","13":"taxable","14":"shipping-taxable","15":"purchasable","16":"product-type-simple"},"acf":[],"_links":{"self":[{"href":"https:\/\/www.teleskopshop.ch\/fr\/wp-json\/wp\/v2\/product\/61287","targetHints":{"allow":["GET"]}}],"collection":[{"href":"https:\/\/www.teleskopshop.ch\/fr\/wp-json\/wp\/v2\/product"}],"about":[{"href":"https:\/\/www.teleskopshop.ch\/fr\/wp-json\/wp\/v2\/types\/product"}],"replies":[{"embeddable":true,"href":"https:\/\/www.teleskopshop.ch\/fr\/wp-json\/wp\/v2\/comments?post=61287"}],"wp:featuredmedia":[{"embeddable":true,"href":"https:\/\/www.teleskopshop.ch\/fr\/wp-json\/wp\/v2\/media\/4922"}],"wp:attachment":[{"href":"https:\/\/www.teleskopshop.ch\/fr\/wp-json\/wp\/v2\/media?parent=61287"}],"wp:term":[{"taxonomy":"product_brand","embeddable":true,"href":"https:\/\/www.teleskopshop.ch\/fr\/wp-json\/wp\/v2\/product_brand?post=61287"},{"taxonomy":"product_cat","embeddable":true,"href":"https:\/\/www.teleskopshop.ch\/fr\/wp-json\/wp\/v2\/product_cat?post=61287"},{"taxonomy":"product_tag","embeddable":true,"href":"https:\/\/www.teleskopshop.ch\/fr\/wp-json\/wp\/v2\/product_tag?post=61287"}],"curies":[{"name":"wp","href":"https:\/\/api.w.org\/{rel}","templated":true}]}}