{"id":61284,"date":"2022-05-09T00:00:00","date_gmt":"2022-05-08T22:00:00","guid":{"rendered":"https:\/\/2025.teleskopshop.ch\/shop\/non%20class\u00e9\/teleskop-twistlock-adapter-2-auf-1-25\/"},"modified":"2025-01-25T11:54:58","modified_gmt":"2025-01-25T10:54:58","slug":"teleskop-twistlock-adapter-2-auf-1-25","status":"publish","type":"product","link":"https:\/\/www.teleskopshop.ch\/fr\/shop\/montures\/accessoires\/accessoires-mecaniques\/teleskop-twistlock-adapter-2-auf-1-25\/","title":{"rendered":"Adaptateur TwistLock pour t\u00e9lescope 2&Prime; \u00e0 1,25&Prime;"},"content":{"rendered":"<p>L&rsquo;adaptateur OVL TwistLock est un adaptateur d&rsquo;oculaire de t\u00e9lescope innovant, discret et \u00e0 centrage automatique de 2&Prime; \u00e0 1,25&Prime; dans une construction m\u00e9tallique filet\u00e9e robuste pour accueillir des filtres standard de 2&Prime;. Il suffit de tourner la bague de montage sup\u00e9rieure et molet\u00e9e et votre oculaire de 1,25&Prime; , adaptateur de cam\u00e9ra ou collimateur laser est centr\u00e9 avec pr\u00e9cision dans votre porte-oculaire de 2 \u00ab\u00a0et s\u00e9curis\u00e9 par un anneau de compression en polypropyl\u00e8ne qui emp\u00eache de rayer ou d&rsquo;endommager l&rsquo;accessoire. Les adaptateurs standard de 1,25&Prime; utilisent une vis \u00e0 oreilles qui comprime l&rsquo;accessoire d&rsquo;un c\u00f4t\u00e9 lorsqu&rsquo;il est serr\u00e9, pas si cet adaptateur. Mais attendez, il y a plus&#8230; si vous d\u00e9vissez la bague de montage molet\u00e9e, vous trouverez un filetage m\u00e2le T2 en dessous qui accepte votre appareil photo ou un autre accessoire. (Adaptateur 2\u00a0\u00bb vers T2). Ainsi, vous obtenez 2 adaptateurs pour le prix d&rsquo;un. Vous en voudrez certainement un pour chacun de vos t\u00e9lescopes ! Contenu de la livraison : bague d&rsquo;adaptation ! L&rsquo;alimentation et les piles ne sont pas incluses dans la livraison !<\/p>\n<p>G\u00e9n\u00e9ral<\/p>\n<table>\n<tr>\n<td>Poids<\/td>\n<p> d&rsquo;exp\u00e9dition <\/p>\n<td>0,112 kg<\/td>\n<\/tr>\n<\/table>\n<table>\n<tr>\n<td>Taille<\/td>\n<p> d&rsquo;exp\u00e9dition <\/p>\n<td>7.5&#215;6.5x4cm<\/td>\n<\/tr>\n<\/table>\n<p>\u00e9quipement<\/p>\n<table>\n<tr>Adaptateur \u00e0 centrage automatique de <\/p>\n<td>type<\/td>\n<td>1,25&Prime; \u00e0 2&Prime;<\/td>\n<\/tr>\n<\/table>\n<table>\n<tr>\n<td>Raccordement<\/td>\n<td>c\u00f4t\u00e9 t\u00e9lescope connecteur 2&Prime; \/ c\u00f4t\u00e9 oculaire connecteur 1,25&Prime;<\/td>\n<\/tr>\n<\/table>\n","protected":false},"excerpt":{"rendered":"<p>Adaptateur de t\u00e9lescope \u00e0 centrage automatique pour accessoires 1,25&Prime; \u00e0 connexion 2&Prime;<\/p>\n","protected":false},"featured_media":5802,"comment_status":"closed","ping_status":"open","template":"","meta":{"_acf_changed":false},"product_brand":[681],"product_cat":[1315,1321,1279],"product_tag":[],"class_list":{"0":"post-61284","1":"product","2":"type-product","3":"status-publish","4":"has-post-thumbnail","6":"product_brand-sonstige","7":"product_cat-accessoires","8":"product_cat-accessoires-mecaniques","9":"product_cat-montures","11":"first","12":"instock","13":"taxable","14":"shipping-taxable","15":"purchasable","16":"product-type-simple"},"acf":[],"_links":{"self":[{"href":"https:\/\/www.teleskopshop.ch\/fr\/wp-json\/wp\/v2\/product\/61284","targetHints":{"allow":["GET"]}}],"collection":[{"href":"https:\/\/www.teleskopshop.ch\/fr\/wp-json\/wp\/v2\/product"}],"about":[{"href":"https:\/\/www.teleskopshop.ch\/fr\/wp-json\/wp\/v2\/types\/product"}],"replies":[{"embeddable":true,"href":"https:\/\/www.teleskopshop.ch\/fr\/wp-json\/wp\/v2\/comments?post=61284"}],"wp:featuredmedia":[{"embeddable":true,"href":"https:\/\/www.teleskopshop.ch\/fr\/wp-json\/wp\/v2\/media\/5802"}],"wp:attachment":[{"href":"https:\/\/www.teleskopshop.ch\/fr\/wp-json\/wp\/v2\/media?parent=61284"}],"wp:term":[{"taxonomy":"product_brand","embeddable":true,"href":"https:\/\/www.teleskopshop.ch\/fr\/wp-json\/wp\/v2\/product_brand?post=61284"},{"taxonomy":"product_cat","embeddable":true,"href":"https:\/\/www.teleskopshop.ch\/fr\/wp-json\/wp\/v2\/product_cat?post=61284"},{"taxonomy":"product_tag","embeddable":true,"href":"https:\/\/www.teleskopshop.ch\/fr\/wp-json\/wp\/v2\/product_tag?post=61284"}],"curies":[{"name":"wp","href":"https:\/\/api.w.org\/{rel}","templated":true}]}}