{"id":61269,"date":"2022-05-09T00:00:00","date_gmt":"2022-05-08T22:00:00","guid":{"rendered":"https:\/\/2025.teleskopshop.ch\/shop\/non%20class\u00e9\/synscan-goto-upgrade-set-eq3-2\/"},"modified":"2025-01-25T11:49:05","modified_gmt":"2025-01-25T10:49:05","slug":"synscan-goto-upgrade-set-eq3-2","status":"publish","type":"product","link":"https:\/\/www.teleskopshop.ch\/fr\/shop\/montures\/accessoires\/accessoires-electroniques\/synscan-goto-upgrade-set-eq3-2\/","title":{"rendered":"Kit de mise \u00e0 niveau SynScan\u2122 GoTo EQ3-2"},"content":{"rendered":"<p>Pour une mise \u00e0 niveau facile des supports Sky-Watcher standard (non Pro) vers les fonctions GoTo contr\u00f4l\u00e9es par ordinateur. L&rsquo;ensemble contient le bo\u00eetier de commande manuelle GoTo compatible V.5 SynScanTM Flash Upgrade, 2 moteurs d&rsquo;entra\u00eenement pour la d\u00e9clinaison et l&rsquo;ascension droite, le bo\u00eetier SynScan, le c\u00e2ble et le support pour le bo\u00eetier de commande manuelle. Contenu de la livraison : bo\u00eetier de t\u00e9l\u00e9commande 2 moteurs bo\u00eetier \u00e9lectronique support de c\u00e2ble pour bo\u00eetier de t\u00e9l\u00e9commande ! L&rsquo;alimentation \u00e9lectrique et les piles ne sont pas comprises dans la livraison !<\/p>\n<p>G\u00e9n\u00e9ral<\/p>\n<table>\n<tr>\n<td>Poids<\/td>\n<p> d&rsquo;exp\u00e9dition <\/p>\n<td>1,8 kg<\/td>\n<\/tr>\n<\/table>\n<table>\n<tr>\n<td>Taille<\/td>\n<p> d&rsquo;exp\u00e9dition <\/p>\n<td>33&#215;22.5x15cm<\/td>\n<\/tr>\n<\/table>\n<p>\u00e9quipement<\/p>\n<table>\n<tr>\n<td>Type<\/td>\n<td>de jeu de contr\u00f4le de conversion GoTo<\/td>\n<\/tr>\n<\/table>\n","protected":false},"excerpt":{"rendered":"<p>Kit de mise \u00e0 niveau pour les supports EQ3-2 standard<\/p>\n","protected":false},"featured_media":4914,"comment_status":"closed","ping_status":"open","template":"","meta":{"_acf_changed":false},"product_brand":[680],"product_cat":[1315,1318,1279],"product_tag":[],"class_list":{"0":"post-61269","1":"product","2":"type-product","3":"status-publish","4":"has-post-thumbnail","6":"product_brand-synscan","7":"product_cat-accessoires","8":"product_cat-accessoires-electroniques","9":"product_cat-montures","11":"first","12":"instock","13":"taxable","14":"shipping-taxable","15":"purchasable","16":"product-type-simple"},"acf":[],"_links":{"self":[{"href":"https:\/\/www.teleskopshop.ch\/fr\/wp-json\/wp\/v2\/product\/61269","targetHints":{"allow":["GET"]}}],"collection":[{"href":"https:\/\/www.teleskopshop.ch\/fr\/wp-json\/wp\/v2\/product"}],"about":[{"href":"https:\/\/www.teleskopshop.ch\/fr\/wp-json\/wp\/v2\/types\/product"}],"replies":[{"embeddable":true,"href":"https:\/\/www.teleskopshop.ch\/fr\/wp-json\/wp\/v2\/comments?post=61269"}],"wp:featuredmedia":[{"embeddable":true,"href":"https:\/\/www.teleskopshop.ch\/fr\/wp-json\/wp\/v2\/media\/4914"}],"wp:attachment":[{"href":"https:\/\/www.teleskopshop.ch\/fr\/wp-json\/wp\/v2\/media?parent=61269"}],"wp:term":[{"taxonomy":"product_brand","embeddable":true,"href":"https:\/\/www.teleskopshop.ch\/fr\/wp-json\/wp\/v2\/product_brand?post=61269"},{"taxonomy":"product_cat","embeddable":true,"href":"https:\/\/www.teleskopshop.ch\/fr\/wp-json\/wp\/v2\/product_cat?post=61269"},{"taxonomy":"product_tag","embeddable":true,"href":"https:\/\/www.teleskopshop.ch\/fr\/wp-json\/wp\/v2\/product_tag?post=61269"}],"curies":[{"name":"wp","href":"https:\/\/api.w.org\/{rel}","templated":true}]}}