{"id":61266,"date":"2022-05-09T00:00:00","date_gmt":"2022-05-08T22:00:00","guid":{"rendered":"https:\/\/2025.teleskopshop.ch\/shop\/non%20class\u00e9\/skywatcher-synscan-v-4-updatefaehige-handsteuerbox\/"},"modified":"2025-01-25T11:56:54","modified_gmt":"2025-01-25T10:56:54","slug":"skywatcher-synscan-v-4-updatefaehige-handsteuerbox","status":"publish","type":"product","link":"https:\/\/www.teleskopshop.ch\/fr\/shop\/montures\/accessoires\/accessoires-electroniques\/skywatcher-synscan-v-4-updatefaehige-handsteuerbox\/","title":{"rendered":"Skywatcher SynScan\u2122 V.4 Bo\u00eetier de commande manuelle pouvant \u00eatre mis \u00e0 jour"},"content":{"rendered":"<p>Pour les possesseurs d&rsquo;un bo\u00eetier de t\u00e9l\u00e9commande Sky-Watcher V.3 qui souhaitent passer au nouveau bo\u00eetier de t\u00e9l\u00e9commande V.4 SynScanTM avec ses nouvelles fonctions : Vous pouvez mettre \u00e0 jour le firmware du nouveau bo\u00eetier de t\u00e9l\u00e9commande via Internet, il contient des pr\u00e9cision de positionnement (PAE) et peut enregistrer les donn\u00e9es de routine d&rsquo;alignement. Vous pouvez \u00e9galement connecter une souris GPS. (Le c\u00e2ble du contr\u00f4leur au support n&rsquo;est pas inclus) Contenu de la livraison : bo\u00eetier de commande manuelle ! L&rsquo;alimentation \u00e9lectrique et les piles ne sont pas incluses dans la livraison !<\/p>\n<p>G\u00e9n\u00e9ralit\u00e9s<\/p>\n<table>\n<tr>\n<td>Poids<\/td>\n<p> d&rsquo;exp\u00e9dition <\/p>\n<td>0,156 kg<\/td>\n<\/tr>\n<\/table>\n<table>\n<tr>\n<td>Taille<\/td>\n<p> d&rsquo;exp\u00e9dition <\/p>\n<td>25x12x5cm<\/td>\n<\/tr>\n<\/table>\n<p>Accessoires<\/p>\n<table>\n<tr>\n<td>Type<\/td>\n<td>SynScan\u2122 V.4 bo\u00eetier de commande manuelle<\/td>\n<\/tr>\n<\/table>\n","protected":false},"excerpt":{"rendered":"<p>Pour les possesseurs d&rsquo;un V.3 Bo\u00eetier de commande manuelle en tant que mise \u00e0 niveau<\/p>\n","protected":false},"featured_media":4910,"comment_status":"closed","ping_status":"open","template":"","meta":{"_acf_changed":false},"product_brand":[675],"product_cat":[1315,1318,1279],"product_tag":[],"class_list":{"0":"post-61266","1":"product","2":"type-product","3":"status-publish","4":"has-post-thumbnail","6":"product_brand-skywatcher","7":"product_cat-accessoires","8":"product_cat-accessoires-electroniques","9":"product_cat-montures","11":"first","12":"instock","13":"taxable","14":"shipping-taxable","15":"purchasable","16":"product-type-simple"},"acf":[],"_links":{"self":[{"href":"https:\/\/www.teleskopshop.ch\/fr\/wp-json\/wp\/v2\/product\/61266","targetHints":{"allow":["GET"]}}],"collection":[{"href":"https:\/\/www.teleskopshop.ch\/fr\/wp-json\/wp\/v2\/product"}],"about":[{"href":"https:\/\/www.teleskopshop.ch\/fr\/wp-json\/wp\/v2\/types\/product"}],"replies":[{"embeddable":true,"href":"https:\/\/www.teleskopshop.ch\/fr\/wp-json\/wp\/v2\/comments?post=61266"}],"wp:featuredmedia":[{"embeddable":true,"href":"https:\/\/www.teleskopshop.ch\/fr\/wp-json\/wp\/v2\/media\/4910"}],"wp:attachment":[{"href":"https:\/\/www.teleskopshop.ch\/fr\/wp-json\/wp\/v2\/media?parent=61266"}],"wp:term":[{"taxonomy":"product_brand","embeddable":true,"href":"https:\/\/www.teleskopshop.ch\/fr\/wp-json\/wp\/v2\/product_brand?post=61266"},{"taxonomy":"product_cat","embeddable":true,"href":"https:\/\/www.teleskopshop.ch\/fr\/wp-json\/wp\/v2\/product_cat?post=61266"},{"taxonomy":"product_tag","embeddable":true,"href":"https:\/\/www.teleskopshop.ch\/fr\/wp-json\/wp\/v2\/product_tag?post=61266"}],"curies":[{"name":"wp","href":"https:\/\/api.w.org\/{rel}","templated":true}]}}