{"id":61263,"date":"2022-05-09T00:00:00","date_gmt":"2022-05-08T22:00:00","guid":{"rendered":"https:\/\/2025.teleskopshop.ch\/shop\/non%20class\u00e9\/skywatcher-synscan-pro-goto-upgrade-kit-heq5\/"},"modified":"2025-01-25T11:49:06","modified_gmt":"2025-01-25T10:49:06","slug":"skywatcher-synscan-pro-goto-upgrade-kit-heq5","status":"publish","type":"product","link":"https:\/\/www.teleskopshop.ch\/fr\/shop\/montures\/accessoires\/accessoires-electroniques\/skywatcher-synscan-pro-goto-upgrade-kit-heq5\/","title":{"rendered":"Kit de mise \u00e0 niveau Skywatcher SynScan\u2122 Pro GoTo HEQ5"},"content":{"rendered":"<p>Pour une mise \u00e0 niveau facile des supports Sky-Watcher (non Pro) HEQ5 standard vers les fonctions GoTo contr\u00f4l\u00e9es par ordinateur. L&rsquo;ensemble contient le bo\u00eetier de commande manuelle GoTo compatible avec la mise \u00e0 niveau V.5 SynScan\u2122 Flash, 2 moteurs d&rsquo;entra\u00eenement pour la d\u00e9clinaison et l&rsquo;ascension droite, un panneau de commande\/carte m\u00e8re de remplacement, un c\u00e2ble, un serre-c\u00e2ble et un support pour le bo\u00eetier de commande manuelle. Contenu de la livraison : bo\u00eetier de commande manuelle 2 moteurs panneau de commande\/c\u00e2ble de la carte m\u00e8re support serre-c\u00e2ble pour bo\u00eetier de commande manuelle L&rsquo;alimentation \u00e9lectrique et les piles ne sont pas comprises dans la livraison !<\/p>\n<p>G\u00e9n\u00e9ral<\/p>\n<table>\n<tr>\n<td>Poids d&rsquo;<\/td>\n<td>exp\u00e9dition<\/td>\n<p> 1,4 kg<\/tr>\n<\/table>\n<table>\n<tr>\n<td>Taille<\/td>\n<p> d&rsquo;exp\u00e9dition <\/p>\n<td>33,5x20x10cm<\/td>\n<\/tr>\n<\/table>\n<p>\u00e9quipement<\/p>\n<table>\n<tr>\n<td>Kit de contr\u00f4le<\/td>\n<td>GoTo<\/td>\n<\/tr>\n<\/table>\n","protected":false},"excerpt":{"rendered":"<p>Pour la mise \u00e0 niveau de la norme HEQ5 avec GoTo V.5 pilotage<\/p>\n","protected":false},"featured_media":4906,"comment_status":"closed","ping_status":"open","template":"","meta":{"_acf_changed":false},"product_brand":[675],"product_cat":[1315,1318,1279],"product_tag":[],"class_list":{"0":"post-61263","1":"product","2":"type-product","3":"status-publish","4":"has-post-thumbnail","6":"product_brand-skywatcher","7":"product_cat-accessoires","8":"product_cat-accessoires-electroniques","9":"product_cat-montures","11":"first","12":"instock","13":"taxable","14":"shipping-taxable","15":"purchasable","16":"product-type-simple"},"acf":[],"_links":{"self":[{"href":"https:\/\/www.teleskopshop.ch\/fr\/wp-json\/wp\/v2\/product\/61263","targetHints":{"allow":["GET"]}}],"collection":[{"href":"https:\/\/www.teleskopshop.ch\/fr\/wp-json\/wp\/v2\/product"}],"about":[{"href":"https:\/\/www.teleskopshop.ch\/fr\/wp-json\/wp\/v2\/types\/product"}],"replies":[{"embeddable":true,"href":"https:\/\/www.teleskopshop.ch\/fr\/wp-json\/wp\/v2\/comments?post=61263"}],"wp:featuredmedia":[{"embeddable":true,"href":"https:\/\/www.teleskopshop.ch\/fr\/wp-json\/wp\/v2\/media\/4906"}],"wp:attachment":[{"href":"https:\/\/www.teleskopshop.ch\/fr\/wp-json\/wp\/v2\/media?parent=61263"}],"wp:term":[{"taxonomy":"product_brand","embeddable":true,"href":"https:\/\/www.teleskopshop.ch\/fr\/wp-json\/wp\/v2\/product_brand?post=61263"},{"taxonomy":"product_cat","embeddable":true,"href":"https:\/\/www.teleskopshop.ch\/fr\/wp-json\/wp\/v2\/product_cat?post=61263"},{"taxonomy":"product_tag","embeddable":true,"href":"https:\/\/www.teleskopshop.ch\/fr\/wp-json\/wp\/v2\/product_tag?post=61263"}],"curies":[{"name":"wp","href":"https:\/\/api.w.org\/{rel}","templated":true}]}}