{"id":61257,"date":"2022-05-09T00:00:00","date_gmt":"2022-05-08T22:00:00","guid":{"rendered":"https:\/\/2025.teleskopshop.ch\/shop\/non%20class\u00e9\/skywatcher-synscan-wlan-adapter\/"},"modified":"2025-01-25T11:56:55","modified_gmt":"2025-01-25T10:56:55","slug":"skywatcher-synscan-wlan-adapter","status":"publish","type":"product","link":"https:\/\/www.teleskopshop.ch\/fr\/shop\/montures\/accessoires\/accessoires-electroniques\/skywatcher-synscan-wlan-adapter\/","title":{"rendered":"Adaptateur Wi-Fi Skywatcher SynScan"},"content":{"rendered":"<p>Le module adaptateur SynScan WLAN de haute qualit\u00e9 est compatible avec toutes les montures et t\u00e9lescopes Skywatcher GoTo et permet un contr\u00f4le sans fil pratique via votre smartphone ou tablette \u00e0 l&rsquo;aide de l&rsquo;application SynScan ou SynScan Pro, que vous pouvez t\u00e9l\u00e9charger gratuitement sur Google Play ou l&rsquo;application Apple Store ainsi que dans la zone \u00a0\u00bb T\u00e9l\u00e9charger\u00a0\u00bb peuvent t\u00e9l\u00e9charger. L&rsquo;adaptateur WLAN peut \u00eatre facilement connect\u00e9 au port pour les bo\u00eetiers de commande manuelle sur le support \u00e0 l&rsquo;aide des c\u00e2bles adaptateurs fournis (RJ12 vers RJ45 et RJ45 vers RJ45). Aucune pile n&rsquo;est n\u00e9cessaire car la tension d&rsquo;alimentation requise est fournie par le support. (Le support EQ6 Pro est connect\u00e9 \u00e0 l&rsquo;aide du c\u00e2ble d&rsquo;origine fourni avec le support). L&rsquo;adaptateur WLAN cr\u00e9e son propre r\u00e9seau WLAN afin que le support puisse \u00eatre utilis\u00e9 n&rsquo;importe o\u00f9 sans avoir besoin d&rsquo;un r\u00e9seau WLAN tiers. Apr\u00e8s avoir saisi les coordonn\u00e9es de votre emplacement dans l&rsquo;application SynScan et suivi une proc\u00e9dure d&rsquo;alignement simple, vous \u00eates pr\u00eat \u00e0 utiliser les menus intuitifs de l&rsquo;\u00e9cran tactile de l&rsquo;application. Les applications SynScan prennent en charge l&rsquo;application de plan\u00e9tarium mobile SkySafari Plus\/Pro pour Android et Apple iOS. (Veuillez noter que pour Apple iOS, vous avez besoin de deux appareils en m\u00eame temps). L&rsquo;application SynScan et l&rsquo;application SynScan Pro prennent en charge ASCOM pour le suivi, GoTo et le guidage. Vous pouvez \u00e9galement t\u00e9l\u00e9charger le pilote de t\u00e9lescope ASCOM n\u00e9cessaire sur notre site Web sous \u00ab\u00a0T\u00e9l\u00e9chargements\u00a0\u00bb. Contenu de la livraison : C\u00e2bles adaptateurs pour module WLAN SynScan 2. L&rsquo;alimentation \u00e9lectrique et les piles ne sont pas comprises dans la livraison !<\/p>\n<p>G\u00e9n\u00e9ralit\u00e9s<\/p>\n<table>\n<tr>\n<td>Poids<\/td>\n<p> d&rsquo;exp\u00e9dition <\/p>\n<td>0,1 kg<\/td>\n<\/tr>\n<\/table>\n<table>\n<tr>\n<td>Taille<\/td>\n<p> d&rsquo;exp\u00e9dition <\/p>\n<td>12x8x3cm<\/td>\n<\/tr>\n<\/table>\n<p>Accessoires<\/p>\n<table>\n<tr>\n<td>Type<\/td>\n<td>d&rsquo;adaptateur Wi<\/td>\n<p> -Fi<\/tr>\n<\/table>\n<table>\n<tr>\n<td>Connexion<\/td>\n<td>C\u00e2ble adaptateur RJ12 et RJ45<\/td>\n<\/tr>\n<\/table>\n","protected":false},"excerpt":{"rendered":"<p>Adaptateur WLAN SynScan pour supports<\/p>\n","protected":false},"featured_media":4898,"comment_status":"closed","ping_status":"open","template":"","meta":{"_acf_changed":false},"product_brand":[675],"product_cat":[1315,1318,1279],"product_tag":[],"class_list":{"0":"post-61257","1":"product","2":"type-product","3":"status-publish","4":"has-post-thumbnail","6":"product_brand-skywatcher","7":"product_cat-accessoires","8":"product_cat-accessoires-electroniques","9":"product_cat-montures","11":"first","12":"instock","13":"taxable","14":"shipping-taxable","15":"purchasable","16":"product-type-simple"},"acf":[],"_links":{"self":[{"href":"https:\/\/www.teleskopshop.ch\/fr\/wp-json\/wp\/v2\/product\/61257","targetHints":{"allow":["GET"]}}],"collection":[{"href":"https:\/\/www.teleskopshop.ch\/fr\/wp-json\/wp\/v2\/product"}],"about":[{"href":"https:\/\/www.teleskopshop.ch\/fr\/wp-json\/wp\/v2\/types\/product"}],"replies":[{"embeddable":true,"href":"https:\/\/www.teleskopshop.ch\/fr\/wp-json\/wp\/v2\/comments?post=61257"}],"wp:featuredmedia":[{"embeddable":true,"href":"https:\/\/www.teleskopshop.ch\/fr\/wp-json\/wp\/v2\/media\/4898"}],"wp:attachment":[{"href":"https:\/\/www.teleskopshop.ch\/fr\/wp-json\/wp\/v2\/media?parent=61257"}],"wp:term":[{"taxonomy":"product_brand","embeddable":true,"href":"https:\/\/www.teleskopshop.ch\/fr\/wp-json\/wp\/v2\/product_brand?post=61257"},{"taxonomy":"product_cat","embeddable":true,"href":"https:\/\/www.teleskopshop.ch\/fr\/wp-json\/wp\/v2\/product_cat?post=61257"},{"taxonomy":"product_tag","embeddable":true,"href":"https:\/\/www.teleskopshop.ch\/fr\/wp-json\/wp\/v2\/product_tag?post=61257"}],"curies":[{"name":"wp","href":"https:\/\/api.w.org\/{rel}","templated":true}]}}