{"id":61254,"date":"2022-05-09T00:00:00","date_gmt":"2022-05-08T22:00:00","guid":{"rendered":"https:\/\/2025.teleskopshop.ch\/shop\/non%20class\u00e9\/skywatcher-synguider-teleskop-autoguider\/"},"modified":"2025-01-25T11:56:53","modified_gmt":"2025-01-25T10:56:53","slug":"skywatcher-synguider-teleskop-autoguider","status":"publish","type":"product","link":"https:\/\/www.teleskopshop.ch\/fr\/shop\/montures\/accessoires\/accessoires-electroniques\/skywatcher-synguider-teleskop-autoguider\/","title":{"rendered":"Autoguideur de t\u00e9lescope Skywatcher SynGuider"},"content":{"rendered":"<p>L&rsquo;autoguideur de t\u00e9lescope Skywatcher SynGuider peut guider une monture \u00e9quatoriale sans avoir \u00e0 utiliser un PC ou un ordinateur portable. Il augmente la productivit\u00e9 lors des s\u00e9ances d&rsquo;astrophotographie et aide \u00e0 garder les \u00e9toiles parfaitement rondes pendant les longues dur\u00e9es d&rsquo;exposition. Le SynGuider est \u00e9quip\u00e9 d&rsquo;un bo\u00eetier de commande manuelle et de c\u00e2bles ainsi que d&rsquo;un bloc-piles. Il n\u00e9cessite 4 piles 1,5 V de taille D ou alternativement une alimentation 6-12 V (tension inf\u00e9rieure pr\u00e9f\u00e9r\u00e9e) avec 200 &#8211; 250 mA et prise 2,1 mm avec + \u00e0 l&rsquo;int\u00e9rieur. Quelques d\u00e9tails de l&rsquo;\u00e9quipement Sky-Watcher SynGuider : 1. Guidage autonome &#8211; aucun ordinateur requis 2. Capteur Aptina CMOS MT9V034C12STM (4,51 x 2,88 mm) 3. Nombre de pixels 752 x 480 4. Affichage de l&rsquo;image en temps r\u00e9el 5. Standard ST- 4 Connecteur d&rsquo;autoguidage 6. Connecteur de t\u00e9lescope T2 et 1,25&Prime; 7. Firmware pouvant \u00eatre mis \u00e0 jour par l&rsquo;utilisateur 8. Temps d&rsquo;exposition : 1, 2, 4, 8, 16, 32, 64, 128, 256, 1024, 2048, 4096 msec. Contenu de la livraison : Bo\u00eetier de commande manuelle avec bloc-piles \u00e0 c\u00e2ble \u00e0 puce&nbsp;! L&rsquo;alimentation et les piles ne sont pas incluses&nbsp;!<\/p>\n<p>G\u00e9n\u00e9ralit\u00e9s<\/p>\n<table>\n<tr>\n<td>Poids<\/td>\n<p> d&rsquo;exp\u00e9dition <\/p>\n<td>0,62 kg<\/td>\n<\/tr>\n<\/table>\n<table>\n<tr>\n<td>Taille<\/td>\n<p> d&rsquo;exp\u00e9dition <\/p>\n<td>23x15x8.5cm<\/td>\n<\/tr>\n<\/table>\n<p>Accessoires<\/p>\n<table>\n<tr>\n<td>Type<\/td>\n<td>d&rsquo;autoguidage autonome avec puce int\u00e9gr\u00e9e<\/td>\n<\/tr>\n<\/table>\n<table>\n<tr>\n<td>Connexion<\/td>\n<td>1.25&Prime; \/ T2<\/td>\n<\/tr>\n<\/table>\n","protected":false},"excerpt":{"rendered":"<p>Skywatcher Autoguider pour guider les montures du t\u00e9lescope \u00e9quatorial Skywatcher<\/p>\n","protected":false},"featured_media":4894,"comment_status":"closed","ping_status":"open","template":"","meta":{"_acf_changed":false},"product_brand":[675],"product_cat":[1315,1318,1279],"product_tag":[],"class_list":{"0":"post-61254","1":"product","2":"type-product","3":"status-publish","4":"has-post-thumbnail","6":"product_brand-skywatcher","7":"product_cat-accessoires","8":"product_cat-accessoires-electroniques","9":"product_cat-montures","11":"first","12":"instock","13":"taxable","14":"shipping-taxable","15":"purchasable","16":"product-type-simple"},"acf":[],"_links":{"self":[{"href":"https:\/\/www.teleskopshop.ch\/fr\/wp-json\/wp\/v2\/product\/61254","targetHints":{"allow":["GET"]}}],"collection":[{"href":"https:\/\/www.teleskopshop.ch\/fr\/wp-json\/wp\/v2\/product"}],"about":[{"href":"https:\/\/www.teleskopshop.ch\/fr\/wp-json\/wp\/v2\/types\/product"}],"replies":[{"embeddable":true,"href":"https:\/\/www.teleskopshop.ch\/fr\/wp-json\/wp\/v2\/comments?post=61254"}],"wp:featuredmedia":[{"embeddable":true,"href":"https:\/\/www.teleskopshop.ch\/fr\/wp-json\/wp\/v2\/media\/4894"}],"wp:attachment":[{"href":"https:\/\/www.teleskopshop.ch\/fr\/wp-json\/wp\/v2\/media?parent=61254"}],"wp:term":[{"taxonomy":"product_brand","embeddable":true,"href":"https:\/\/www.teleskopshop.ch\/fr\/wp-json\/wp\/v2\/product_brand?post=61254"},{"taxonomy":"product_cat","embeddable":true,"href":"https:\/\/www.teleskopshop.ch\/fr\/wp-json\/wp\/v2\/product_cat?post=61254"},{"taxonomy":"product_tag","embeddable":true,"href":"https:\/\/www.teleskopshop.ch\/fr\/wp-json\/wp\/v2\/product_tag?post=61254"}],"curies":[{"name":"wp","href":"https:\/\/api.w.org\/{rel}","templated":true}]}}