{"id":61230,"date":"2022-05-09T00:00:00","date_gmt":"2022-05-08T22:00:00","guid":{"rendered":"https:\/\/2025.teleskopshop.ch\/shop\/non%20class\u00e9\/skywatcher-neuer-verbesserter-2-achs-motor-antrieb-fuer-eq5\/"},"modified":"2025-01-25T11:49:03","modified_gmt":"2025-01-25T10:49:03","slug":"skywatcher-neuer-verbesserter-2-achs-motor-antrieb-fuer-eq5","status":"publish","type":"product","link":"https:\/\/www.teleskopshop.ch\/fr\/shop\/montures\/accessoires\/accessoires-electroniques\/skywatcher-neuer-verbesserter-2-achs-motor-antrieb-fuer-eq5\/","title":{"rendered":"Skywatcher Nouveau moteur 2 axes am\u00e9lior\u00e9 pour EQ5"},"content":{"rendered":"<p>Cet ensemble d&rsquo;entra\u00eenement pour les deux axes de la monture avec le nouveau bo\u00eetier de commande manuelle am\u00e9lior\u00e9 de Sky-Watcher est n\u00e9cessaire pour les longues expositions en astrophotographie mais \u00e9galement tr\u00e8s utile pour l&rsquo;observation visuelle. Il contr\u00f4le avec pr\u00e9cision la vitesse de suivi et compense ainsi la rotation de la terre pour les longues expositions d&rsquo;objets c\u00e9lestes. Le nouveau bo\u00eetier de commande manuelle am\u00e9lior\u00e9 dispose d&rsquo;une interface ST4 pour les autoguidages tels que le Sky-Watcher Synguider. Diff\u00e9rentes vitesses de suivi pour le soleil, la lune et le sid\u00e9ral peuvent \u00eatre d\u00e9finies, ainsi que des vitesses de correction de 0,5x, 2x et 16x. Pour un fonctionnement plus pratique, vous pouvez permuter les boutons de la t\u00e9l\u00e9commande pour haut\/bas, gauche\/droite pour correspondre \u00e0 la direction de d\u00e9placement du t\u00e9lescope. Les contr\u00f4les peuvent \u00eatre utilis\u00e9s dans les h\u00e9misph\u00e8res nord et sud. Le moteur \u00e0 courant continu est aliment\u00e9 par 4 piles D (non incluses). Contenu de la livraison : 2 moteurs d&rsquo;entra\u00eenement avec supports et outils\/vis c\u00e2ble bo\u00eete de commande manuelle sac de batterie ! L&rsquo;alimentation \u00e9lectrique et les batteries ne sont pas comprises dans la livraison !<\/p>\n<p>G\u00e9n\u00e9ral<\/p>\n<table>\n<tr>\n<td>Poids<\/td>\n<p> d&rsquo;exp\u00e9dition <\/p>\n<td>1,21 kg<\/td>\n<\/tr>\n<\/table>\n<table>\n<tr>\n<td>Taille<\/td>\n<p> d&rsquo;exp\u00e9dition <\/p>\n<td>38x22x12cm<\/td>\n<\/tr>\n<\/table>\n<p>\u00e9quipement<\/p>\n<table>\n<tr>\n<td>Type<\/td>\n<td>de moteur pour axes RA et DECEQ5<\/td>\n<\/tr>\n<\/table>\n","protected":false},"excerpt":{"rendered":"<p>Motorisation Skywatcher en ascension droite et d\u00e9clinaison pour montures \u00e9quatoriales EQ5<\/p>\n","protected":false},"featured_media":4862,"comment_status":"closed","ping_status":"open","template":"","meta":{"_acf_changed":false},"product_brand":[675],"product_cat":[1315,1318,1279],"product_tag":[],"class_list":{"0":"post-61230","1":"product","2":"type-product","3":"status-publish","4":"has-post-thumbnail","6":"product_brand-skywatcher","7":"product_cat-accessoires","8":"product_cat-accessoires-electroniques","9":"product_cat-montures","11":"first","12":"instock","13":"taxable","14":"shipping-taxable","15":"purchasable","16":"product-type-simple"},"acf":[],"_links":{"self":[{"href":"https:\/\/www.teleskopshop.ch\/fr\/wp-json\/wp\/v2\/product\/61230","targetHints":{"allow":["GET"]}}],"collection":[{"href":"https:\/\/www.teleskopshop.ch\/fr\/wp-json\/wp\/v2\/product"}],"about":[{"href":"https:\/\/www.teleskopshop.ch\/fr\/wp-json\/wp\/v2\/types\/product"}],"replies":[{"embeddable":true,"href":"https:\/\/www.teleskopshop.ch\/fr\/wp-json\/wp\/v2\/comments?post=61230"}],"wp:featuredmedia":[{"embeddable":true,"href":"https:\/\/www.teleskopshop.ch\/fr\/wp-json\/wp\/v2\/media\/4862"}],"wp:attachment":[{"href":"https:\/\/www.teleskopshop.ch\/fr\/wp-json\/wp\/v2\/media?parent=61230"}],"wp:term":[{"taxonomy":"product_brand","embeddable":true,"href":"https:\/\/www.teleskopshop.ch\/fr\/wp-json\/wp\/v2\/product_brand?post=61230"},{"taxonomy":"product_cat","embeddable":true,"href":"https:\/\/www.teleskopshop.ch\/fr\/wp-json\/wp\/v2\/product_cat?post=61230"},{"taxonomy":"product_tag","embeddable":true,"href":"https:\/\/www.teleskopshop.ch\/fr\/wp-json\/wp\/v2\/product_tag?post=61230"}],"curies":[{"name":"wp","href":"https:\/\/api.w.org\/{rel}","templated":true}]}}