{"id":60285,"date":"2022-11-23T00:00:00","date_gmt":"2022-11-22T23:00:00","guid":{"rendered":"https:\/\/2025.teleskopshop.ch\/shop\/non%20class\u00e9\/skywatcher-skymax-127-az-go2\/"},"modified":"2025-03-03T09:20:13","modified_gmt":"2025-03-03T08:20:13","slug":"skywatcher-skymax-127-az-go2","status":"publish","type":"product","link":"https:\/\/www.teleskopshop.ch\/fr\/shop\/optique\/telescopes-fr\/telescope-pour-debutants\/cassegrain-de-maksutov\/skywatcher-skymax-127-az-go2\/","title":{"rendered":"Skywatcher Skymax-127 AZ-GO2"},"content":{"rendered":"<p>Das leicht transportable Sky-Watcher Startravel-102 AZ-Go2 Teleskop wurde speziell zur drahtlosen Steuerung \u00fcber ein Smartphone oder Tablet, mit der Freeware SynScan App f\u00fcr iOS und Android, entwickelt. Die AZ-Go2 Montierung verf\u00fcgt dazu \u00fcber ein eingebautes WiFi Modul, das sein eigenes WiFi Netzwerk erzeugt, so dass die Montierung \u00fcberall ohne ein vorhandenes WiFi oder mobiles Netzwerk, betrieben werden kann. Nachdem Sie die Koordinaten in die App eingegeben haben und eine einfache Ausrichtungsprozedur durchgef\u00fchrt haben, sind Sie bereit das Universum mit den intuitiven Touchscreen Menues der App zu erkunden.<\/p>\n<p>Die AZ-Go2 Montierung mit der SynScan App erm\u00f6glicht eine voll computergesteuerte GoTo Kontrolle und erlaubt dabei das Teleskop automatisch auf alle Objekte der umfangreichen Datenbank mit mehr als 10.000 Himmelsobjekten, auszurichten.<\/p>\n<p>Im Set dabei ist das kompakte und leistungsstarke Skymax-127 Maksutov Cassegrain Teleskop mit 127mm \u00d6ffnung. Es ist ideal f\u00fcr die Beobachtung von Oberfl\u00e4chendetails auf dem Mond und hellen Planeten sowie zum trennen von Doppelsternen. Die hohe Aufl\u00f6sung und das langbrennweitige optische System mit Multicoating Beschichtung sorgen f\u00fcr den maximalen Kontrast und hohe Sch\u00e4rfe.<\/p>\n<p><strong>Lieferumfang:<\/strong><\/p>\n<ul>\n<li>127mm Maksutov Cassegrain Teleskop<\/li>\n<li>AZ-Go2 Montierung<\/li>\n<li>Leuchtpunkt Sucher<\/li>\n<li>Okulare 10mm &amp; 25 mm<\/li>\n<li>90\u00b0 1,25&Prime; Zenitspiegel<\/li>\n<li>Edelstahl Stativ mit Ablageplatte<\/li>\n<\/ul>\n","protected":false},"excerpt":{"rendered":"<p>Vielen Dank f\u00fcr Ihren Besuch bei Teleskopshop.ch. <\/p>\n<p>Es freut uns, Ihnen das Produkt <b>Skywatcher Skymax-127 AZ-GO2<\/b> zu den nachfolgenden Konditionen anbieten zu d\u00fcrfen.<\/p>\n","protected":false},"featured_media":7594,"comment_status":"closed","ping_status":"closed","template":"","meta":{"_acf_changed":false},"product_brand":[675],"product_cat":[1585,1582,1339,1576,1567],"product_tag":[],"class_list":{"0":"post-60285","1":"product","2":"type-product","3":"status-publish","4":"has-post-thumbnail","6":"product_brand-skywatcher","7":"product_cat-cassegrain-de-maksutov","8":"product_cat-go-to-debutants-fr","9":"product_cat-optique","10":"product_cat-telescope-pour-debutants","11":"product_cat-telescopes-fr","13":"first","14":"instock","15":"sale","16":"taxable","17":"shipping-taxable","18":"purchasable","19":"product-type-simple"},"acf":[],"_links":{"self":[{"href":"https:\/\/www.teleskopshop.ch\/fr\/wp-json\/wp\/v2\/product\/60285","targetHints":{"allow":["GET"]}}],"collection":[{"href":"https:\/\/www.teleskopshop.ch\/fr\/wp-json\/wp\/v2\/product"}],"about":[{"href":"https:\/\/www.teleskopshop.ch\/fr\/wp-json\/wp\/v2\/types\/product"}],"replies":[{"embeddable":true,"href":"https:\/\/www.teleskopshop.ch\/fr\/wp-json\/wp\/v2\/comments?post=60285"}],"wp:featuredmedia":[{"embeddable":true,"href":"https:\/\/www.teleskopshop.ch\/fr\/wp-json\/wp\/v2\/media\/7594"}],"wp:attachment":[{"href":"https:\/\/www.teleskopshop.ch\/fr\/wp-json\/wp\/v2\/media?parent=60285"}],"wp:term":[{"taxonomy":"product_brand","embeddable":true,"href":"https:\/\/www.teleskopshop.ch\/fr\/wp-json\/wp\/v2\/product_brand?post=60285"},{"taxonomy":"product_cat","embeddable":true,"href":"https:\/\/www.teleskopshop.ch\/fr\/wp-json\/wp\/v2\/product_cat?post=60285"},{"taxonomy":"product_tag","embeddable":true,"href":"https:\/\/www.teleskopshop.ch\/fr\/wp-json\/wp\/v2\/product_tag?post=60285"}],"curies":[{"name":"wp","href":"https:\/\/api.w.org\/{rel}","templated":true}]}}