{"id":60268,"date":"2022-12-06T00:00:00","date_gmt":"2022-12-05T23:00:00","guid":{"rendered":"https:\/\/2025.teleskopshop.ch\/shop\/non%20class\u00e9\/skywatcher-aluminium-handgriff-fuer-evolux-62ed-und-evolux-82ed-teleskope\/"},"modified":"2025-01-25T11:50:35","modified_gmt":"2025-01-25T10:50:35","slug":"skywatcher-aluminium-handgriff-fuer-evolux-62ed-und-evolux-82ed-teleskope","status":"publish","type":"product","link":"https:\/\/www.teleskopshop.ch\/fr\/shop\/montures\/accessoires\/accessoires-mecaniques\/skywatcher-aluminium-handgriff-fuer-evolux-62ed-und-evolux-82ed-teleskope\/","title":{"rendered":"Poign\u00e9e en aluminium Skywatcher pour t\u00e9lescopes Evolux-62ED et Evolux-82ED"},"content":{"rendered":"<h2>POIGN\u00c9E PRATIQUE POUR LES NOUVEAUX T\u00c9LESCOPES EVOLUX<\/h2>\n<p>La poign\u00e9e est viss\u00e9e avec les deux vis Allen incluses sur le dessus de la pince \u00e0 tube du t\u00e9lescope r\u00e9fracteur Evolux-62ED et Evolux-82ED. Il peut \u00eatre utilis\u00e9 comme poign\u00e9e de transport et pour attacher des accessoires. Une rainure sur presque toute la longueur de la poign\u00e9e est utilis\u00e9e pour fixer des accessoires avec des vis photo de 1\/4 de pouce ou des vis M6. La poign\u00e9e est en aluminium massif et est anodis\u00e9e dans le signal de couleur Sky-Watcher vert. T\u00e9lescope non inclus!<\/p>\n<p><strong>Contenu de la livraison&nbsp;:<\/strong><\/p>\n<ul>\n<li>Poign\u00e9e de transport<\/li>\n<li>2 vis Allen<\/li>\n<\/ul>\n<p>G\u00c9N\u00c9RALIT\u00c9S<\/p>\n<p>Poids \u00e0 l\u2019exp\u00e9dition<br \/>\n0,2 kg<\/p>\n<p>Taille de l\u2019exp\u00e9dition<br \/>\n20x5x5cm<\/p>\n<p>ACCESSOIRES<\/p>\n<p>Type<br \/>\nPoign\u00e9e Evolux<\/p>\n<p>Mat\u00e9riel<br \/>\nAluminium<\/p>\n","protected":false},"excerpt":{"rendered":"<p>Skywatcher Syst\u00e8me de montage informatis\u00e9 pour t\u00e9lescope \u00e9quatorial GoTo<\/p>\n","protected":false},"featured_media":7658,"comment_status":"closed","ping_status":"open","template":"","meta":{"_acf_changed":false},"product_brand":[675],"product_cat":[1315,1321,1279],"product_tag":[],"class_list":{"0":"post-60268","1":"product","2":"type-product","3":"status-publish","4":"has-post-thumbnail","6":"product_brand-skywatcher","7":"product_cat-accessoires","8":"product_cat-accessoires-mecaniques","9":"product_cat-montures","11":"first","12":"instock","13":"taxable","14":"shipping-taxable","15":"purchasable","16":"product-type-simple"},"acf":[],"_links":{"self":[{"href":"https:\/\/www.teleskopshop.ch\/fr\/wp-json\/wp\/v2\/product\/60268","targetHints":{"allow":["GET"]}}],"collection":[{"href":"https:\/\/www.teleskopshop.ch\/fr\/wp-json\/wp\/v2\/product"}],"about":[{"href":"https:\/\/www.teleskopshop.ch\/fr\/wp-json\/wp\/v2\/types\/product"}],"replies":[{"embeddable":true,"href":"https:\/\/www.teleskopshop.ch\/fr\/wp-json\/wp\/v2\/comments?post=60268"}],"wp:featuredmedia":[{"embeddable":true,"href":"https:\/\/www.teleskopshop.ch\/fr\/wp-json\/wp\/v2\/media\/7658"}],"wp:attachment":[{"href":"https:\/\/www.teleskopshop.ch\/fr\/wp-json\/wp\/v2\/media?parent=60268"}],"wp:term":[{"taxonomy":"product_brand","embeddable":true,"href":"https:\/\/www.teleskopshop.ch\/fr\/wp-json\/wp\/v2\/product_brand?post=60268"},{"taxonomy":"product_cat","embeddable":true,"href":"https:\/\/www.teleskopshop.ch\/fr\/wp-json\/wp\/v2\/product_cat?post=60268"},{"taxonomy":"product_tag","embeddable":true,"href":"https:\/\/www.teleskopshop.ch\/fr\/wp-json\/wp\/v2\/product_tag?post=60268"}],"curies":[{"name":"wp","href":"https:\/\/api.w.org\/{rel}","templated":true}]}}