{"id":60265,"date":"2023-01-03T00:00:00","date_gmt":"2023-01-02T23:00:00","guid":{"rendered":"https:\/\/2025.teleskopshop.ch\/shop\/non%20class\u00e9\/skywatcher-winkelsucher-fuer-polsucherfernrohre\/"},"modified":"2025-01-25T11:50:34","modified_gmt":"2025-01-25T10:50:34","slug":"skywatcher-winkelsucher-fuer-polsucherfernrohre","status":"publish","type":"product","link":"https:\/\/www.teleskopshop.ch\/fr\/shop\/montures\/accessoires\/accessoires-optiques\/skywatcher-winkelsucher-fuer-polsucherfernrohre\/","title":{"rendered":"Viseur d\u2019angle Skywatcher pour t\u00e9lescopes polaires"},"content":{"rendered":"<h2><\/h2>\n<p>Le nouvel accessoire de viseur d\u2019angle de 90\u00b0 Sky-Watcher avec grossissement 1x ou 2x pour tous les t\u00e9lescopes de recherche polaire sur les montures Sky-Watcher. Cela rend l\u2019alignement avec Polaris beaucoup plus facile et plus pratique. Le viseur d\u2019angle est fix\u00e9 sur le viseur polaire avec trois petites vis molet\u00e9es avec une pointe en plastique. Le diam\u00e8tre maximal du viseur polaire peut \u00eatre de 30,1 mm. Les embouts en plastique \u00e9vitent les dommages. Pour une vue encore plus pratique, le viseur d\u2019angle peut \u00eatre tourn\u00e9 \u00e0 360\u00b0, s\u2019enclenchant \u00e0 intervalles r\u00e9guliers. Le viseur peut \u00eatre commut\u00e9 sur 1x et 2x en grossissement. L\u2019oculaire est \u00e9quip\u00e9 d\u2019une \u0153illeton en caoutchouc pliable et peut \u00eatre ajust\u00e9 par +\/- 4 dioptries. En outre, le viseur d\u2019angle peut \u00e9galement \u00eatre utilis\u00e9 sur de nombreux supports d\u2019autres fabricants.<\/p>\n<p>Un accessoire utile pour \u00e9viter les luxations lors du positionnement de votre support.<\/p>\n<p><em>La monture n\u2019est pas incluse!<\/em><\/p>\n<p>Contenu de la livraison&nbsp;:<\/p>\n<ul>\n<li>D\u00e9tecteur d\u2019angle avec adaptateur de connexion pour viseur polaire 30,1mm<\/li>\n<\/ul>\n<p>G\u00c9N\u00c9RALIT\u00c9S<\/p>\n<p>Poids \u00e0 l\u2019exp\u00e9dition<br \/>\n0,1 kg<\/p>\n<p>Taille de l\u2019exp\u00e9dition<br \/>\n10x10x5cm<\/p>\n<p>ACCESSOIRES<\/p>\n<p>Type<br \/>\nD\u00e9tecteur d\u2019angle pour t\u00e9lescopes polaires<\/p>\n<p>Grossissement<br \/>\n1x \/ 2x<\/p>\n<p>Connexion<br \/>\n30,1 mm de diam\u00e8tre<\/p>\n","protected":false},"excerpt":{"rendered":"<h2>APPROCHE ANGLEFINDER AVEC GROSSISSEMENT 2X POUR TOUS LES SKYWATCHER POLAR FINDER<\/h2>\n","protected":false},"featured_media":7666,"comment_status":"closed","ping_status":"open","template":"","meta":{"_acf_changed":false},"product_brand":[675],"product_cat":[1315,1324,1279],"product_tag":[],"class_list":{"0":"post-60265","1":"product","2":"type-product","3":"status-publish","4":"has-post-thumbnail","6":"product_brand-skywatcher","7":"product_cat-accessoires","8":"product_cat-accessoires-optiques","9":"product_cat-montures","11":"first","12":"instock","13":"taxable","14":"shipping-taxable","15":"purchasable","16":"product-type-simple"},"acf":[],"_links":{"self":[{"href":"https:\/\/www.teleskopshop.ch\/fr\/wp-json\/wp\/v2\/product\/60265","targetHints":{"allow":["GET"]}}],"collection":[{"href":"https:\/\/www.teleskopshop.ch\/fr\/wp-json\/wp\/v2\/product"}],"about":[{"href":"https:\/\/www.teleskopshop.ch\/fr\/wp-json\/wp\/v2\/types\/product"}],"replies":[{"embeddable":true,"href":"https:\/\/www.teleskopshop.ch\/fr\/wp-json\/wp\/v2\/comments?post=60265"}],"wp:featuredmedia":[{"embeddable":true,"href":"https:\/\/www.teleskopshop.ch\/fr\/wp-json\/wp\/v2\/media\/7666"}],"wp:attachment":[{"href":"https:\/\/www.teleskopshop.ch\/fr\/wp-json\/wp\/v2\/media?parent=60265"}],"wp:term":[{"taxonomy":"product_brand","embeddable":true,"href":"https:\/\/www.teleskopshop.ch\/fr\/wp-json\/wp\/v2\/product_brand?post=60265"},{"taxonomy":"product_cat","embeddable":true,"href":"https:\/\/www.teleskopshop.ch\/fr\/wp-json\/wp\/v2\/product_cat?post=60265"},{"taxonomy":"product_tag","embeddable":true,"href":"https:\/\/www.teleskopshop.ch\/fr\/wp-json\/wp\/v2\/product_tag?post=60265"}],"curies":[{"name":"wp","href":"https:\/\/api.w.org\/{rel}","templated":true}]}}