{"id":60256,"date":"2023-01-06T00:00:00","date_gmt":"2023-01-05T23:00:00","guid":{"rendered":"https:\/\/2025.teleskopshop.ch\/shop\/non%20class\u00e9\/skywatcher-polsucherfernrohr-fuer-cq350-pro-montierung\/"},"modified":"2025-01-25T11:50:33","modified_gmt":"2025-01-25T10:50:33","slug":"skywatcher-polsucherfernrohr-fuer-cq350-pro-montierung","status":"publish","type":"product","link":"https:\/\/www.teleskopshop.ch\/fr\/shop\/montures\/accessoires\/accessoires-optiques\/skywatcher-polsucherfernrohr-fuer-cq350-pro-montierung\/","title":{"rendered":"Skywatcher polar finder scope pour monture CQ350 Pro"},"content":{"rendered":"<p>La lunette de vis\u00e9e polaire externe Sky-Watcher pour un positionnement pr\u00e9cis de la nouvelle monture CQ350 Pro SynScan GoTo.<\/p>\n<p><strong>Contenu de la livraison&nbsp;:<\/strong><\/p>\n<ul>\n<li>CQ350 Pro Polar Finder<\/li>\n<\/ul>\n<p>G\u00c9N\u00c9RALIT\u00c9S<\/p>\n<p>Poids \u00e0 l\u2019exp\u00e9dition<br \/>\n4kg<\/p>\n<p>Taille de l\u2019exp\u00e9dition<br \/>\n40x30x20cm<\/p>\n<p>ACCESSOIRES<\/p>\n<p>Type<br \/>\nLunette de vis\u00e9e Polar avec support<\/p>\n<p>Connexion<br \/>\npour CQ350 Pro SynScan GoTo mount<\/p>\n","protected":false},"excerpt":{"rendered":"<h2>VISEUR POLAIRE EXTERNE PR\u00c9CIS POUR MONTURE \u00c9QUATORIALE CQ350 PRO<\/h2>\n","protected":false},"featured_media":7714,"comment_status":"closed","ping_status":"open","template":"","meta":{"_acf_changed":false},"product_brand":[675],"product_cat":[1315,1324,1279],"product_tag":[],"class_list":{"0":"post-60256","1":"product","2":"type-product","3":"status-publish","4":"has-post-thumbnail","6":"product_brand-skywatcher","7":"product_cat-accessoires","8":"product_cat-accessoires-optiques","9":"product_cat-montures","11":"first","12":"instock","13":"taxable","14":"shipping-taxable","15":"purchasable","16":"product-type-simple"},"acf":[],"_links":{"self":[{"href":"https:\/\/www.teleskopshop.ch\/fr\/wp-json\/wp\/v2\/product\/60256","targetHints":{"allow":["GET"]}}],"collection":[{"href":"https:\/\/www.teleskopshop.ch\/fr\/wp-json\/wp\/v2\/product"}],"about":[{"href":"https:\/\/www.teleskopshop.ch\/fr\/wp-json\/wp\/v2\/types\/product"}],"replies":[{"embeddable":true,"href":"https:\/\/www.teleskopshop.ch\/fr\/wp-json\/wp\/v2\/comments?post=60256"}],"wp:featuredmedia":[{"embeddable":true,"href":"https:\/\/www.teleskopshop.ch\/fr\/wp-json\/wp\/v2\/media\/7714"}],"wp:attachment":[{"href":"https:\/\/www.teleskopshop.ch\/fr\/wp-json\/wp\/v2\/media?parent=60256"}],"wp:term":[{"taxonomy":"product_brand","embeddable":true,"href":"https:\/\/www.teleskopshop.ch\/fr\/wp-json\/wp\/v2\/product_brand?post=60256"},{"taxonomy":"product_cat","embeddable":true,"href":"https:\/\/www.teleskopshop.ch\/fr\/wp-json\/wp\/v2\/product_cat?post=60256"},{"taxonomy":"product_tag","embeddable":true,"href":"https:\/\/www.teleskopshop.ch\/fr\/wp-json\/wp\/v2\/product_tag?post=60256"}],"curies":[{"name":"wp","href":"https:\/\/api.w.org\/{rel}","templated":true}]}}