{"id":60247,"date":"2023-06-06T00:00:00","date_gmt":"2023-06-05T22:00:00","guid":{"rendered":"https:\/\/2025.teleskopshop.ch\/shop\/non%20class\u00e9\/unistellar-backpack\/"},"modified":"2025-01-25T11:50:31","modified_gmt":"2025-01-25T10:50:31","slug":"unistellar-backpack","status":"publish","type":"product","link":"https:\/\/www.teleskopshop.ch\/fr\/shop\/astronomie-accessoires-fr\/protection-et-transport\/unistellar-backpack\/","title":{"rendered":"Sac \u00e0 dos Unistellar"},"content":{"rendered":"<p class=\"subtitle\">Sac \u00e0 dos de protection pour t\u00e9lescope intelligent Unistellar eQuinox 2 &amp; eVscope 2<\/p>\n<p class=\"subtitle\">D\u00e9velopp\u00e9 en collaboration avec le premier fabricant mondial de sacs de transport pour grands t\u00e9l\u00e9objectifs, le sac \u00e0 dos est fait de tissu durable et renforc\u00e9 et est soigneusement rembourr\u00e9 avec de la mousse haute densit\u00e9 pour prot\u00e9ger votre t\u00e9lescope des chocs. Convient \u00e0 la fois \u00e0 l\u2019eVscope original, \u00e0 l\u2019eVscope eQuinox et \u00e0 l\u2019eVscope 2<\/p>\n","protected":false},"excerpt":{"rendered":"<h2>Sac pour t\u00e9lescope unistellar d\u00e9butant pour astrophotographie<\/h2>\n","protected":false},"featured_media":7866,"comment_status":"closed","ping_status":"open","template":"","meta":{"_acf_changed":false},"product_brand":[683],"product_cat":[1654,1750],"product_tag":[],"class_list":{"0":"post-60247","1":"product","2":"type-product","3":"status-publish","4":"has-post-thumbnail","6":"product_brand-unistellar","7":"product_cat-astronomie-accessoires-fr","8":"product_cat-protection-et-transport","10":"first","11":"instock","12":"taxable","13":"shipping-taxable","14":"purchasable","15":"product-type-simple"},"acf":[],"_links":{"self":[{"href":"https:\/\/www.teleskopshop.ch\/fr\/wp-json\/wp\/v2\/product\/60247","targetHints":{"allow":["GET"]}}],"collection":[{"href":"https:\/\/www.teleskopshop.ch\/fr\/wp-json\/wp\/v2\/product"}],"about":[{"href":"https:\/\/www.teleskopshop.ch\/fr\/wp-json\/wp\/v2\/types\/product"}],"replies":[{"embeddable":true,"href":"https:\/\/www.teleskopshop.ch\/fr\/wp-json\/wp\/v2\/comments?post=60247"}],"wp:featuredmedia":[{"embeddable":true,"href":"https:\/\/www.teleskopshop.ch\/fr\/wp-json\/wp\/v2\/media\/7866"}],"wp:attachment":[{"href":"https:\/\/www.teleskopshop.ch\/fr\/wp-json\/wp\/v2\/media?parent=60247"}],"wp:term":[{"taxonomy":"product_brand","embeddable":true,"href":"https:\/\/www.teleskopshop.ch\/fr\/wp-json\/wp\/v2\/product_brand?post=60247"},{"taxonomy":"product_cat","embeddable":true,"href":"https:\/\/www.teleskopshop.ch\/fr\/wp-json\/wp\/v2\/product_cat?post=60247"},{"taxonomy":"product_tag","embeddable":true,"href":"https:\/\/www.teleskopshop.ch\/fr\/wp-json\/wp\/v2\/product_tag?post=60247"}],"curies":[{"name":"wp","href":"https:\/\/api.w.org\/{rel}","templated":true}]}}