{"id":60228,"date":"2023-08-21T00:00:00","date_gmt":"2023-08-20T22:00:00","guid":{"rendered":"https:\/\/2025.teleskopshop.ch\/shop\/non%20class\u00e9\/acuter-voyager-mak80-maksutov-cassegrain-teleskopset\/"},"modified":"2025-01-25T11:54:03","modified_gmt":"2025-01-25T10:54:03","slug":"acuter-voyager-mak80-maksutov-cassegrain-teleskopset","status":"publish","type":"product","link":"https:\/\/www.teleskopshop.ch\/fr\/shop\/optique\/telescopes-fr\/tubes-optiques-ota\/telescopes-reflecteurs\/maksutov-cassegrain-telescopes-reflecteurs-fr\/acuter-voyager-mak80-maksutov-cassegrain-teleskopset\/","title":{"rendered":"ACUTER VOYAGER MAK80 MAKSUTOV CASSEGRAIN T\u00c9LESCOPE SET"},"content":{"rendered":"<h2>LE T\u00c9LESCOPE POUR LES EXPLORATEURS, LES \u00c9COLES, LA FORMATION, L\u2019ORNITHOLOGIE, LES TIREURS SPORTIFS ET BIEN PLUS ENCORE<\/h2>\n<ul>\n<li>Un t\u00e9lescope polyvalent par exemple pour l\u2019\u00e9cole, le petit explorateur \u00e0 la maison ou l\u2019observation de la nature \/ ornithologie<\/li>\n<li>Prenez simplement des photos avec votre propre smartphone<\/li>\n<li>Tr\u00e8s compact et facile \u00e0 transporter, mais avec une ouverture de 80mm, tr\u00e8s puissant et \u00e9quip\u00e9 d\u2019un miroir primaire r\u00e9glable<\/li>\n<\/ul>\n<p>Le nouveau t\u00e9lescope Acuter Voyager MAK80 est un t\u00e9lescope \u00e0 r\u00e9flecteur Maksutov Cassegrain de haute qualit\u00e9 avec une ouverture de 80 mm. Ce t\u00e9lescope compact et facilement transportable est id\u00e9al pour observer et apprendre le ciel \u00e9toil\u00e9, ainsi que la photographie avec votre propre smartphone. Mais aussi observer et photographier la nature, par exemple des oiseaux et des insectes lointains ou simplement l\u2019emporter avec vous lors de votre prochain voyage de vacances.<\/p>\n<p>L\u2019ensemble se compose d\u2019un t\u00e9lescope Maksutov Cassegrain de 80 mm avec une distance focale de 800 mm, d\u2019un oculaire grossissant 40x et 80x, d\u2019un viseur optique 8&#215;21, d\u2019un prisme de toit \u00e0 90\u00b0 \u00e0 correction de phase de haute qualit\u00e9 avec redressement d\u2019image ainsi que d\u2019un adaptateur pour smartphone et d\u2019une mallette de transport. L\u2019ensemble est livr\u00e9 dans une jolie bo\u00eete cadeau avec une poign\u00e9e de transport pour un transport facile. Le t\u00e9lescope peut \u00eatre \u00e9tendu selon les besoins avec des oculaires de t\u00e9lescope standard de 1,25 po disponibles en option. Cela vous donne des options encore plus diversifi\u00e9es. Vous pouvez utiliser le t\u00e9lescope avec la connexion de fil photo standard de 1\/4 \u00ab&nbsp;sur n\u2019importe quel tr\u00e9pied photo existant, mais avec la barre d\u2019aronde mont\u00e9e en permanence selon la norme Vixen \/ Sky-Watcher \u00e9galement sur les montures astronomiques.<\/p>\n<p>Le t\u00e9lescope Maksutov porte le nom de Dmitri Maksutov (1896 &#8211; 1964), un opticien et astronome russe qui a introduit cette conception de t\u00e9lescope en 1941. L\u2019Acuter Voyager MAK80 est parfait pour d\u00e9couvrir le monde de l\u2019univers sur ses traces !<\/p>\n<p><strong>Contenu de la livraison&nbsp;:<\/strong><\/p>\n<ul>\n<li>80mm Acuter Voyager MAK80 Maksutov Cassegrain T\u00e9lescope<\/li>\n<li>Oculaires 10mm \/ 20mm<\/li>\n<li>Prisme de toit \u00e0 correction de phase de haute qualit\u00e9 90\u00b0 1,25&nbsp;\u00bb prisme d\u2019image d\u2019\u00e9rection<\/li>\n<li>Viseur 8&#215;21<\/li>\n<li>Adaptateurs pour smartphone<\/li>\n<li>sac de transport<\/li>\n<li>Capuchons anti-poussi\u00e8re<\/li>\n<li>Cadeau<\/li>\n<\/ul>\n<p><em>Smartphone non inclus!<\/em><\/p>\n<p>! L&rsquo;alimentation et les piles ne sont pas incluses !<\/p>\n<p>G\u00c9N\u00c9RALIT\u00c9S<\/p>\n<p>Poids \u00e0 l\u2019exp\u00e9dition<br \/>\n2,20 kg<\/p>\n<p>Taille de l\u2019exp\u00e9dition<br \/>\n35x20x18cm<\/p>\n<p>OPTIQUE<\/p>\n<p>Concevoir<br \/>\nMaksutov Cassegrain<\/p>\n<p>Distance focale (mm)<br \/>\n800<\/p>\n<p>Ouverture (mm)<br \/>\n80<\/p>\n<p>Rapport focal<br \/>\nf:10<\/p>\n<p>Mise au point<br \/>\nMise au point miroir primaire<\/p>\n<p>Poids du tube (kg)<br \/>\n1.8<\/p>\n","protected":false},"excerpt":{"rendered":"<p>LE T\u00c9LESCOPE POUR LES EXPLORATEURS, LES \u00c9COLES, LA FORMATION, L\u2019ORNITHOLOGIE, LES TIREURS SPORTIFS ET BIEN PLUS ENCORE Un t\u00e9lescope polyvalent par exemple pour l\u2019\u00e9cole, le petit explorateur \u00e0 la maison ou l\u2019observation de la nature \/ ornithologie Prenez simplement des photos avec votre propre smartphone Tr\u00e8s compact et facile \u00e0 transporter, mais avec une ouverture [&hellip;]<\/p>\n","protected":false},"featured_media":7886,"comment_status":"closed","ping_status":"open","template":"","meta":{"_acf_changed":false},"product_brand":[678],"product_cat":[1585,1625,1339,1576,1567,1621,1609],"product_tag":[],"class_list":{"0":"post-60228","1":"product","2":"type-product","3":"status-publish","4":"has-post-thumbnail","6":"product_brand-acuter","7":"product_cat-cassegrain-de-maksutov","8":"product_cat-maksutov-cassegrain-telescopes-reflecteurs-fr","9":"product_cat-optique","10":"product_cat-telescope-pour-debutants","11":"product_cat-telescopes-fr","12":"product_cat-telescopes-reflecteurs","13":"product_cat-tubes-optiques-ota","15":"first","16":"instock","17":"taxable","18":"shipping-taxable","19":"purchasable","20":"product-type-simple"},"acf":[],"_links":{"self":[{"href":"https:\/\/www.teleskopshop.ch\/fr\/wp-json\/wp\/v2\/product\/60228","targetHints":{"allow":["GET"]}}],"collection":[{"href":"https:\/\/www.teleskopshop.ch\/fr\/wp-json\/wp\/v2\/product"}],"about":[{"href":"https:\/\/www.teleskopshop.ch\/fr\/wp-json\/wp\/v2\/types\/product"}],"replies":[{"embeddable":true,"href":"https:\/\/www.teleskopshop.ch\/fr\/wp-json\/wp\/v2\/comments?post=60228"}],"wp:featuredmedia":[{"embeddable":true,"href":"https:\/\/www.teleskopshop.ch\/fr\/wp-json\/wp\/v2\/media\/7886"}],"wp:attachment":[{"href":"https:\/\/www.teleskopshop.ch\/fr\/wp-json\/wp\/v2\/media?parent=60228"}],"wp:term":[{"taxonomy":"product_brand","embeddable":true,"href":"https:\/\/www.teleskopshop.ch\/fr\/wp-json\/wp\/v2\/product_brand?post=60228"},{"taxonomy":"product_cat","embeddable":true,"href":"https:\/\/www.teleskopshop.ch\/fr\/wp-json\/wp\/v2\/product_cat?post=60228"},{"taxonomy":"product_tag","embeddable":true,"href":"https:\/\/www.teleskopshop.ch\/fr\/wp-json\/wp\/v2\/product_tag?post=60228"}],"curies":[{"name":"wp","href":"https:\/\/api.w.org\/{rel}","templated":true}]}}