{"id":60204,"date":"2023-12-18T00:00:00","date_gmt":"2023-12-17T23:00:00","guid":{"rendered":"https:\/\/2025.teleskopshop.ch\/shop\/non%20class\u00e9\/baader-stronghold-tangentialans-black\/"},"modified":"2025-01-25T12:02:54","modified_gmt":"2025-01-25T11:02:54","slug":"baader-stronghold-tangentialans-black","status":"publish","type":"product","link":"https:\/\/www.teleskopshop.ch\/fr\/shop\/montures\/accessoires\/baader-stronghold-tangentialans-black\/","title":{"rendered":"Bastion de Baader, Tangentialiens. le noir"},"content":{"rendered":"<p>Col tangentiel Stronghold, noir<br \/>\nT\u00eate tangentielle Baader Stronghold pour viseurs, lunettes de guidage et t\u00e9l\u00e9objectif<br \/>\nLentilles, chargeables jusqu&rsquo;\u00e0 7 kg, compactes mais ultra-stables<br \/>\nPanhead avec r\u00e9glage micro fin. Fixation de lunettes de guidage pour<br \/>\nastrophotographie avec r\u00e9glage facile. Attachement de T\u00e9l\u00e9<br \/>\nObjectifs pour l&rsquo;astrophotographie superpos\u00e9e &#8211; 100 % parall\u00e8le \u00e0<br \/>\nTube principal r\u00e9glable. Fixation de viseurs ou<br \/>\nr\u00e9fracteurs \u00e0 grand champ. Photographie &#8211; r\u00e9glage pr\u00e9cis de<br \/>\nT\u00e9l\u00e9objectifs pour des photos reproductibles.<br \/>\nPoids : 680g<br \/>\nCapacit\u00e9 de charge : jusqu&rsquo;\u00e0 7 kg avec une grande rigidit\u00e9<br \/>\nPlage de r\u00e9glage : 46\u00b0 en azimut et 70\u00b0 en \u00e9l\u00e9vation<br \/>\nLongueur : 115 mm \/ Largeur : 128 mm \/ Hauteur : 54 mm<\/p>\n","protected":false},"excerpt":{"rendered":"<p>Col tangentiel Stronghold, noir T\u00eate tangentielle Baader Stronghold pour viseurs, lunettes de guidage et t\u00e9l\u00e9objectif Lentilles, chargeables jusqu&rsquo;\u00e0 7 kg, compactes mais ultra-stables Panhead avec r\u00e9glage micro fin. Fixation de lunettes de guidage pour astrophotographie avec r\u00e9glage facile. Attachement de T\u00e9l\u00e9 Objectifs pour l&rsquo;astrophotographie superpos\u00e9e &#8211; 100 % parall\u00e8le \u00e0 Tube principal r\u00e9glable. Fixation de [&hellip;]<\/p>\n","protected":false},"featured_media":9346,"comment_status":"closed","ping_status":"open","template":"","meta":{"_acf_changed":false},"product_brand":[679],"product_cat":[1315],"product_tag":[],"class_list":{"0":"post-60204","1":"product","2":"type-product","3":"status-publish","4":"has-post-thumbnail","6":"product_brand-baader","7":"product_cat-accessoires","9":"first","10":"instock","11":"taxable","12":"shipping-taxable","13":"purchasable","14":"product-type-simple"},"acf":[],"_links":{"self":[{"href":"https:\/\/www.teleskopshop.ch\/fr\/wp-json\/wp\/v2\/product\/60204","targetHints":{"allow":["GET"]}}],"collection":[{"href":"https:\/\/www.teleskopshop.ch\/fr\/wp-json\/wp\/v2\/product"}],"about":[{"href":"https:\/\/www.teleskopshop.ch\/fr\/wp-json\/wp\/v2\/types\/product"}],"replies":[{"embeddable":true,"href":"https:\/\/www.teleskopshop.ch\/fr\/wp-json\/wp\/v2\/comments?post=60204"}],"wp:featuredmedia":[{"embeddable":true,"href":"https:\/\/www.teleskopshop.ch\/fr\/wp-json\/wp\/v2\/media\/9346"}],"wp:attachment":[{"href":"https:\/\/www.teleskopshop.ch\/fr\/wp-json\/wp\/v2\/media?parent=60204"}],"wp:term":[{"taxonomy":"product_brand","embeddable":true,"href":"https:\/\/www.teleskopshop.ch\/fr\/wp-json\/wp\/v2\/product_brand?post=60204"},{"taxonomy":"product_cat","embeddable":true,"href":"https:\/\/www.teleskopshop.ch\/fr\/wp-json\/wp\/v2\/product_cat?post=60204"},{"taxonomy":"product_tag","embeddable":true,"href":"https:\/\/www.teleskopshop.ch\/fr\/wp-json\/wp\/v2\/product_tag?post=60204"}],"curies":[{"name":"wp","href":"https:\/\/api.w.org\/{rel}","templated":true}]}}