{"id":60198,"date":"2023-12-18T00:00:00","date_gmt":"2023-12-17T23:00:00","guid":{"rendered":"https:\/\/2025.teleskopshop.ch\/shop\/non%20class\u00e9\/baader-sucherhalter-mqr-iv-10x60\/"},"modified":"2025-01-25T12:02:52","modified_gmt":"2025-01-25T11:02:52","slug":"baader-sucherhalter-mqr-iv-10x60","status":"publish","type":"product","link":"https:\/\/www.teleskopshop.ch\/fr\/shop\/montures\/accessoires\/baader-sucherhalter-mqr-iv-10x60\/","title":{"rendered":"Monture de viseur Baader MQR-IV 10&#215;60"},"content":{"rendered":"<p>Support de recherche Baader Multipurpose Quick Release (MQR IV), adapt\u00e9 pour<br \/>\nViseur 60 mm (diam\u00e8tre max. 72 mm), incl. queue d&rsquo;aronde (V-<br \/>\nsupport), adapt\u00e9 pour Vixen\/Synta\/Celestron, incl. Norme Baader<br \/>\nSocle (#2457000).<br \/>\nLe support de viseur convient \u00e0 tous les viseurs avec une ouverture de 60 mm. dans le<br \/>\nContrairement aux supports de viseur plus simples, le Quick<br \/>\nRel\u00e2chez la garantie d&rsquo;une parfaite stabilit\u00e9 de r\u00e9glage. Le support<br \/>\nse trouve \u00e0 cent pour cent et le viseur reste au centi\u00e8me<br \/>\nPr\u00e9cis au millim\u00e8tre dans sa position.<br \/>\nLe diam\u00e8tre int\u00e9rieur du Quick Release 4 est de 72 mm.<br \/>\nPar exemple, le sabot de recherche permet de monter le Quick Release<br \/>\nSchmidt-Cassegrains et convient \u00e9galement \u00e0 de nombreux autres t\u00e9lescopes. Par<br \/>\ndeux trous longitudinaux, de nombreux supports de viseur peuvent \u00eatre modifi\u00e9s.<\/p>\n","protected":false},"excerpt":{"rendered":"<p>Support de recherche Baader Multipurpose Quick Release (MQR IV), adapt\u00e9 pour Viseur 60 mm (diam\u00e8tre max. 72 mm), incl. queue d&rsquo;aronde (V- support), adapt\u00e9 pour Vixen\/Synta\/Celestron, incl. Norme Baader Socle (#2457000). Le support de viseur convient \u00e0 tous les viseurs avec une ouverture de 60 mm. dans le Contrairement aux supports de viseur plus simples, [&hellip;]<\/p>\n","protected":false},"featured_media":9194,"comment_status":"closed","ping_status":"open","template":"","meta":{"_acf_changed":false},"product_brand":[679],"product_cat":[1315],"product_tag":[],"class_list":{"0":"post-60198","1":"product","2":"type-product","3":"status-publish","4":"has-post-thumbnail","6":"product_brand-baader","7":"product_cat-accessoires","9":"first","10":"instock","11":"taxable","12":"shipping-taxable","13":"purchasable","14":"product-type-simple"},"acf":[],"_links":{"self":[{"href":"https:\/\/www.teleskopshop.ch\/fr\/wp-json\/wp\/v2\/product\/60198","targetHints":{"allow":["GET"]}}],"collection":[{"href":"https:\/\/www.teleskopshop.ch\/fr\/wp-json\/wp\/v2\/product"}],"about":[{"href":"https:\/\/www.teleskopshop.ch\/fr\/wp-json\/wp\/v2\/types\/product"}],"replies":[{"embeddable":true,"href":"https:\/\/www.teleskopshop.ch\/fr\/wp-json\/wp\/v2\/comments?post=60198"}],"wp:featuredmedia":[{"embeddable":true,"href":"https:\/\/www.teleskopshop.ch\/fr\/wp-json\/wp\/v2\/media\/9194"}],"wp:attachment":[{"href":"https:\/\/www.teleskopshop.ch\/fr\/wp-json\/wp\/v2\/media?parent=60198"}],"wp:term":[{"taxonomy":"product_brand","embeddable":true,"href":"https:\/\/www.teleskopshop.ch\/fr\/wp-json\/wp\/v2\/product_brand?post=60198"},{"taxonomy":"product_cat","embeddable":true,"href":"https:\/\/www.teleskopshop.ch\/fr\/wp-json\/wp\/v2\/product_cat?post=60198"},{"taxonomy":"product_tag","embeddable":true,"href":"https:\/\/www.teleskopshop.ch\/fr\/wp-json\/wp\/v2\/product_tag?post=60198"}],"curies":[{"name":"wp","href":"https:\/\/api.w.org\/{rel}","templated":true}]}}