{"id":60192,"date":"2023-12-18T00:00:00","date_gmt":"2023-12-17T23:00:00","guid":{"rendered":"https:\/\/2025.teleskopshop.ch\/shop\/non%20class\u00e9\/baader-basis-standard-f-sucherhalter\/"},"modified":"2025-01-25T12:02:12","modified_gmt":"2025-01-25T11:02:12","slug":"baader-basis-standard-f-sucherhalter","status":"publish","type":"product","link":"https:\/\/www.teleskopshop.ch\/fr\/shop\/montures\/accessoires\/baader-basis-standard-f-sucherhalter\/","title":{"rendered":"Baader Basis Standard f.Finder support"},"content":{"rendered":"<p>pour MQR III&amp;IV, support Witty 1 &amp; V #2457010.<br \/>\nLe sabot du chercheur assure la connexion entre le support du chercheur et le<br \/>\nChercheur 6&#215;30 et 8&#215;50 et le tube du t\u00e9lescope. La chaussure de recherche de<br \/>\nBaader est particuli\u00e8rement de haute qualit\u00e9 et offre par le biais<br \/>\nTrous longitudinaux une option de montage sur presque tous les t\u00e9lescopes,<br \/>\nentre autres aussi chez Schmidt Cassegrains ou aussi chez des appareils, o\u00f9<br \/>\ndes viseurs plus simples \u00e9taient attach\u00e9s.<\/p>\n","protected":false},"excerpt":{"rendered":"<p>pour MQR III&amp;IV, support Witty 1 &amp; V #2457010. Le sabot du chercheur assure la connexion entre le support du chercheur et le Chercheur 6&#215;30 et 8&#215;50 et le tube du t\u00e9lescope. La chaussure de recherche de Baader est particuli\u00e8rement de haute qualit\u00e9 et offre par le biais Trous longitudinaux une option de montage sur [&hellip;]<\/p>\n","protected":false},"featured_media":9186,"comment_status":"closed","ping_status":"open","template":"","meta":{"_acf_changed":false},"product_brand":[679],"product_cat":[1315],"product_tag":[],"class_list":{"0":"post-60192","1":"product","2":"type-product","3":"status-publish","4":"has-post-thumbnail","6":"product_brand-baader","7":"product_cat-accessoires","9":"first","10":"instock","11":"taxable","12":"shipping-taxable","13":"purchasable","14":"product-type-simple"},"acf":[],"_links":{"self":[{"href":"https:\/\/www.teleskopshop.ch\/fr\/wp-json\/wp\/v2\/product\/60192","targetHints":{"allow":["GET"]}}],"collection":[{"href":"https:\/\/www.teleskopshop.ch\/fr\/wp-json\/wp\/v2\/product"}],"about":[{"href":"https:\/\/www.teleskopshop.ch\/fr\/wp-json\/wp\/v2\/types\/product"}],"replies":[{"embeddable":true,"href":"https:\/\/www.teleskopshop.ch\/fr\/wp-json\/wp\/v2\/comments?post=60192"}],"wp:featuredmedia":[{"embeddable":true,"href":"https:\/\/www.teleskopshop.ch\/fr\/wp-json\/wp\/v2\/media\/9186"}],"wp:attachment":[{"href":"https:\/\/www.teleskopshop.ch\/fr\/wp-json\/wp\/v2\/media?parent=60192"}],"wp:term":[{"taxonomy":"product_brand","embeddable":true,"href":"https:\/\/www.teleskopshop.ch\/fr\/wp-json\/wp\/v2\/product_brand?post=60192"},{"taxonomy":"product_cat","embeddable":true,"href":"https:\/\/www.teleskopshop.ch\/fr\/wp-json\/wp\/v2\/product_cat?post=60192"},{"taxonomy":"product_tag","embeddable":true,"href":"https:\/\/www.teleskopshop.ch\/fr\/wp-json\/wp\/v2\/product_tag?post=60192"}],"curies":[{"name":"wp","href":"https:\/\/api.w.org\/{rel}","templated":true}]}}