{"id":60189,"date":"2023-12-18T00:00:00","date_gmt":"2023-12-17T23:00:00","guid":{"rendered":"https:\/\/2025.teleskopshop.ch\/shop\/non%20class\u00e9\/baader-universaladapter\/"},"modified":"2025-01-25T12:03:05","modified_gmt":"2025-01-25T11:03:05","slug":"baader-universaladapter","status":"publish","type":"product","link":"https:\/\/www.teleskopshop.ch\/fr\/shop\/montures\/accessoires\/baader-universaladapter\/","title":{"rendered":"Adaptateur universel Baader"},"content":{"rendered":"<p>Anneau de base d&rsquo;insertion universel : connecte la plupart des tr\u00e9pieds Baader<br \/>\nT\u00eates de bride pour le tr\u00e9pied en aluminium Baader T-Pod avec le Baader<br \/>\nBride de colonne courte en acier III.<br \/>\nDiam\u00e8tre du cercle de boulonnage 77 mm, filetage int\u00e9rieur 6 x M5.<br \/>\nInsert sp\u00e9cial pour notre bride de colonne courte III (#2451150), sur<br \/>\nquelques brides que nous utilisons pour le tr\u00e9pied en aluminium Baader T-Pod<br \/>\ntermin\u00e9, laissez-le \u00eatre fix\u00e9 avec des vis M5. voir sur les photos<br \/>\nPar exemple, utilisez l&rsquo;insert mont\u00e9 sur la bride du tr\u00e9pied pour le Celestron<br \/>\nMonture CGEM (#2451115).<br \/>\nAlternativement, cette bride peut \u00e9galement \u00eatre fix\u00e9e \u00e0 des plaques de montage, par exemple<br \/>\nou des constructions propres sont install\u00e9es.<\/p>\n","protected":false},"excerpt":{"rendered":"<p>Anneau de base d&rsquo;insertion universel : connecte la plupart des tr\u00e9pieds Baader T\u00eates de bride pour le tr\u00e9pied en aluminium Baader T-Pod avec le Baader Bride de colonne courte en acier III. Diam\u00e8tre du cercle de boulonnage 77 mm, filetage int\u00e9rieur 6 x M5. Insert sp\u00e9cial pour notre bride de colonne courte III (#2451150), sur [&hellip;]<\/p>\n","protected":false},"featured_media":9170,"comment_status":"closed","ping_status":"open","template":"","meta":{"_acf_changed":false},"product_brand":[679],"product_cat":[1315],"product_tag":[],"class_list":{"0":"post-60189","1":"product","2":"type-product","3":"status-publish","4":"has-post-thumbnail","6":"product_brand-baader","7":"product_cat-accessoires","9":"first","10":"instock","11":"taxable","12":"shipping-taxable","13":"purchasable","14":"product-type-simple"},"acf":[],"_links":{"self":[{"href":"https:\/\/www.teleskopshop.ch\/fr\/wp-json\/wp\/v2\/product\/60189","targetHints":{"allow":["GET"]}}],"collection":[{"href":"https:\/\/www.teleskopshop.ch\/fr\/wp-json\/wp\/v2\/product"}],"about":[{"href":"https:\/\/www.teleskopshop.ch\/fr\/wp-json\/wp\/v2\/types\/product"}],"replies":[{"embeddable":true,"href":"https:\/\/www.teleskopshop.ch\/fr\/wp-json\/wp\/v2\/comments?post=60189"}],"wp:featuredmedia":[{"embeddable":true,"href":"https:\/\/www.teleskopshop.ch\/fr\/wp-json\/wp\/v2\/media\/9170"}],"wp:attachment":[{"href":"https:\/\/www.teleskopshop.ch\/fr\/wp-json\/wp\/v2\/media?parent=60189"}],"wp:term":[{"taxonomy":"product_brand","embeddable":true,"href":"https:\/\/www.teleskopshop.ch\/fr\/wp-json\/wp\/v2\/product_brand?post=60189"},{"taxonomy":"product_cat","embeddable":true,"href":"https:\/\/www.teleskopshop.ch\/fr\/wp-json\/wp\/v2\/product_cat?post=60189"},{"taxonomy":"product_tag","embeddable":true,"href":"https:\/\/www.teleskopshop.ch\/fr\/wp-json\/wp\/v2\/product_tag?post=60189"}],"curies":[{"name":"wp","href":"https:\/\/api.w.org\/{rel}","templated":true}]}}