{"id":60186,"date":"2023-12-18T00:00:00","date_gmt":"2023-12-17T23:00:00","guid":{"rendered":"https:\/\/2025.teleskopshop.ch\/shop\/non%20class\u00e9\/baader-eq-klemmbacken-fuer-stronghold\/"},"modified":"2025-01-25T12:02:23","modified_gmt":"2025-01-25T11:02:23","slug":"baader-eq-klemmbacken-fuer-stronghold","status":"publish","type":"product","link":"https:\/\/www.teleskopshop.ch\/fr\/shop\/montures\/accessoires\/baader-eq-klemmbacken-fuer-stronghold\/","title":{"rendered":"M\u00e2choires de serrage Baader EQ pour Stronghold"},"content":{"rendered":"<p>Le jeu suppl\u00e9mentaire de m\u00e2choires de serrage pour la t\u00eate \u00e0 engrenage Stronghold<br \/>\n# 2450317 permet de monter le Stronghold au niveau GP<br \/>\nrail de prisme.<br \/>\nCe deuxi\u00e8me jeu de m\u00e2choires EQ peut \u00eatre utilis\u00e9 en plus de l&rsquo;im<br \/>\nPince EQ incluse sur le dessous du Stronghold<br \/>\n\u00e0 assembler. La forteresse peut ainsi \u00e0 un niveau Vixen &#8211;<br \/>\nLe rail peut \u00eatre r\u00e9par\u00e9 et en m\u00eame temps vous pouvez obtenir un niveau GP<br \/>\nBarre de serrage en queue d&rsquo;aronde.<\/p>\n","protected":false},"excerpt":{"rendered":"<p>Le jeu suppl\u00e9mentaire de m\u00e2choires de serrage pour la t\u00eate \u00e0 engrenage Stronghold # 2450317 permet de monter le Stronghold au niveau GP rail de prisme. Ce deuxi\u00e8me jeu de m\u00e2choires EQ peut \u00eatre utilis\u00e9 en plus de l&rsquo;im Pince EQ incluse sur le dessous du Stronghold \u00e0 assembler. La forteresse peut ainsi \u00e0 un [&hellip;]<\/p>\n","protected":false},"featured_media":9166,"comment_status":"closed","ping_status":"open","template":"","meta":{"_acf_changed":false},"product_brand":[679],"product_cat":[1315],"product_tag":[],"class_list":{"0":"post-60186","1":"product","2":"type-product","3":"status-publish","4":"has-post-thumbnail","6":"product_brand-baader","7":"product_cat-accessoires","9":"first","10":"instock","11":"taxable","12":"shipping-taxable","13":"purchasable","14":"product-type-simple"},"acf":[],"_links":{"self":[{"href":"https:\/\/www.teleskopshop.ch\/fr\/wp-json\/wp\/v2\/product\/60186","targetHints":{"allow":["GET"]}}],"collection":[{"href":"https:\/\/www.teleskopshop.ch\/fr\/wp-json\/wp\/v2\/product"}],"about":[{"href":"https:\/\/www.teleskopshop.ch\/fr\/wp-json\/wp\/v2\/types\/product"}],"replies":[{"embeddable":true,"href":"https:\/\/www.teleskopshop.ch\/fr\/wp-json\/wp\/v2\/comments?post=60186"}],"wp:featuredmedia":[{"embeddable":true,"href":"https:\/\/www.teleskopshop.ch\/fr\/wp-json\/wp\/v2\/media\/9166"}],"wp:attachment":[{"href":"https:\/\/www.teleskopshop.ch\/fr\/wp-json\/wp\/v2\/media?parent=60186"}],"wp:term":[{"taxonomy":"product_brand","embeddable":true,"href":"https:\/\/www.teleskopshop.ch\/fr\/wp-json\/wp\/v2\/product_brand?post=60186"},{"taxonomy":"product_cat","embeddable":true,"href":"https:\/\/www.teleskopshop.ch\/fr\/wp-json\/wp\/v2\/product_cat?post=60186"},{"taxonomy":"product_tag","embeddable":true,"href":"https:\/\/www.teleskopshop.ch\/fr\/wp-json\/wp\/v2\/product_tag?post=60186"}],"curies":[{"name":"wp","href":"https:\/\/api.w.org\/{rel}","templated":true}]}}