{"id":60141,"date":"2023-12-18T00:00:00","date_gmt":"2023-12-17T23:00:00","guid":{"rendered":"https:\/\/2025.teleskopshop.ch\/shop\/non%20class\u00e9\/celestron-universalmontageplatte-avx\/"},"modified":"2025-01-25T11:52:44","modified_gmt":"2025-01-25T10:52:44","slug":"celestron-universalmontageplatte-avx","status":"publish","type":"product","link":"https:\/\/www.teleskopshop.ch\/fr\/shop\/montures\/accessoires\/celestron-universalmontageplatte-avx\/","title":{"rendered":"Plaque de montage universelle Celestron AVX"},"content":{"rendered":"<p>Cette plaque de montage universelle s&rsquo;adapte aux supports CG5 (par exemple<br \/>\nOmni, Advanced VX, AS-GT). Vous y trouverez de nombreux accessoires<br \/>\ntels que des anneaux de tuyau, des port\u00e9es de guidage, etc.<br \/>\nLongueur : 255 mm.<br \/>\nId\u00e9al pour connecter la monture directement \u00e0 une cam\u00e9ra, sans tube de t\u00e9lescope,<br \/>\n\u00e9quiper.<\/p>\n","protected":false},"excerpt":{"rendered":"<p>Cette plaque de montage universelle s&rsquo;adapte aux supports CG5 (par exemple Omni, Advanced VX, AS-GT). Vous y trouverez de nombreux accessoires tels que des anneaux de tuyau, des port\u00e9es de guidage, etc. Longueur : 255 mm. Id\u00e9al pour connecter la monture directement \u00e0 une cam\u00e9ra, sans tube de t\u00e9lescope, \u00e9quiper.<\/p>\n","protected":false},"featured_media":8078,"comment_status":"closed","ping_status":"open","template":"","meta":{"_acf_changed":false},"product_brand":[674],"product_cat":[1315],"product_tag":[],"class_list":{"0":"post-60141","1":"product","2":"type-product","3":"status-publish","4":"has-post-thumbnail","6":"product_brand-celestron","7":"product_cat-accessoires","9":"first","10":"instock","11":"taxable","12":"shipping-taxable","13":"purchasable","14":"product-type-simple"},"acf":[],"_links":{"self":[{"href":"https:\/\/www.teleskopshop.ch\/fr\/wp-json\/wp\/v2\/product\/60141","targetHints":{"allow":["GET"]}}],"collection":[{"href":"https:\/\/www.teleskopshop.ch\/fr\/wp-json\/wp\/v2\/product"}],"about":[{"href":"https:\/\/www.teleskopshop.ch\/fr\/wp-json\/wp\/v2\/types\/product"}],"replies":[{"embeddable":true,"href":"https:\/\/www.teleskopshop.ch\/fr\/wp-json\/wp\/v2\/comments?post=60141"}],"wp:featuredmedia":[{"embeddable":true,"href":"https:\/\/www.teleskopshop.ch\/fr\/wp-json\/wp\/v2\/media\/8078"}],"wp:attachment":[{"href":"https:\/\/www.teleskopshop.ch\/fr\/wp-json\/wp\/v2\/media?parent=60141"}],"wp:term":[{"taxonomy":"product_brand","embeddable":true,"href":"https:\/\/www.teleskopshop.ch\/fr\/wp-json\/wp\/v2\/product_brand?post=60141"},{"taxonomy":"product_cat","embeddable":true,"href":"https:\/\/www.teleskopshop.ch\/fr\/wp-json\/wp\/v2\/product_cat?post=60141"},{"taxonomy":"product_tag","embeddable":true,"href":"https:\/\/www.teleskopshop.ch\/fr\/wp-json\/wp\/v2\/product_tag?post=60141"}],"curies":[{"name":"wp","href":"https:\/\/api.w.org\/{rel}","templated":true}]}}