{"id":60120,"date":"2023-12-18T00:00:00","date_gmt":"2023-12-17T23:00:00","guid":{"rendered":"https:\/\/2025.teleskopshop.ch\/shop\/non%20class\u00e9\/celestron-cgx-925-hd-sct\/"},"modified":"2025-07-17T12:54:44","modified_gmt":"2025-07-17T10:54:44","slug":"celestron-cgx-925-hd-sct","status":"publish","type":"product","link":"https:\/\/www.teleskopshop.ch\/fr\/shop\/montures\/montures-go-to\/celestron-cgx-925-hd-sct\/","title":{"rendered":"Celestron CGX 925 HD SCT"},"content":{"rendered":"<p>KOMPLETT NEU ENTWICKELT &#8211; 25 kg fotografische Nutzlast und verbesserte<br \/>\nStabilit\u00e4t.<br \/>\nMit der von Grund auf neu entwickelten parallaktischen CGX hat<br \/>\nCelestron eine zeitgem\u00e4sse Montierung geschaffen, die auf die<br \/>\nBed\u00fcrfnisse von visuellen Beobachtern wie auch von Astrofotografen<br \/>\nausgerichtet ist: Kompakt, solide, innovativ.<br \/>\nDank der kompakten Bauweise ist sie stabiler und steifer als ihre<br \/>\nVorg\u00e4nger und bietet einige neue, innovative Eigenschaften und eine<br \/>\nneue Steuersoftware, die ideal f\u00fcr den automatischen- oder den<br \/>\nRemote-Betrieb geeignet ist.<br \/>\n+ Grossz\u00fcgige 25 kg fotografische Nutzlast, 2&quot; Schwerlast Stahlstativ<br \/>\n  mit Markierungen zu schnellen Einstellen der H\u00f6he<br \/>\n+ Angefederte Schneckenr\u00e4der mit Zahnriemen, die das Getriebespiel<br \/>\n  minimieren, f\u00fcr k\u00fcrzere Reaktionszeiten<br \/>\n+ Interne Verkabelung, Strom- und Zubeh\u00f6ranschl\u00fcsse bewegen sich nicht<br \/>\n  mit der Montierung mit<br \/>\n+ Verbesserte Ergonime durch verbesserte Einstellung der Polh\u00f6he und<br \/>\n  intuitive Tragegriffe<br \/>\n+ Home- und Begrenzungs-Switche &#8211; interne Hardware-Stops f\u00fcr R.A. und<br \/>\n  Dek, um Kabelgewirr und Kollisionen mit dem Stativ zu vermeiden<br \/>\n+ F\u00fchrt bis zu 20\u00ba beiderseits \u00fcber den Meridian nach, unterst\u00fctzt<br \/>\n  die SkyPortal-, WiFi- und StarSense AutoAlign Module.<br \/>\n+ Beinhaltet eine ausgekl\u00fcgelte neue Steuersoftware, die gemeinsam mit<br \/>\n  Planewave Instruments entwickelt wurde. Beherrscht multi-point Go-To<br \/>\n  Modeling, Fokussieren und Plate Solving.<br \/>\n  Verbindung auf den PC mit Kabel USB-A &#8211; USB-B<br \/>\n+ Gewicht der Montierung: 20 kg &#8211; Gewicht des Stativs: 8,7 kg<br \/>\nDer Artikel besteht aus mehreren Paketen.<\/p>\n","protected":false},"excerpt":{"rendered":"<p>KOMPLETT NEU ENTWICKELT &#8211; 25 kg fotografische Nutzlast und verbesserte Stabilit\u00e4t. Mit der von Grund auf neu entwickelten parallaktischen CGX hat Celestron eine zeitgem\u00e4sse Montierung geschaffen, die auf die Bed\u00fcrfnisse von visuellen Beobachtern wie auch von Astrofotografen ausgerichtet ist: Kompakt, solide, innovativ. Dank der kompakten Bauweise ist sie stabiler und steifer als ihre Vorg\u00e4nger und [&hellip;]<\/p>\n","protected":false},"featured_media":8382,"comment_status":"closed","ping_status":"closed","template":"","meta":{"_acf_changed":false},"product_brand":[674],"product_cat":[1288],"product_tag":[],"class_list":{"0":"post-60120","1":"product","2":"type-product","3":"status-publish","4":"has-post-thumbnail","6":"product_brand-celestron","7":"product_cat-montures-go-to","9":"first","10":"instock","11":"sale","12":"taxable","13":"shipping-taxable","14":"purchasable","15":"product-type-simple"},"acf":[],"_links":{"self":[{"href":"https:\/\/www.teleskopshop.ch\/fr\/wp-json\/wp\/v2\/product\/60120","targetHints":{"allow":["GET"]}}],"collection":[{"href":"https:\/\/www.teleskopshop.ch\/fr\/wp-json\/wp\/v2\/product"}],"about":[{"href":"https:\/\/www.teleskopshop.ch\/fr\/wp-json\/wp\/v2\/types\/product"}],"replies":[{"embeddable":true,"href":"https:\/\/www.teleskopshop.ch\/fr\/wp-json\/wp\/v2\/comments?post=60120"}],"wp:featuredmedia":[{"embeddable":true,"href":"https:\/\/www.teleskopshop.ch\/fr\/wp-json\/wp\/v2\/media\/8382"}],"wp:attachment":[{"href":"https:\/\/www.teleskopshop.ch\/fr\/wp-json\/wp\/v2\/media?parent=60120"}],"wp:term":[{"taxonomy":"product_brand","embeddable":true,"href":"https:\/\/www.teleskopshop.ch\/fr\/wp-json\/wp\/v2\/product_brand?post=60120"},{"taxonomy":"product_cat","embeddable":true,"href":"https:\/\/www.teleskopshop.ch\/fr\/wp-json\/wp\/v2\/product_cat?post=60120"},{"taxonomy":"product_tag","embeddable":true,"href":"https:\/\/www.teleskopshop.ch\/fr\/wp-json\/wp\/v2\/product_tag?post=60120"}],"curies":[{"name":"wp","href":"https:\/\/api.w.org\/{rel}","templated":true}]}}