{"id":60114,"date":"2023-12-18T00:00:00","date_gmt":"2023-12-17T23:00:00","guid":{"rendered":"https:\/\/2025.teleskopshop.ch\/shop\/non%20class\u00e9\/baader-doppelmontage-set\/"},"modified":"2025-01-25T11:59:02","modified_gmt":"2025-01-25T10:59:02","slug":"baader-doppelmontage-set","status":"publish","type":"product","link":"https:\/\/www.teleskopshop.ch\/fr\/shop\/montures\/systemes-de-montage-double\/baader-doppelmontage-set\/","title":{"rendered":"Kit de montage double Baader"},"content":{"rendered":"<p>Kit de montage double Baader, compos\u00e9 d&rsquo;une plaque de maintien de la pince de lunette de guidage<br \/>\npour la taille des bagues de lunette de guidage I et II (#1500330), pince \u00e0 queue d&rsquo;aronde de type V<br \/>\n70 mm (#2451530) et t\u00eate tangentielle Stronghold #2450310.<br \/>\n&#8211; Kit de montage double sophistiqu\u00e9 avec de nombreuses fixations et<br \/>\n possibilit\u00e9s de serrage.<br \/>\n&#8211; Pour un alignement pr\u00e9cis et parall\u00e8le de deux OTA avec \u00ab\u00a0Vixen\u00a0\u00bb<br \/>\n (Celestron\/SkyWatcher, etc.) Pinces \u00e0 queue d&rsquo;aronde, ainsi que pour<br \/>\n Tarage fin des deux t\u00e9lescopes sur un 3&Prime; r\u00e9glable lat\u00e9ralement<br \/>\n plaque en queue d&rsquo;aronde.<br \/>\n&#8211; Longueur totale du plateau : 300mm, largeur : 100mm<br \/>\n&#8211; Au lieu de la fonction queue d&rsquo;aronde, cette plaque de 3&Prime; peut \u00e9galement \u00eatre utilis\u00e9e avec<br \/>\n quatre vis centr\u00e9es sur 10Micron (GM2000) et de nombreux Astro<br \/>\n Physique, etc. T\u00eates Dec qui utilisent le mod\u00e8le de boulon standard<br \/>\n de 3,2&Prime;. Au centre de la plaque se trouve un 3\/8&Prime;<br \/>\n Fil photo, de sorte que la plaque peut \u00e9galement \u00eatre mont\u00e9e sur un tr\u00e9pied photo stable<br \/>\n peut \u00eatre mont\u00e9.<\/p>\n","protected":false},"excerpt":{"rendered":"<p>Kit de montage double Baader, compos\u00e9 d&rsquo;une plaque de maintien de la pince de lunette de guidage pour la taille des bagues de lunette de guidage I et II (#1500330), pince \u00e0 queue d&rsquo;aronde de type V 70 mm (#2451530) et t\u00eate tangentielle Stronghold #2450310. &#8211; Kit de montage double sophistiqu\u00e9 avec de nombreuses fixations [&hellip;]<\/p>\n","protected":false},"featured_media":9942,"comment_status":"closed","ping_status":"open","template":"","meta":{"_acf_changed":false},"product_brand":[679],"product_cat":[1285],"product_tag":[],"class_list":{"0":"post-60114","1":"product","2":"type-product","3":"status-publish","4":"has-post-thumbnail","6":"product_brand-baader","7":"product_cat-systemes-de-montage-double","9":"first","10":"instock","11":"taxable","12":"shipping-taxable","13":"purchasable","14":"product-type-simple"},"acf":[],"_links":{"self":[{"href":"https:\/\/www.teleskopshop.ch\/fr\/wp-json\/wp\/v2\/product\/60114","targetHints":{"allow":["GET"]}}],"collection":[{"href":"https:\/\/www.teleskopshop.ch\/fr\/wp-json\/wp\/v2\/product"}],"about":[{"href":"https:\/\/www.teleskopshop.ch\/fr\/wp-json\/wp\/v2\/types\/product"}],"replies":[{"embeddable":true,"href":"https:\/\/www.teleskopshop.ch\/fr\/wp-json\/wp\/v2\/comments?post=60114"}],"wp:featuredmedia":[{"embeddable":true,"href":"https:\/\/www.teleskopshop.ch\/fr\/wp-json\/wp\/v2\/media\/9942"}],"wp:attachment":[{"href":"https:\/\/www.teleskopshop.ch\/fr\/wp-json\/wp\/v2\/media?parent=60114"}],"wp:term":[{"taxonomy":"product_brand","embeddable":true,"href":"https:\/\/www.teleskopshop.ch\/fr\/wp-json\/wp\/v2\/product_brand?post=60114"},{"taxonomy":"product_cat","embeddable":true,"href":"https:\/\/www.teleskopshop.ch\/fr\/wp-json\/wp\/v2\/product_cat?post=60114"},{"taxonomy":"product_tag","embeddable":true,"href":"https:\/\/www.teleskopshop.ch\/fr\/wp-json\/wp\/v2\/product_tag?post=60114"}],"curies":[{"name":"wp","href":"https:\/\/api.w.org\/{rel}","templated":true}]}}