{"id":60111,"date":"2023-12-18T00:00:00","date_gmt":"2023-12-17T23:00:00","guid":{"rendered":"https:\/\/2025.teleskopshop.ch\/shop\/non%20class\u00e9\/baader-t-2-maxbright-zenitspiegel-1-1-4\/"},"modified":"2025-01-25T11:52:37","modified_gmt":"2025-01-25T10:52:37","slug":"baader-t-2-maxbright-zenitspiegel-1-1-4","status":"publish","type":"product","link":"https:\/\/www.teleskopshop.ch\/fr\/shop\/optique\/extensions-optiques\/miroirs-diagonaux-et-prismes\/baader-t-2-maxbright-zenitspiegel-1-1-4\/","title":{"rendered":"Miroir Baader T-2 Maxbright\/Z\u00e9nith 1 1\/4&Prime;"},"content":{"rendered":"<p>Diagonale en \u00e9toile Baader T2 Maxbright avec qualit\u00e9 de surface lambda 1\/10 &#8211;<br \/>\nMiroir diagonal flexible avec la meilleure transmission pour une parfaite<br \/>\nFigure au t\u00e9lescope.<br \/>\nVitroc\u00e9ramique Sitall &#8211; pas de coefficient de dilatation. 140<br \/>\nCouches de rev\u00eatement pour une r\u00e9flexion de 99 % &#8211; r\u00e9sistant aux rayures et \u00e0 vie<br \/>\ndurable.<br \/>\nFiletage interne T2 c\u00f4t\u00e9 t\u00e9lescope &#8211; Filetage externe T2 c\u00f4t\u00e9 oculaire<br \/>\nRev\u00eatement miroir \u00e0 99 % avec rev\u00eatement di\u00e9lectrique selon la norme d&rsquo;usine Zeiss.<br \/>\nBo\u00eetier particuli\u00e8rement robuste avec connexion T2 des deux c\u00f4t\u00e9s et un<br \/>\nExcellente qualit\u00e9 optique. Ouverture plus nette (35 mm) qu&rsquo;avec<br \/>\n1,25&Prime; et donc une image plus grande &#8211; peut m\u00eame \u00eatre utilis\u00e9 avec des oculaires de 2&Prime;.<\/p>\n","protected":false},"excerpt":{"rendered":"<p>Diagonale en \u00e9toile Baader T2 Maxbright avec qualit\u00e9 de surface lambda 1\/10 &#8211; Miroir diagonal flexible avec la meilleure transmission pour une parfaite Figure au t\u00e9lescope. Vitroc\u00e9ramique Sitall &#8211; pas de coefficient de dilatation. 140 Couches de rev\u00eatement pour une r\u00e9flexion de 99 % &#8211; r\u00e9sistant aux rayures et \u00e0 vie durable. Filetage interne T2 [&hellip;]<\/p>\n","protected":false},"featured_media":8242,"comment_status":"closed","ping_status":"open","template":"","meta":{"_acf_changed":false},"product_brand":[679],"product_cat":[1651,1339],"product_tag":[],"class_list":{"0":"post-60111","1":"product","2":"type-product","3":"status-publish","4":"has-post-thumbnail","6":"product_brand-baader","7":"product_cat-miroirs-diagonaux-et-prismes","8":"product_cat-optique","10":"first","11":"instock","12":"taxable","13":"shipping-taxable","14":"purchasable","15":"product-type-simple"},"acf":[],"_links":{"self":[{"href":"https:\/\/www.teleskopshop.ch\/fr\/wp-json\/wp\/v2\/product\/60111","targetHints":{"allow":["GET"]}}],"collection":[{"href":"https:\/\/www.teleskopshop.ch\/fr\/wp-json\/wp\/v2\/product"}],"about":[{"href":"https:\/\/www.teleskopshop.ch\/fr\/wp-json\/wp\/v2\/types\/product"}],"replies":[{"embeddable":true,"href":"https:\/\/www.teleskopshop.ch\/fr\/wp-json\/wp\/v2\/comments?post=60111"}],"wp:featuredmedia":[{"embeddable":true,"href":"https:\/\/www.teleskopshop.ch\/fr\/wp-json\/wp\/v2\/media\/8242"}],"wp:attachment":[{"href":"https:\/\/www.teleskopshop.ch\/fr\/wp-json\/wp\/v2\/media?parent=60111"}],"wp:term":[{"taxonomy":"product_brand","embeddable":true,"href":"https:\/\/www.teleskopshop.ch\/fr\/wp-json\/wp\/v2\/product_brand?post=60111"},{"taxonomy":"product_cat","embeddable":true,"href":"https:\/\/www.teleskopshop.ch\/fr\/wp-json\/wp\/v2\/product_cat?post=60111"},{"taxonomy":"product_tag","embeddable":true,"href":"https:\/\/www.teleskopshop.ch\/fr\/wp-json\/wp\/v2\/product_tag?post=60111"}],"curies":[{"name":"wp","href":"https:\/\/api.w.org\/{rel}","templated":true}]}}