{"id":60108,"date":"2023-12-18T00:00:00","date_gmt":"2023-12-17T23:00:00","guid":{"rendered":"https:\/\/2025.teleskopshop.ch\/shop\/non%20class\u00e9\/baader-t-2-zenitprisma-1-1-4-1b\/"},"modified":"2025-01-25T11:52:36","modified_gmt":"2025-01-25T10:52:36","slug":"baader-t-2-zenitprisma-1-1-4-1b","status":"publish","type":"product","link":"https:\/\/www.teleskopshop.ch\/fr\/shop\/optique\/extensions-optiques\/miroirs-diagonaux-et-prismes\/baader-t-2-zenitprisma-1-1-4-1b\/","title":{"rendered":"Baader T-2 prisme diagonal 1 1\/4 1B"},"content":{"rendered":"<p>Prisme diagonal Baader T-2 (prisme Zeiss, avec T-2 m\u00e2le\/femelle<br \/>\nfil photos).<br \/>\nLe prisme diagonal Zeiss Jena T2 offre une grande ouverture, vous avez<br \/>\nenviron 35 mm d&rsquo;ouverture libre, ce qui est nettement plus qu&rsquo;avec 1,25&Prime;. Le T2<br \/>\nLe bo\u00eetier permet \u00e9galement la connexion gr\u00e2ce \u00e0 des adaptations 2&Prime; appropri\u00e9es<br \/>\n\u00e0 2&Prime;, c\u00f4t\u00e9 oculaire et c\u00f4t\u00e9 t\u00e9lescope. Cette application fait<br \/>\nSense, avec des appareils qui ont une mise au point arri\u00e8re tr\u00e8s serr\u00e9e, o\u00f9 aller avec<br \/>\nla diagonale en \u00e9toile normale de 2 \u00ab\u00a0n&rsquo;est plus nette.<br \/>\nVous pouvez utiliser des oculaires de 2\u00a0\u00bb jusqu&rsquo;\u00e0 environ 40 mm d&rsquo;arr\u00eat de champ, malgr\u00e9 le<br \/>\nprismes un peu plus petits, la vue ne devient pas plus agit\u00e9e, seulement que<br \/>\nbord ext\u00e9rieur devient un peu plus sombre.<\/p>\n","protected":false},"excerpt":{"rendered":"<p>Prisme diagonal Baader T-2 (prisme Zeiss, avec T-2 m\u00e2le\/femelle fil photos). Le prisme diagonal Zeiss Jena T2 offre une grande ouverture, vous avez environ 35 mm d&rsquo;ouverture libre, ce qui est nettement plus qu&rsquo;avec 1,25&Prime;. Le T2 Le bo\u00eetier permet \u00e9galement la connexion gr\u00e2ce \u00e0 des adaptations 2&Prime; appropri\u00e9es \u00e0 2&Prime;, c\u00f4t\u00e9 oculaire et c\u00f4t\u00e9 [&hellip;]<\/p>\n","protected":false},"featured_media":8238,"comment_status":"closed","ping_status":"open","template":"","meta":{"_acf_changed":false},"product_brand":[679],"product_cat":[1651,1339],"product_tag":[],"class_list":{"0":"post-60108","1":"product","2":"type-product","3":"status-publish","4":"has-post-thumbnail","6":"product_brand-baader","7":"product_cat-miroirs-diagonaux-et-prismes","8":"product_cat-optique","10":"first","11":"instock","12":"taxable","13":"shipping-taxable","14":"purchasable","15":"product-type-simple"},"acf":[],"_links":{"self":[{"href":"https:\/\/www.teleskopshop.ch\/fr\/wp-json\/wp\/v2\/product\/60108","targetHints":{"allow":["GET"]}}],"collection":[{"href":"https:\/\/www.teleskopshop.ch\/fr\/wp-json\/wp\/v2\/product"}],"about":[{"href":"https:\/\/www.teleskopshop.ch\/fr\/wp-json\/wp\/v2\/types\/product"}],"replies":[{"embeddable":true,"href":"https:\/\/www.teleskopshop.ch\/fr\/wp-json\/wp\/v2\/comments?post=60108"}],"wp:featuredmedia":[{"embeddable":true,"href":"https:\/\/www.teleskopshop.ch\/fr\/wp-json\/wp\/v2\/media\/8238"}],"wp:attachment":[{"href":"https:\/\/www.teleskopshop.ch\/fr\/wp-json\/wp\/v2\/media?parent=60108"}],"wp:term":[{"taxonomy":"product_brand","embeddable":true,"href":"https:\/\/www.teleskopshop.ch\/fr\/wp-json\/wp\/v2\/product_brand?post=60108"},{"taxonomy":"product_cat","embeddable":true,"href":"https:\/\/www.teleskopshop.ch\/fr\/wp-json\/wp\/v2\/product_cat?post=60108"},{"taxonomy":"product_tag","embeddable":true,"href":"https:\/\/www.teleskopshop.ch\/fr\/wp-json\/wp\/v2\/product_tag?post=60108"}],"curies":[{"name":"wp","href":"https:\/\/api.w.org\/{rel}","templated":true}]}}