{"id":60084,"date":"2023-12-18T00:00:00","date_gmt":"2023-12-17T23:00:00","guid":{"rendered":"https:\/\/2025.teleskopshop.ch\/shop\/non%20class\u00e9\/baader-netzadapter-12-8v-19w-1-5a\/"},"modified":"2025-01-25T12:02:42","modified_gmt":"2025-01-25T11:02:42","slug":"baader-netzadapter-12-8v-19w-1-5a","status":"publish","type":"product","link":"https:\/\/www.teleskopshop.ch\/fr\/shop\/astronomie-accessoires-fr\/alimentation-electrique\/baader-netzadapter-12-8v-19w-1-5a\/","title":{"rendered":"Adaptateur secteur Baader 12.8V 19W, 1.5A"},"content":{"rendered":"<p>Alimentation con\u00e7ue pour une utilisation en ext\u00e9rieur par temps froid<br \/>\nPrise interchangeable pour EU \/ US \/ UK incluse.<br \/>\nSortie 12.8V DC \/ 1.5 Amp (19 Watt).<br \/>\nGrande r\u00e9serve de marche m\u00eame par temps froid &#8211; adapt\u00e9 \u00e0 des temp\u00e9ratures de<br \/>\n-25\u00b0 \u00e0 +40\u00b0.<br \/>\nLongueur de c\u00e2ble de 2,5 m incl. Polarit\u00e9 inverse prot\u00e9g\u00e9e D\u00e9connexion protectrice<br \/>\nPrise coud\u00e9e 5.5mm \/ 2.1mm<\/p>\n","protected":false},"excerpt":{"rendered":"<p>Alimentation con\u00e7ue pour une utilisation en ext\u00e9rieur par temps froid Prise interchangeable pour EU \/ US \/ UK incluse. Sortie 12.8V DC \/ 1.5 Amp (19 Watt). Grande r\u00e9serve de marche m\u00eame par temps froid &#8211; adapt\u00e9 \u00e0 des temp\u00e9ratures de -25\u00b0 \u00e0 +40\u00b0. Longueur de c\u00e2ble de 2,5 m incl. Polarit\u00e9 inverse prot\u00e9g\u00e9e D\u00e9connexion [&hellip;]<\/p>\n","protected":false},"featured_media":9354,"comment_status":"closed","ping_status":"open","template":"","meta":{"_acf_changed":false},"product_brand":[679],"product_cat":[1654,1756],"product_tag":[],"class_list":{"0":"post-60084","1":"product","2":"type-product","3":"status-publish","4":"has-post-thumbnail","6":"product_brand-baader","7":"product_cat-astronomie-accessoires-fr","8":"product_cat-alimentation-electrique","10":"first","11":"instock","12":"taxable","13":"shipping-taxable","14":"purchasable","15":"product-type-simple"},"acf":[],"_links":{"self":[{"href":"https:\/\/www.teleskopshop.ch\/fr\/wp-json\/wp\/v2\/product\/60084","targetHints":{"allow":["GET"]}}],"collection":[{"href":"https:\/\/www.teleskopshop.ch\/fr\/wp-json\/wp\/v2\/product"}],"about":[{"href":"https:\/\/www.teleskopshop.ch\/fr\/wp-json\/wp\/v2\/types\/product"}],"replies":[{"embeddable":true,"href":"https:\/\/www.teleskopshop.ch\/fr\/wp-json\/wp\/v2\/comments?post=60084"}],"wp:featuredmedia":[{"embeddable":true,"href":"https:\/\/www.teleskopshop.ch\/fr\/wp-json\/wp\/v2\/media\/9354"}],"wp:attachment":[{"href":"https:\/\/www.teleskopshop.ch\/fr\/wp-json\/wp\/v2\/media?parent=60084"}],"wp:term":[{"taxonomy":"product_brand","embeddable":true,"href":"https:\/\/www.teleskopshop.ch\/fr\/wp-json\/wp\/v2\/product_brand?post=60084"},{"taxonomy":"product_cat","embeddable":true,"href":"https:\/\/www.teleskopshop.ch\/fr\/wp-json\/wp\/v2\/product_cat?post=60084"},{"taxonomy":"product_tag","embeddable":true,"href":"https:\/\/www.teleskopshop.ch\/fr\/wp-json\/wp\/v2\/product_tag?post=60084"}],"curies":[{"name":"wp","href":"https:\/\/api.w.org\/{rel}","templated":true}]}}