{"id":60017,"date":"2023-12-18T00:00:00","date_gmt":"2023-12-17T23:00:00","guid":{"rendered":"https:\/\/2025.teleskopshop.ch\/shop\/non%20class\u00e9\/baader-koffer-fuer-herschel-prisma\/"},"modified":"2025-01-25T11:52:36","modified_gmt":"2025-01-25T10:52:36","slug":"baader-koffer-fuer-herschel-prisma","status":"publish","type":"product","link":"https:\/\/www.teleskopshop.ch\/fr\/shop\/astronomie-accessoires-fr\/protection-et-transport\/baader-koffer-fuer-herschel-prisma\/","title":{"rendered":"Etui Baader pour prisme Herschel"},"content":{"rendered":"<p>Mallette pour prisme de s\u00e9curit\u00e9 Herschel avec compartiments pouvant contenir jusqu&rsquo;\u00e0 5 filtres<\/p>\n","protected":false},"excerpt":{"rendered":"<p>Mallette pour prisme de s\u00e9curit\u00e9 Herschel avec compartiments pouvant contenir jusqu&rsquo;\u00e0 5 filtres<\/p>\n","protected":false},"featured_media":8230,"comment_status":"closed","ping_status":"open","template":"","meta":{"_acf_changed":false},"product_brand":[679],"product_cat":[1654,1750],"product_tag":[],"class_list":{"0":"post-60017","1":"product","2":"type-product","3":"status-publish","4":"has-post-thumbnail","6":"product_brand-baader","7":"product_cat-astronomie-accessoires-fr","8":"product_cat-protection-et-transport","10":"first","11":"instock","12":"taxable","13":"shipping-taxable","14":"purchasable","15":"product-type-simple"},"acf":[],"_links":{"self":[{"href":"https:\/\/www.teleskopshop.ch\/fr\/wp-json\/wp\/v2\/product\/60017","targetHints":{"allow":["GET"]}}],"collection":[{"href":"https:\/\/www.teleskopshop.ch\/fr\/wp-json\/wp\/v2\/product"}],"about":[{"href":"https:\/\/www.teleskopshop.ch\/fr\/wp-json\/wp\/v2\/types\/product"}],"replies":[{"embeddable":true,"href":"https:\/\/www.teleskopshop.ch\/fr\/wp-json\/wp\/v2\/comments?post=60017"}],"wp:featuredmedia":[{"embeddable":true,"href":"https:\/\/www.teleskopshop.ch\/fr\/wp-json\/wp\/v2\/media\/8230"}],"wp:attachment":[{"href":"https:\/\/www.teleskopshop.ch\/fr\/wp-json\/wp\/v2\/media?parent=60017"}],"wp:term":[{"taxonomy":"product_brand","embeddable":true,"href":"https:\/\/www.teleskopshop.ch\/fr\/wp-json\/wp\/v2\/product_brand?post=60017"},{"taxonomy":"product_cat","embeddable":true,"href":"https:\/\/www.teleskopshop.ch\/fr\/wp-json\/wp\/v2\/product_cat?post=60017"},{"taxonomy":"product_tag","embeddable":true,"href":"https:\/\/www.teleskopshop.ch\/fr\/wp-json\/wp\/v2\/product_tag?post=60017"}],"curies":[{"name":"wp","href":"https:\/\/api.w.org\/{rel}","templated":true}]}}