{"id":60008,"date":"2023-12-18T00:00:00","date_gmt":"2023-12-17T23:00:00","guid":{"rendered":"https:\/\/2025.teleskopshop.ch\/shop\/non%20class\u00e9\/baader-filterbox-65x65-mm-stapelbar\/"},"modified":"2025-01-25T11:58:26","modified_gmt":"2025-01-25T10:58:26","slug":"baader-filterbox-65x65-mm-stapelbar","status":"publish","type":"product","link":"https:\/\/www.teleskopshop.ch\/fr\/shop\/astronomie-accessoires-fr\/protection-et-transport\/baader-filterbox-65x65-mm-stapelbar\/","title":{"rendered":"Caisson filtrant Baader 65&#215;65 mm empilable"},"content":{"rendered":"<p>Bo\u00eete \u00e0 filtres empilable sur tous les c\u00f4t\u00e9s pour filtres jusqu\u2019\u00e0 65 x 65mm ;<br \/>\nPour l\u2019installation ult\u00e9rieure : depuis environ 2010 inclus avec tous les filtres Baader<br \/>\ncontenir;<br \/>\nLes bo\u00eetes de filtre Baader peuvent \u00eatre empil\u00e9es lat\u00e9ralement et les unes sur les autres pour cr\u00e9er un<br \/>\nAssemblez l\u2019\u00e9tag\u00e8re \u00e0 filtre fixe. Chaque filtre est ensuite soigneusement<br \/>\ndans son propre tiroir et est \u00e9tiquet\u00e9 par l\u2019avant,<br \/>\nLe nombre et la taille du filtre sont marqu\u00e9s ;<br \/>\nDimensions ext\u00e9rieures sans bandes coulissantes lat\u00e9rales, poign\u00e9e de tiroir et<br \/>\nDispositif de suspension (largeur x longueur x hauteur) : 74,5 x 73 x 21,5 mm ;<br \/>\nSurface int\u00e9rieure : 67 x 68 mm<\/p>\n","protected":false},"excerpt":{"rendered":"<p>Bo\u00eete \u00e0 filtres empilable sur tous les c\u00f4t\u00e9s pour filtres jusqu\u2019\u00e0 65 x 65mm ; Pour l\u2019installation ult\u00e9rieure : depuis environ 2010 inclus avec tous les filtres Baader contenir; Les bo\u00eetes de filtre Baader peuvent \u00eatre empil\u00e9es lat\u00e9ralement et les unes sur les autres pour cr\u00e9er un Assemblez l\u2019\u00e9tag\u00e8re \u00e0 filtre fixe. Chaque filtre est [&hellip;]<\/p>\n","protected":false},"featured_media":10326,"comment_status":"closed","ping_status":"open","template":"","meta":{"_acf_changed":false},"product_brand":[679],"product_cat":[1654,1750],"product_tag":[],"class_list":{"0":"post-60008","1":"product","2":"type-product","3":"status-publish","4":"has-post-thumbnail","6":"product_brand-baader","7":"product_cat-astronomie-accessoires-fr","8":"product_cat-protection-et-transport","10":"first","11":"instock","12":"taxable","13":"shipping-taxable","14":"purchasable","15":"product-type-simple"},"acf":[],"_links":{"self":[{"href":"https:\/\/www.teleskopshop.ch\/fr\/wp-json\/wp\/v2\/product\/60008","targetHints":{"allow":["GET"]}}],"collection":[{"href":"https:\/\/www.teleskopshop.ch\/fr\/wp-json\/wp\/v2\/product"}],"about":[{"href":"https:\/\/www.teleskopshop.ch\/fr\/wp-json\/wp\/v2\/types\/product"}],"replies":[{"embeddable":true,"href":"https:\/\/www.teleskopshop.ch\/fr\/wp-json\/wp\/v2\/comments?post=60008"}],"wp:featuredmedia":[{"embeddable":true,"href":"https:\/\/www.teleskopshop.ch\/fr\/wp-json\/wp\/v2\/media\/10326"}],"wp:attachment":[{"href":"https:\/\/www.teleskopshop.ch\/fr\/wp-json\/wp\/v2\/media?parent=60008"}],"wp:term":[{"taxonomy":"product_brand","embeddable":true,"href":"https:\/\/www.teleskopshop.ch\/fr\/wp-json\/wp\/v2\/product_brand?post=60008"},{"taxonomy":"product_cat","embeddable":true,"href":"https:\/\/www.teleskopshop.ch\/fr\/wp-json\/wp\/v2\/product_cat?post=60008"},{"taxonomy":"product_tag","embeddable":true,"href":"https:\/\/www.teleskopshop.ch\/fr\/wp-json\/wp\/v2\/product_tag?post=60008"}],"curies":[{"name":"wp","href":"https:\/\/api.w.org\/{rel}","templated":true}]}}