{"id":60002,"date":"2023-12-18T00:00:00","date_gmt":"2023-12-17T23:00:00","guid":{"rendered":"https:\/\/2025.teleskopshop.ch\/shop\/non%20class\u00e9\/baader-amici-prisma-90-beidseitig-2\/"},"modified":"2025-01-25T11:58:07","modified_gmt":"2025-01-25T10:58:07","slug":"baader-amici-prisma-90-beidseitig-2","status":"publish","type":"product","link":"https:\/\/www.teleskopshop.ch\/fr\/shop\/optique\/extensions-optiques\/miroirs-diagonaux-et-prismes\/baader-amici-prisma-90-beidseitig-2\/","title":{"rendered":"Prisme Baader Amici 90\u00b0, 2&Prime; des deux c\u00f4t\u00e9s"},"content":{"rendered":"<p>Prisme Amici 90\u00b0 avec monture d&rsquo;oculaire 2&Prime; et canon 2&Prime;<br \/>\nY compris manchon de r\u00e9duction 2&Prime; \u00e0 1\u00bc\u00a0\u00bb<br \/>\nExcellent pour l&rsquo;observation terrestre avec 2&Prime;<br \/>\noculaires.<br \/>\nNe convient pas aux grossissements \u00e9lev\u00e9s &#8211; pour ceux de haute qualit\u00e9<br \/>\nil est pr\u00e9f\u00e9rable d&rsquo;utiliser des images astronomiques \u00e0 fort grossissement<br \/>\nnos miroirs et prismes normaux, puisque le bord du toit a ce qu&rsquo;on appelle la \u00ab\u00a0fendue\u00a0\u00bb<br \/>\neffet et le long chemin lumineux produit une aberration chromatique.<\/p>\n","protected":false},"excerpt":{"rendered":"<p>Prisme Amici 90\u00b0 avec monture d&rsquo;oculaire 2&Prime; et canon 2&Prime; Y compris manchon de r\u00e9duction 2&Prime; \u00e0 1\u00bc\u00a0\u00bb Excellent pour l&rsquo;observation terrestre avec 2&Prime; oculaires. Ne convient pas aux grossissements \u00e9lev\u00e9s &#8211; pour ceux de haute qualit\u00e9 il est pr\u00e9f\u00e9rable d&rsquo;utiliser des images astronomiques \u00e0 fort grossissement nos miroirs et prismes normaux, puisque le bord [&hellip;]<\/p>\n","protected":false},"featured_media":10510,"comment_status":"closed","ping_status":"open","template":"","meta":{"_acf_changed":false},"product_brand":[679],"product_cat":[1651,1339],"product_tag":[],"class_list":{"0":"post-60002","1":"product","2":"type-product","3":"status-publish","4":"has-post-thumbnail","6":"product_brand-baader","7":"product_cat-miroirs-diagonaux-et-prismes","8":"product_cat-optique","10":"first","11":"instock","12":"taxable","13":"shipping-taxable","14":"purchasable","15":"product-type-simple"},"acf":[],"_links":{"self":[{"href":"https:\/\/www.teleskopshop.ch\/fr\/wp-json\/wp\/v2\/product\/60002","targetHints":{"allow":["GET"]}}],"collection":[{"href":"https:\/\/www.teleskopshop.ch\/fr\/wp-json\/wp\/v2\/product"}],"about":[{"href":"https:\/\/www.teleskopshop.ch\/fr\/wp-json\/wp\/v2\/types\/product"}],"replies":[{"embeddable":true,"href":"https:\/\/www.teleskopshop.ch\/fr\/wp-json\/wp\/v2\/comments?post=60002"}],"wp:featuredmedia":[{"embeddable":true,"href":"https:\/\/www.teleskopshop.ch\/fr\/wp-json\/wp\/v2\/media\/10510"}],"wp:attachment":[{"href":"https:\/\/www.teleskopshop.ch\/fr\/wp-json\/wp\/v2\/media?parent=60002"}],"wp:term":[{"taxonomy":"product_brand","embeddable":true,"href":"https:\/\/www.teleskopshop.ch\/fr\/wp-json\/wp\/v2\/product_brand?post=60002"},{"taxonomy":"product_cat","embeddable":true,"href":"https:\/\/www.teleskopshop.ch\/fr\/wp-json\/wp\/v2\/product_cat?post=60002"},{"taxonomy":"product_tag","embeddable":true,"href":"https:\/\/www.teleskopshop.ch\/fr\/wp-json\/wp\/v2\/product_tag?post=60002"}],"curies":[{"name":"wp","href":"https:\/\/api.w.org\/{rel}","templated":true}]}}