{"id":59993,"date":"2023-12-18T00:00:00","date_gmt":"2023-12-17T23:00:00","guid":{"rendered":"https:\/\/2025.teleskopshop.ch\/shop\/non%20class\u00e9\/celestron-thermistor-dewheater-control\/"},"modified":"2025-01-25T11:51:04","modified_gmt":"2025-01-25T10:51:04","slug":"celestron-thermistor-dewheater-control","status":"publish","type":"product","link":"https:\/\/www.teleskopshop.ch\/fr\/shop\/astronomie-accessoires-fr\/exterieur\/celestron-thermistor-dewheater-control\/","title":{"rendered":"Contr\u00f4le DewHeater \u00e0 thermistance Celestron."},"content":{"rendered":"<p>Interrupteur thermique pour r\u00e9gulateur de chauffage.<br \/>\n\u00c9liminez les devinettes lors de l&rsquo;utilisation<br \/>\nRubans chauffants tiers et augmentez votre efficacit\u00e9 \u00e9nerg\u00e9tique<br \/>\navec la thermistance Celestron pour des commandes intelligentes DewHeater.<br \/>\nCet accessoire permet au Smart DewHeater Controller (s\u00e9par\u00e9<br \/>\ndisponible), juste ce qu&rsquo;il faut de chaleur pour le correcteur de votre<br \/>\npour livrer des t\u00e9lescopes sans gaspiller la batterie.<br \/>\nComment \u00e7a fonctionne:<br \/>\nConnectez le ruban chauffant \u00e0 votre t\u00e9lescope et placez le<br \/>\npointe de sonde \u00e0 thermistance scell\u00e9e sous le ruban chauffant.<br \/>\nBranchez chaque c\u00e2ble dans son port correspondant sur le Smart<br \/>\nContr\u00f4le du DewHeater.<br \/>\nREMARQUE : L&rsquo;anneau chauffant Celestron Dew Heater n&rsquo;a pas cet interrupteur<br \/>\navait besoin. Il a d\u00e9j\u00e0 une thermistance int\u00e9gr\u00e9e.<\/p>\n","protected":false},"excerpt":{"rendered":"<p>Interrupteur thermique pour r\u00e9gulateur de chauffage. \u00c9liminez les devinettes lors de l&rsquo;utilisation Rubans chauffants tiers et augmentez votre efficacit\u00e9 \u00e9nerg\u00e9tique avec la thermistance Celestron pour des commandes intelligentes DewHeater. Cet accessoire permet au Smart DewHeater Controller (s\u00e9par\u00e9 disponible), juste ce qu&rsquo;il faut de chaleur pour le correcteur de votre pour livrer des t\u00e9lescopes sans gaspiller [&hellip;]<\/p>\n","protected":false},"featured_media":8678,"comment_status":"closed","ping_status":"open","template":"","meta":{"_acf_changed":false},"product_brand":[674],"product_cat":[1654,1741],"product_tag":[],"class_list":{"0":"post-59993","1":"product","2":"type-product","3":"status-publish","4":"has-post-thumbnail","6":"product_brand-celestron","7":"product_cat-astronomie-accessoires-fr","8":"product_cat-exterieur","10":"first","11":"instock","12":"taxable","13":"shipping-taxable","14":"purchasable","15":"product-type-simple"},"acf":[],"_links":{"self":[{"href":"https:\/\/www.teleskopshop.ch\/fr\/wp-json\/wp\/v2\/product\/59993","targetHints":{"allow":["GET"]}}],"collection":[{"href":"https:\/\/www.teleskopshop.ch\/fr\/wp-json\/wp\/v2\/product"}],"about":[{"href":"https:\/\/www.teleskopshop.ch\/fr\/wp-json\/wp\/v2\/types\/product"}],"replies":[{"embeddable":true,"href":"https:\/\/www.teleskopshop.ch\/fr\/wp-json\/wp\/v2\/comments?post=59993"}],"wp:featuredmedia":[{"embeddable":true,"href":"https:\/\/www.teleskopshop.ch\/fr\/wp-json\/wp\/v2\/media\/8678"}],"wp:attachment":[{"href":"https:\/\/www.teleskopshop.ch\/fr\/wp-json\/wp\/v2\/media?parent=59993"}],"wp:term":[{"taxonomy":"product_brand","embeddable":true,"href":"https:\/\/www.teleskopshop.ch\/fr\/wp-json\/wp\/v2\/product_brand?post=59993"},{"taxonomy":"product_cat","embeddable":true,"href":"https:\/\/www.teleskopshop.ch\/fr\/wp-json\/wp\/v2\/product_cat?post=59993"},{"taxonomy":"product_tag","embeddable":true,"href":"https:\/\/www.teleskopshop.ch\/fr\/wp-json\/wp\/v2\/product_tag?post=59993"}],"curies":[{"name":"wp","href":"https:\/\/api.w.org\/{rel}","templated":true}]}}