{"id":59987,"date":"2023-12-18T00:00:00","date_gmt":"2023-12-17T23:00:00","guid":{"rendered":"https:\/\/2025.teleskopshop.ch\/shop\/non%20class\u00e9\/celestron-smart-dewheater-controller-2x\/"},"modified":"2025-01-25T11:51:02","modified_gmt":"2025-01-25T10:51:02","slug":"celestron-smart-dewheater-controller-2x","status":"publish","type":"product","link":"https:\/\/www.teleskopshop.ch\/fr\/shop\/astronomie-accessoires-fr\/exterieur\/celestron-smart-dewheater-controller-2x\/","title":{"rendered":"Celestron Smart DewHeater Contr\u00f4leur 2x"},"content":{"rendered":"<p>R\u00e9gulateur de chauffage 2x pour anneau de chauffage.<br \/>\nLe syst\u00e8me Smart Control surveille la temp\u00e9rature ambiante et<br \/>\nl&rsquo;humidit\u00e9 et ajuste automatiquement les performances des r\u00e9chauffeurs de ros\u00e9e<br \/>\n\u00e0.<br \/>\nCompatible avec les anneaux chauffants Celestron Dew et les bandes chauffantes<br \/>\nTierce partie (avec accessoire de thermistance.<br \/>\nPrend en charge jusqu&rsquo;\u00e0 deux r\u00e9chauffeurs de ros\u00e9e plus un 12 V CC suppl\u00e9mentaire<br \/>\np\u00e9riph\u00e9rique, par exemple votre monture.<br \/>\nFonctionne avec votre t\u00e9l\u00e9commande de t\u00e9lescope Celestron ou le<br \/>\nLogiciel de contr\u00f4le du t\u00e9lescope CPWI pour visualiser les donn\u00e9es et le manuel<br \/>\npeut faire des ajustements.<br \/>\nSe fixe \u00e0 la queue d&rsquo;aronde ou \u00e0 la jambe du tr\u00e9pied de votre t\u00e9lescope<br \/>\nattach\u00e9.<br \/>\nBo\u00eetier m\u00e9tallique robuste avec ventilateur int\u00e9gr\u00e9 pour prot\u00e9ger le<br \/>\n\u00e9lectronique du contr\u00f4leur.<br \/>\nLe Smart DewHeater and Controller 2x est livr\u00e9 avec une batterie rechargeable 12V DC,<br \/>\npar exemple PowerTank Lithium Pro, actionn\u00e9 (non inclus)<\/p>\n","protected":false},"excerpt":{"rendered":"<p>R\u00e9gulateur de chauffage 2x pour anneau de chauffage. Le syst\u00e8me Smart Control surveille la temp\u00e9rature ambiante et l&rsquo;humidit\u00e9 et ajuste automatiquement les performances des r\u00e9chauffeurs de ros\u00e9e \u00e0. Compatible avec les anneaux chauffants Celestron Dew et les bandes chauffantes Tierce partie (avec accessoire de thermistance. Prend en charge jusqu&rsquo;\u00e0 deux r\u00e9chauffeurs de ros\u00e9e plus un [&hellip;]<\/p>\n","protected":false},"featured_media":8670,"comment_status":"closed","ping_status":"open","template":"","meta":{"_acf_changed":false},"product_brand":[674],"product_cat":[1654,1741],"product_tag":[],"class_list":{"0":"post-59987","1":"product","2":"type-product","3":"status-publish","4":"has-post-thumbnail","6":"product_brand-celestron","7":"product_cat-astronomie-accessoires-fr","8":"product_cat-exterieur","10":"first","11":"instock","12":"taxable","13":"shipping-taxable","14":"purchasable","15":"product-type-simple"},"acf":[],"_links":{"self":[{"href":"https:\/\/www.teleskopshop.ch\/fr\/wp-json\/wp\/v2\/product\/59987","targetHints":{"allow":["GET"]}}],"collection":[{"href":"https:\/\/www.teleskopshop.ch\/fr\/wp-json\/wp\/v2\/product"}],"about":[{"href":"https:\/\/www.teleskopshop.ch\/fr\/wp-json\/wp\/v2\/types\/product"}],"replies":[{"embeddable":true,"href":"https:\/\/www.teleskopshop.ch\/fr\/wp-json\/wp\/v2\/comments?post=59987"}],"wp:featuredmedia":[{"embeddable":true,"href":"https:\/\/www.teleskopshop.ch\/fr\/wp-json\/wp\/v2\/media\/8670"}],"wp:attachment":[{"href":"https:\/\/www.teleskopshop.ch\/fr\/wp-json\/wp\/v2\/media?parent=59987"}],"wp:term":[{"taxonomy":"product_brand","embeddable":true,"href":"https:\/\/www.teleskopshop.ch\/fr\/wp-json\/wp\/v2\/product_brand?post=59987"},{"taxonomy":"product_cat","embeddable":true,"href":"https:\/\/www.teleskopshop.ch\/fr\/wp-json\/wp\/v2\/product_cat?post=59987"},{"taxonomy":"product_tag","embeddable":true,"href":"https:\/\/www.teleskopshop.ch\/fr\/wp-json\/wp\/v2\/product_tag?post=59987"}],"curies":[{"name":"wp","href":"https:\/\/api.w.org\/{rel}","templated":true}]}}