{"id":59984,"date":"2023-12-18T00:00:00","date_gmt":"2023-12-17T23:00:00","guid":{"rendered":"https:\/\/2025.teleskopshop.ch\/shop\/non%20class\u00e9\/celestron-dew-heater-ring-14\/"},"modified":"2025-01-25T11:51:00","modified_gmt":"2025-01-25T10:51:00","slug":"celestron-dew-heater-ring-14","status":"publish","type":"product","link":"https:\/\/www.teleskopshop.ch\/fr\/shop\/astronomie-accessoires-fr\/exterieur\/celestron-dew-heater-ring-14\/","title":{"rendered":"Anneau chauffant Celestron Dew, 14&Prime;"},"content":{"rendered":"<p>Anneau chauffant 14&Prime; pour protection contre la ros\u00e9e.<br \/>\nL&rsquo;anneau de chauffage de ros\u00e9e remplace l&rsquo;anneau de retenue en plastique sur votre Schmidt<br \/>\noptique et assure un chauffage efficace de l&rsquo;ensemble de l&rsquo;optique.<br \/>\nL&rsquo;anneau est en aluminium l\u00e9ger et durable.<br \/>\nContrairement \u00e0 d&rsquo;autres rubans ou bandes chauffants qui chauffent la lentille<br \/>\nchauffer de mani\u00e8re inefficace, l&rsquo;anneau de chauffage de ros\u00e9e Celestron chauffe<br \/>\nlentille correctrice directement, fournissant le transfert de chaleur le plus efficace,<br \/>\npour \u00e9viter la formation de ros\u00e9e.<br \/>\nConnectez l&rsquo;anneau \u00e0 une source d&rsquo;alimentation externe 12V DC.<br \/>\nL&rsquo;anneau de chauffage de ros\u00e9e a deux clips pour maintenir l&rsquo;alimentation et<br \/>\nGardez les prises de thermistance en s\u00e9curit\u00e9 lorsqu&rsquo;elles ne sont pas utilis\u00e9es et en m\u00eame temps<br \/>\nle cache-poussi\u00e8re du t\u00e9lescope.<br \/>\nLe Dew Heater Ring est \u00e9galement livr\u00e9 avec un clip de cordon fourni avec<br \/>\nreli\u00e9 \u00e0 la bague avant du t\u00e9lescope.<br \/>\nL&rsquo;anneau de chauffage de ros\u00e9e est livr\u00e9 complet avec&nbsp;:<br \/>\n&#8211; Anneau de chauffage de ros\u00e9e<br \/>\n&#8211; Clip de c\u00e2ble<br \/>\n&#8211; Cordon d&rsquo;extension pour la connexion \u00e9lectrique<\/p>\n","protected":false},"excerpt":{"rendered":"<p>Anneau chauffant 14&Prime; pour protection contre la ros\u00e9e. L&rsquo;anneau de chauffage de ros\u00e9e remplace l&rsquo;anneau de retenue en plastique sur votre Schmidt optique et assure un chauffage efficace de l&rsquo;ensemble de l&rsquo;optique. L&rsquo;anneau est en aluminium l\u00e9ger et durable. Contrairement \u00e0 d&rsquo;autres rubans ou bandes chauffants qui chauffent la lentille chauffer de mani\u00e8re inefficace, l&rsquo;anneau [&hellip;]<\/p>\n","protected":false},"featured_media":8666,"comment_status":"closed","ping_status":"open","template":"","meta":{"_acf_changed":false},"product_brand":[674],"product_cat":[1654,1741],"product_tag":[],"class_list":{"0":"post-59984","1":"product","2":"type-product","3":"status-publish","4":"has-post-thumbnail","6":"product_brand-celestron","7":"product_cat-astronomie-accessoires-fr","8":"product_cat-exterieur","10":"first","11":"instock","12":"taxable","13":"shipping-taxable","14":"purchasable","15":"product-type-simple"},"acf":[],"_links":{"self":[{"href":"https:\/\/www.teleskopshop.ch\/fr\/wp-json\/wp\/v2\/product\/59984","targetHints":{"allow":["GET"]}}],"collection":[{"href":"https:\/\/www.teleskopshop.ch\/fr\/wp-json\/wp\/v2\/product"}],"about":[{"href":"https:\/\/www.teleskopshop.ch\/fr\/wp-json\/wp\/v2\/types\/product"}],"replies":[{"embeddable":true,"href":"https:\/\/www.teleskopshop.ch\/fr\/wp-json\/wp\/v2\/comments?post=59984"}],"wp:featuredmedia":[{"embeddable":true,"href":"https:\/\/www.teleskopshop.ch\/fr\/wp-json\/wp\/v2\/media\/8666"}],"wp:attachment":[{"href":"https:\/\/www.teleskopshop.ch\/fr\/wp-json\/wp\/v2\/media?parent=59984"}],"wp:term":[{"taxonomy":"product_brand","embeddable":true,"href":"https:\/\/www.teleskopshop.ch\/fr\/wp-json\/wp\/v2\/product_brand?post=59984"},{"taxonomy":"product_cat","embeddable":true,"href":"https:\/\/www.teleskopshop.ch\/fr\/wp-json\/wp\/v2\/product_cat?post=59984"},{"taxonomy":"product_tag","embeddable":true,"href":"https:\/\/www.teleskopshop.ch\/fr\/wp-json\/wp\/v2\/product_tag?post=59984"}],"curies":[{"name":"wp","href":"https:\/\/api.w.org\/{rel}","templated":true}]}}