{"id":59957,"date":"2023-12-18T00:00:00","date_gmt":"2023-12-17T23:00:00","guid":{"rendered":"https:\/\/2025.teleskopshop.ch\/shop\/non%20class\u00e9\/celestron-aluminum-dew-shield-8\/"},"modified":"2025-01-25T11:51:04","modified_gmt":"2025-01-25T10:51:04","slug":"celestron-aluminum-dew-shield-8","status":"publish","type":"product","link":"https:\/\/www.teleskopshop.ch\/fr\/shop\/astronomie-accessoires-fr\/exterieur\/celestron-aluminum-dew-shield-8\/","title":{"rendered":"Bouclier de ros\u00e9e en aluminium Celestron, 8&Prime;"},"content":{"rendered":"<p>Pare-ros\u00e9e 8&Prime; en aluminium.<br \/>\nEmp\u00eache la formation de ros\u00e9e sur le verre correcteur Schmidt.<br \/>\nEmp\u00eache les reflets (\u00e9blouissement en dehors du champ de vision.<br \/>\nCorps rigide avec int\u00e9rieur doubl\u00e9 de velours pour r\u00e9duire<br \/>\nlumi\u00e8re diffus\u00e9e.<br \/>\nDeux clips r\u00e9glables pour un montage facile sur l&rsquo;optique &#8211; parfait<br \/>\npour utiliser la configuration Fastar\/Hyperstar ou dans<br \/>\nConnexion avec un Celestron Dew Heater Ring.<br \/>\nUn capuchon inclus maintient votre t\u00e9lescope en place lorsqu&rsquo;il n&rsquo;est pas utilis\u00e9<br \/>\nsans poussi\u00e8re.<\/p>\n","protected":false},"excerpt":{"rendered":"<p>Pare-ros\u00e9e 8&Prime; en aluminium. Emp\u00eache la formation de ros\u00e9e sur le verre correcteur Schmidt. Emp\u00eache les reflets (\u00e9blouissement en dehors du champ de vision. Corps rigide avec int\u00e9rieur doubl\u00e9 de velours pour r\u00e9duire lumi\u00e8re diffus\u00e9e. Deux clips r\u00e9glables pour un montage facile sur l&rsquo;optique &#8211; parfait pour utiliser la configuration Fastar\/Hyperstar ou dans Connexion avec [&hellip;]<\/p>\n","protected":false},"featured_media":8630,"comment_status":"closed","ping_status":"open","template":"","meta":{"_acf_changed":false},"product_brand":[674],"product_cat":[1654,1741],"product_tag":[],"class_list":{"0":"post-59957","1":"product","2":"type-product","3":"status-publish","4":"has-post-thumbnail","6":"product_brand-celestron","7":"product_cat-astronomie-accessoires-fr","8":"product_cat-exterieur","10":"first","11":"instock","12":"taxable","13":"shipping-taxable","14":"purchasable","15":"product-type-simple"},"acf":[],"_links":{"self":[{"href":"https:\/\/www.teleskopshop.ch\/fr\/wp-json\/wp\/v2\/product\/59957","targetHints":{"allow":["GET"]}}],"collection":[{"href":"https:\/\/www.teleskopshop.ch\/fr\/wp-json\/wp\/v2\/product"}],"about":[{"href":"https:\/\/www.teleskopshop.ch\/fr\/wp-json\/wp\/v2\/types\/product"}],"replies":[{"embeddable":true,"href":"https:\/\/www.teleskopshop.ch\/fr\/wp-json\/wp\/v2\/comments?post=59957"}],"wp:featuredmedia":[{"embeddable":true,"href":"https:\/\/www.teleskopshop.ch\/fr\/wp-json\/wp\/v2\/media\/8630"}],"wp:attachment":[{"href":"https:\/\/www.teleskopshop.ch\/fr\/wp-json\/wp\/v2\/media?parent=59957"}],"wp:term":[{"taxonomy":"product_brand","embeddable":true,"href":"https:\/\/www.teleskopshop.ch\/fr\/wp-json\/wp\/v2\/product_brand?post=59957"},{"taxonomy":"product_cat","embeddable":true,"href":"https:\/\/www.teleskopshop.ch\/fr\/wp-json\/wp\/v2\/product_cat?post=59957"},{"taxonomy":"product_tag","embeddable":true,"href":"https:\/\/www.teleskopshop.ch\/fr\/wp-json\/wp\/v2\/product_tag?post=59957"}],"curies":[{"name":"wp","href":"https:\/\/api.w.org\/{rel}","templated":true}]}}