{"id":59948,"date":"2023-12-18T00:00:00","date_gmt":"2023-12-17T23:00:00","guid":{"rendered":"https:\/\/2025.teleskopshop.ch\/shop\/non%20class\u00e9\/celestron-taukappe-dx-c9-25-c11\/"},"modified":"2025-01-25T11:52:04","modified_gmt":"2025-01-25T10:52:04","slug":"celestron-taukappe-dx-c9-25-c11","status":"publish","type":"product","link":"https:\/\/www.teleskopshop.ch\/fr\/shop\/astronomie-accessoires-fr\/exterieur\/celestron-taukappe-dx-c9-25-c11\/","title":{"rendered":"Pare-bu\u00e9e Celestron DX C9.25-C11"},"content":{"rendered":"<p>Emp\u00eache la formation de ros\u00e9e sur votre Schmidt-Cassegrain ou<br \/>\nOptique Edge HD.<br \/>\nConvient aux tubes optiques de 9,25&Prime; et 11&Prime;.<br \/>\nD\u00e9coupe pour le rail en queue d&rsquo;aronde du t\u00e9lescope.<br \/>\nLa surface int\u00e9rieure doubl\u00e9e de feutre absorbe l&rsquo;humidit\u00e9 et<br \/>\nr\u00e9duit la lumi\u00e8re parasite.<br \/>\nEnroulable pour un transport facile<\/p>\n","protected":false},"excerpt":{"rendered":"<p>Emp\u00eache la formation de ros\u00e9e sur votre Schmidt-Cassegrain ou Optique Edge HD. Convient aux tubes optiques de 9,25&Prime; et 11&Prime;. D\u00e9coupe pour le rail en queue d&rsquo;aronde du t\u00e9lescope. La surface int\u00e9rieure doubl\u00e9e de feutre absorbe l&rsquo;humidit\u00e9 et r\u00e9duit la lumi\u00e8re parasite. Enroulable pour un transport facile<\/p>\n","protected":false},"featured_media":8574,"comment_status":"closed","ping_status":"open","template":"","meta":{"_acf_changed":false},"product_brand":[674],"product_cat":[1654,1741],"product_tag":[],"class_list":{"0":"post-59948","1":"product","2":"type-product","3":"status-publish","4":"has-post-thumbnail","6":"product_brand-celestron","7":"product_cat-astronomie-accessoires-fr","8":"product_cat-exterieur","10":"first","11":"instock","12":"taxable","13":"shipping-taxable","14":"purchasable","15":"product-type-simple"},"acf":[],"_links":{"self":[{"href":"https:\/\/www.teleskopshop.ch\/fr\/wp-json\/wp\/v2\/product\/59948","targetHints":{"allow":["GET"]}}],"collection":[{"href":"https:\/\/www.teleskopshop.ch\/fr\/wp-json\/wp\/v2\/product"}],"about":[{"href":"https:\/\/www.teleskopshop.ch\/fr\/wp-json\/wp\/v2\/types\/product"}],"replies":[{"embeddable":true,"href":"https:\/\/www.teleskopshop.ch\/fr\/wp-json\/wp\/v2\/comments?post=59948"}],"wp:featuredmedia":[{"embeddable":true,"href":"https:\/\/www.teleskopshop.ch\/fr\/wp-json\/wp\/v2\/media\/8574"}],"wp:attachment":[{"href":"https:\/\/www.teleskopshop.ch\/fr\/wp-json\/wp\/v2\/media?parent=59948"}],"wp:term":[{"taxonomy":"product_brand","embeddable":true,"href":"https:\/\/www.teleskopshop.ch\/fr\/wp-json\/wp\/v2\/product_brand?post=59948"},{"taxonomy":"product_cat","embeddable":true,"href":"https:\/\/www.teleskopshop.ch\/fr\/wp-json\/wp\/v2\/product_cat?post=59948"},{"taxonomy":"product_tag","embeddable":true,"href":"https:\/\/www.teleskopshop.ch\/fr\/wp-json\/wp\/v2\/product_tag?post=59948"}],"curies":[{"name":"wp","href":"https:\/\/api.w.org\/{rel}","templated":true}]}}