{"id":59942,"date":"2023-12-18T00:00:00","date_gmt":"2023-12-17T23:00:00","guid":{"rendered":"https:\/\/2025.teleskopshop.ch\/shop\/non%20class\u00e9\/celestron-barlow-t-adapter-2x-1-25\/"},"modified":"2025-01-25T11:52:47","modified_gmt":"2025-01-25T10:52:47","slug":"celestron-barlow-t-adapter-2x-1-25","status":"publish","type":"product","link":"https:\/\/www.teleskopshop.ch\/fr\/shop\/astronomie-accessoires-fr\/exterieur\/celestron-barlow-t-adapter-2x-1-25\/","title":{"rendered":"Adaptateur Celestron Barlow T 2x 1.25&Prime;"},"content":{"rendered":"<p>Adaptateur en T Barlow Universel &#8211; 1,25 pouce<br \/>\nConvient \u00e9galement aux r\u00e9flecteurs Newton.<br \/>\nAdaptateur en T universel de 1,25&Prime;, similaire \u00e0 122407 mais avec l&rsquo;ajout de<br \/>\nune lentille de Barlow 2x int\u00e9gr\u00e9e pour le visuel ou<br \/>\nusage photographique. Double le grossissement d&rsquo;un oculaire.<br \/>\nAvec les adaptateurs en T Celestron, les appareils photo reflex 35 mm<br \/>\n(35 mm) dans le foyer principal du t\u00e9lescope ou d&rsquo;une longue-vue<br \/>\n\u00eatre reli\u00e9. De cette fa\u00e7on, vous pouvez terrestre<br \/>\nmais aussi prendre des photos de la lune et des plan\u00e8tes. Pour profond<br \/>\nPhotographie du ciel, vous avez besoin d&rsquo;une port\u00e9e de guidage suppl\u00e9mentaire.<br \/>\nUn anneau en T est n\u00e9cessaire pour la cam\u00e9ra respective pour les adaptateurs en T.<\/p>\n","protected":false},"excerpt":{"rendered":"<p>Adaptateur en T Barlow Universel &#8211; 1,25 pouce Convient \u00e9galement aux r\u00e9flecteurs Newton. Adaptateur en T universel de 1,25&Prime;, similaire \u00e0 122407 mais avec l&rsquo;ajout de une lentille de Barlow 2x int\u00e9gr\u00e9e pour le visuel ou usage photographique. Double le grossissement d&rsquo;un oculaire. Avec les adaptateurs en T Celestron, les appareils photo reflex 35 mm [&hellip;]<\/p>\n","protected":false},"featured_media":8010,"comment_status":"closed","ping_status":"open","template":"","meta":{"_acf_changed":false},"product_brand":[674],"product_cat":[1654,1741],"product_tag":[],"class_list":{"0":"post-59942","1":"product","2":"type-product","3":"status-publish","4":"has-post-thumbnail","6":"product_brand-celestron","7":"product_cat-astronomie-accessoires-fr","8":"product_cat-exterieur","10":"first","11":"instock","12":"taxable","13":"shipping-taxable","14":"purchasable","15":"product-type-simple"},"acf":[],"_links":{"self":[{"href":"https:\/\/www.teleskopshop.ch\/fr\/wp-json\/wp\/v2\/product\/59942","targetHints":{"allow":["GET"]}}],"collection":[{"href":"https:\/\/www.teleskopshop.ch\/fr\/wp-json\/wp\/v2\/product"}],"about":[{"href":"https:\/\/www.teleskopshop.ch\/fr\/wp-json\/wp\/v2\/types\/product"}],"replies":[{"embeddable":true,"href":"https:\/\/www.teleskopshop.ch\/fr\/wp-json\/wp\/v2\/comments?post=59942"}],"wp:featuredmedia":[{"embeddable":true,"href":"https:\/\/www.teleskopshop.ch\/fr\/wp-json\/wp\/v2\/media\/8010"}],"wp:attachment":[{"href":"https:\/\/www.teleskopshop.ch\/fr\/wp-json\/wp\/v2\/media?parent=59942"}],"wp:term":[{"taxonomy":"product_brand","embeddable":true,"href":"https:\/\/www.teleskopshop.ch\/fr\/wp-json\/wp\/v2\/product_brand?post=59942"},{"taxonomy":"product_cat","embeddable":true,"href":"https:\/\/www.teleskopshop.ch\/fr\/wp-json\/wp\/v2\/product_cat?post=59942"},{"taxonomy":"product_tag","embeddable":true,"href":"https:\/\/www.teleskopshop.ch\/fr\/wp-json\/wp\/v2\/product_tag?post=59942"}],"curies":[{"name":"wp","href":"https:\/\/api.w.org\/{rel}","templated":true}]}}